{"id":581,"date":"2020-11-03T20:31:44","date_gmt":"2020-11-03T23:31:44","guid":{"rendered":"https:\/\/wp.ufpel.edu.br\/sauer\/?page_id=581"},"modified":"2021-10-22T17:25:15","modified_gmt":"2021-10-22T20:25:15","slug":"eratostenes-na-nossa-vida","status":"publish","type":"page","link":"https:\/\/wp.ufpel.edu.br\/sauer\/eratostenes-na-nossa-vida\/","title":{"rendered":"Erat\u00f3stenes na nossa vida"},"content":{"rendered":"<p><img loading=\"lazy\" decoding=\"async\" class=\"size-medium wp-image-659 aligncenter\" src=\"https:\/\/wp.ufpel.edu.br\/sauer\/files\/2020\/12\/WhatsApp-Image-2020-12-07-at-18.44.55-400x225.jpeg\" alt=\"\" width=\"400\" height=\"225\" \/><\/p>\n<h1>Como est\u00e1 a sombra onde voc\u00ea se encontra?<\/h1>\n<p>A sombra pode revelar muito mais do que parece a um primeiro momento.<\/p>\n<p>Podemos utilizar a sombra gerada pelo sol para investigar assuntos\u00a0 relacionados ao nosso planeta.<\/p>\n<h1><strong>Como descobrir a forma daquilo que n\u00e3o se pode tocar?<\/strong><\/h1>\n<p><img loading=\"lazy\" decoding=\"async\" class=\" wp-image-643 aligncenter\" src=\"https:\/\/wp.ufpel.edu.br\/sauer\/files\/2020\/12\/topado-400x348.jpg\" alt=\"\" width=\"338\" height=\"294\" \/><\/p>\n<p>Vivemos em um grande planeta, caminhamos sobre sua superf\u00edcie e exploramos o que se encontra ao nosso redor. Este aspecto explorador da humanidade fez com que a muito se perguntasse sobre o formato da terra. As primeiras suspeitas era que a terra fosse plana. O primeiro experimento que permitiu detectar a curvatura da terra foi realizada pelo fil\u00f3sofo Erat\u00f3stenes.<\/p>\n<h3>Quem foi Erast\u00f3stenes?<\/h3>\n<p><img loading=\"lazy\" decoding=\"async\" class=\"size-full wp-image-646 aligncenter\" src=\"https:\/\/wp.ufpel.edu.br\/sauer\/files\/2020\/12\/erastostenes.jpg\" alt=\"\" width=\"184\" height=\"274\" \/><\/p>\n<p>Erast\u00f3stenes\u00a0 nasceu\u00a0 em Cirene, col\u00f4nia grega do s\u00e9culo VII a.C, localizada na regi\u00e3o onde atualmente se encontra a L\u00edbia. Depois de estudar com o est\u00f3ico Ar\u00edsto em Atenas, tornou-se diretor da Biblioteca de Alexandria. Foi ge\u00f3grafo, fil\u00f3sofo, matem\u00e1tico, poeta e tendo a sua disposi\u00e7\u00e3o a curiosidade e o entusiasmo, utilizou sombras e geometria para detectar que a terra n\u00e3o \u00e9 plana.<\/p>\n<h3><strong>Como foi o experimento que permitiu essa percep\u00e7\u00e3o?<\/strong><\/h3>\n<p>Erat\u00f3stenes tinha o dom de juntar informa\u00e7\u00f5es e assim como todos os povos de origem grega, tinha uma fascina\u00e7\u00e3o pela perfei\u00e7\u00e3o. Dedicado em seu trabalho pela biblioteca, leu um velho pergaminho, no qual tinha um artigo dizendo que no meio-dia de cada 21 de junho (solst\u00edcio de ver\u00e3o no hemisf\u00e9rio norte) na cidade de Siena, 800 km ao sul de Alexandria, uma vareta n\u00e3o produzia sombra alguma.<\/p>\n<ul>\n<li>Da\u00ed ele se perguntou:&#8221; Se a Terra \u00e9 realmente plana, como no mesmo dia e hor\u00e1rio, n\u00e3o h\u00e1 sombra em Siena e h\u00e1 uma sombra com um determinado comprimento em Alexandria?&#8221;<\/li>\n<li><img loading=\"lazy\" decoding=\"async\" class=\"alignnone wp-image-653\" src=\"https:\/\/wp.ufpel.edu.br\/sauer\/files\/2020\/12\/Terra-plana-400x233.png\" alt=\"\" width=\"314\" height=\"183\" \/> <img loading=\"lazy\" decoding=\"async\" class=\"alignnone wp-image-654\" src=\"https:\/\/wp.ufpel.edu.br\/sauer\/files\/2020\/12\/Terra-esfe\u0301rica-400x259.png\" alt=\"\" width=\"282\" height=\"183\" \/><\/li>\n<li>Erat\u00f3stenes decidiu fazer um experimento. Ele mediu o comprimento da sombra em Alexandria ao meio-dia de 21 de junho, quando a vareta em Assu\u00e3, ao Sul do Egito, n\u00e3o produzia sombra. E confirmou que em Alexandria os objetos possuiam sombra. Assim n\u00e3o podemos viver em um plano.<\/li>\n<li><img loading=\"lazy\" decoding=\"async\" class=\"wp-image-653 aligncenter\" src=\"https:\/\/wp.ufpel.edu.br\/sauer\/files\/2020\/12\/Terra-plana-400x233.png\" alt=\"\" width=\"314\" height=\"183\" \/><\/li>\n<li><\/li>\n<li><\/li>\n<\/ul>\n<ul>\n<li>Se viv\u00eassemos em um mundo plano as sombras produzidas com estacas do mesmo tamanho e em um mesmo hor\u00e1rio seriam de mesmo tamanho.<\/li>\n<li>Como as sombras foram diferentes ent\u00e3o o mundo n\u00e3o \u00e9 plano.<\/li>\n<li><img loading=\"lazy\" decoding=\"async\" class=\"wp-image-654 aligncenter\" src=\"https:\/\/wp.ufpel.edu.br\/sauer\/files\/2020\/12\/Terra-esfe\u0301rica-400x259.png\" alt=\"\" width=\"282\" height=\"183\" \/><\/li>\n<li><strong>Simples assim.<\/strong><\/li>\n<\/ul>\n<ul>\n<li>\n<h3>Experimento de Erast\u00f3stenes no solst\u00edcio de ver\u00e3o do hemisf\u00e9rio sul.<\/h3>\n<\/li>\n<\/ul>\n<p>Nossa proposta \u00e9 reproduzir o experimento de Er\u00e1stostenes comparando sombras de hastes de mesmo tamanho em diferentes locais do hemisf\u00e9rio sul e\u00a0 utilizar a tecnologia para comparar estas diferentes sombras.<\/p>\n<p>Voc\u00ea pode fazer download do material explicativo <a href=\"https:\/\/wp.ufpel.edu.br\/sauer\/files\/2021\/10\/erastostenesnavidadia21_final.pdf\">aqui.<\/a><\/p>\n<p>&nbsp;<\/p>\n<p>&nbsp;<\/p>\n<p>&nbsp;<\/p>\n","protected":false},"excerpt":{"rendered":"<p>Como est\u00e1 a sombra onde voc\u00ea se encontra? A sombra pode revelar muito mais do que parece a um primeiro momento. Podemos utilizar a sombra gerada pelo sol para investigar assuntos\u00a0 relacionados ao nosso planeta. Como descobrir a forma daquilo &hellip; <a href=\"https:\/\/wp.ufpel.edu.br\/sauer\/eratostenes-na-nossa-vida\/\">Continue lendo <span class=\"meta-nav\">&rarr;<\/span><\/a><\/p>\n","protected":false},"author":795,"featured_media":0,"parent":0,"menu_order":0,"comment_status":"closed","ping_status":"closed","template":"","meta":{"footnotes":""},"class_list":["post-581","page","type-page","status-publish","hentry"],"_links":{"self":[{"href":"https:\/\/wp.ufpel.edu.br\/sauer\/wp-json\/wp\/v2\/pages\/581","targetHints":{"allow":["GET"]}}],"collection":[{"href":"https:\/\/wp.ufpel.edu.br\/sauer\/wp-json\/wp\/v2\/pages"}],"about":[{"href":"https:\/\/wp.ufpel.edu.br\/sauer\/wp-json\/wp\/v2\/types\/page"}],"author":[{"embeddable":true,"href":"https:\/\/wp.ufpel.edu.br\/sauer\/wp-json\/wp\/v2\/users\/795"}],"replies":[{"embeddable":true,"href":"https:\/\/wp.ufpel.edu.br\/sauer\/wp-json\/wp\/v2\/comments?post=581"}],"version-history":[{"count":23,"href":"https:\/\/wp.ufpel.edu.br\/sauer\/wp-json\/wp\/v2\/pages\/581\/revisions"}],"predecessor-version":[{"id":851,"href":"https:\/\/wp.ufpel.edu.br\/sauer\/wp-json\/wp\/v2\/pages\/581\/revisions\/851"}],"wp:attachment":[{"href":"https:\/\/wp.ufpel.edu.br\/sauer\/wp-json\/wp\/v2\/media?parent=581"}],"curies":[{"name":"wp","href":"https:\/\/api.w.org\/{rel}","templated":true}]}}