{"id":378,"date":"2020-07-09T16:20:17","date_gmt":"2020-07-09T19:20:17","guid":{"rendered":"https:\/\/wp.ufpel.edu.br\/sauer\/?page_id=378"},"modified":"2020-07-09T16:24:36","modified_gmt":"2020-07-09T19:24:36","slug":"projetos","status":"publish","type":"page","link":"https:\/\/wp.ufpel.edu.br\/sauer\/projetos\/","title":{"rendered":"Projetos"},"content":{"rendered":"<p><a href=\"https:\/\/wp.ufpel.edu.br\/sauer\/exposicao-mulheres-na-matematica\/\">Exposi\u00e7\u00e3o Mulheres na Matem\u00e1tica<\/a><\/p>\n<p><a href=\"https:\/\/youtu.be\/3VFVDv7g1cY\">Exposi\u00e7\u00e3o digital 25 anos da\u00a0 Matem\u00e1tica UFPEL<\/a><\/p>\n<p><a href=\"https:\/\/wp.ufpel.edu.br\/matematicanopokemongo\/\">A Matem\u00e1tica do P\u00f3kemon Go<\/a><\/p>\n<p>&nbsp;<\/p>\n<p>&nbsp;<\/p>\n","protected":false},"excerpt":{"rendered":"<p>Exposi\u00e7\u00e3o Mulheres na Matem\u00e1tica Exposi\u00e7\u00e3o digital 25 anos da\u00a0 Matem\u00e1tica UFPEL A Matem\u00e1tica do P\u00f3kemon Go &nbsp; &nbsp;<\/p>\n","protected":false},"author":795,"featured_media":0,"parent":0,"menu_order":0,"comment_status":"closed","ping_status":"closed","template":"","meta":{"footnotes":""},"class_list":["post-378","page","type-page","status-publish","hentry"],"_links":{"self":[{"href":"https:\/\/wp.ufpel.edu.br\/sauer\/wp-json\/wp\/v2\/pages\/378","targetHints":{"allow":["GET"]}}],"collection":[{"href":"https:\/\/wp.ufpel.edu.br\/sauer\/wp-json\/wp\/v2\/pages"}],"about":[{"href":"https:\/\/wp.ufpel.edu.br\/sauer\/wp-json\/wp\/v2\/types\/page"}],"author":[{"embeddable":true,"href":"https:\/\/wp.ufpel.edu.br\/sauer\/wp-json\/wp\/v2\/users\/795"}],"replies":[{"embeddable":true,"href":"https:\/\/wp.ufpel.edu.br\/sauer\/wp-json\/wp\/v2\/comments?post=378"}],"version-history":[{"count":4,"href":"https:\/\/wp.ufpel.edu.br\/sauer\/wp-json\/wp\/v2\/pages\/378\/revisions"}],"predecessor-version":[{"id":382,"href":"https:\/\/wp.ufpel.edu.br\/sauer\/wp-json\/wp\/v2\/pages\/378\/revisions\/382"}],"wp:attachment":[{"href":"https:\/\/wp.ufpel.edu.br\/sauer\/wp-json\/wp\/v2\/media?parent=378"}],"curies":[{"name":"wp","href":"https:\/\/api.w.org\/{rel}","templated":true}]}}