{"id":338,"date":"2020-06-05T17:49:43","date_gmt":"2020-06-05T20:49:43","guid":{"rendered":"https:\/\/wp.ufpel.edu.br\/sauer\/?page_id=338"},"modified":"2020-06-30T20:20:43","modified_gmt":"2020-06-30T23:20:43","slug":"olhares-matematicos","status":"publish","type":"page","link":"https:\/\/wp.ufpel.edu.br\/sauer\/olhares-matematicos\/","title":{"rendered":"Olhares Matem\u00e1ticos"},"content":{"rendered":"<p style=\"text-align: center\"><strong>Ciclo de Palestras:\u00a0 Olhares Matem\u00e1ticos.<\/strong><\/p>\n<p><img loading=\"lazy\" decoding=\"async\" class=\"size-medium wp-image-344 alignleft\" src=\"https:\/\/wp.ufpel.edu.br\/sauer\/files\/2020\/06\/olhares-matematicos2-400x224.png\" alt=\"\" width=\"400\" height=\"224\" srcset=\"https:\/\/wp.ufpel.edu.br\/sauer\/files\/2020\/06\/olhares-matematicos2-400x224.png 400w, https:\/\/wp.ufpel.edu.br\/sauer\/files\/2020\/06\/olhares-matematicos2-768x430.png 768w, https:\/\/wp.ufpel.edu.br\/sauer\/files\/2020\/06\/olhares-matematicos2.png 842w\" sizes=\"auto, (max-width: 400px) 100vw, 400px\" \/>O Ciclo de Palestras: Olhares Matem\u00e1ticos trata-se de um roteiro de palestras selecionadas dentre as desenvolvidas pelo Instituto de Matem\u00e1tica Pura e Aplicada, pela Sociedade Brasileira de Matem\u00e1tica, pela International Mathematical Union e pela USP de S\u00e3o Carlos. Elas estar\u00e3o dispon\u00edveis no ambiente Moodle no per\u00edodo de 01\/07\/2020 a 09\/12\/2010. O p\u00fablico alvo s\u00e3o estudantes de gradua\u00e7\u00e3o e professores da UFPEL.<\/p>\n<p><img loading=\"lazy\" decoding=\"async\" class=\"size-full wp-image-352 aligncenter\" src=\"https:\/\/wp.ufpel.edu.br\/sauer\/files\/2020\/06\/encerradas.png\" alt=\"\" width=\"371\" height=\"136\" \/><\/p>\n<p><strong>Nossa equipe \u00e9 formada por:<\/strong><\/p>\n<p><img loading=\"lazy\" decoding=\"async\" class=\"size-medium wp-image-370 aligncenter\" src=\"https:\/\/wp.ufpel.edu.br\/sauer\/files\/2020\/06\/equipe4-400x357.png\" alt=\"\" width=\"400\" height=\"357\" srcset=\"https:\/\/wp.ufpel.edu.br\/sauer\/files\/2020\/06\/equipe4-400x357.png 400w, https:\/\/wp.ufpel.edu.br\/sauer\/files\/2020\/06\/equipe4.png 610w\" sizes=\"auto, (max-width: 400px) 100vw, 400px\" \/><\/p>\n<p>&nbsp;<\/p>\n","protected":false},"excerpt":{"rendered":"<p>Ciclo de Palestras:\u00a0 Olhares Matem\u00e1ticos. O Ciclo de Palestras: Olhares Matem\u00e1ticos trata-se de um roteiro de palestras selecionadas dentre as desenvolvidas pelo Instituto de Matem\u00e1tica Pura e Aplicada, pela Sociedade Brasileira de Matem\u00e1tica, pela International Mathematical Union e pela USP &hellip; <a href=\"https:\/\/wp.ufpel.edu.br\/sauer\/olhares-matematicos\/\">Continue lendo <span class=\"meta-nav\">&rarr;<\/span><\/a><\/p>\n","protected":false},"author":795,"featured_media":0,"parent":0,"menu_order":0,"comment_status":"closed","ping_status":"closed","template":"","meta":{"footnotes":""},"class_list":["post-338","page","type-page","status-publish","hentry"],"_links":{"self":[{"href":"https:\/\/wp.ufpel.edu.br\/sauer\/wp-json\/wp\/v2\/pages\/338","targetHints":{"allow":["GET"]}}],"collection":[{"href":"https:\/\/wp.ufpel.edu.br\/sauer\/wp-json\/wp\/v2\/pages"}],"about":[{"href":"https:\/\/wp.ufpel.edu.br\/sauer\/wp-json\/wp\/v2\/types\/page"}],"author":[{"embeddable":true,"href":"https:\/\/wp.ufpel.edu.br\/sauer\/wp-json\/wp\/v2\/users\/795"}],"replies":[{"embeddable":true,"href":"https:\/\/wp.ufpel.edu.br\/sauer\/wp-json\/wp\/v2\/comments?post=338"}],"version-history":[{"count":10,"href":"https:\/\/wp.ufpel.edu.br\/sauer\/wp-json\/wp\/v2\/pages\/338\/revisions"}],"predecessor-version":[{"id":376,"href":"https:\/\/wp.ufpel.edu.br\/sauer\/wp-json\/wp\/v2\/pages\/338\/revisions\/376"}],"wp:attachment":[{"href":"https:\/\/wp.ufpel.edu.br\/sauer\/wp-json\/wp\/v2\/media?parent=338"}],"curies":[{"name":"wp","href":"https:\/\/api.w.org\/{rel}","templated":true}]}}