{"id":31,"date":"2017-08-17T13:27:25","date_gmt":"2017-08-17T16:27:25","guid":{"rendered":"https:\/\/wp.ufpel.edu.br\/sauer\/?page_id=31"},"modified":"2025-06-16T20:37:04","modified_gmt":"2025-06-16T23:37:04","slug":"publicacoes","status":"publish","type":"page","link":"https:\/\/wp.ufpel.edu.br\/sauer\/publicacoes\/","title":{"rendered":"Publica\u00e7\u00f5es"},"content":{"rendered":"<p><strong>Publica\u00e7\u00f5es:<\/strong><\/p>\n<ul>\n<li>\n<p class=\"title\">Silveira, J.F.U,\u00a0 Sauer, L.O. <strong>A Constru\u00e7\u00e3o de um Helicoide M\u00ednimo Apoiado em Duas Retas Reversas. <\/strong>Publicado em<\/p>\n<div class=\"meta\">\n<div class=\"authors\"><\/div>\n<\/div>\n<\/li>\n<li>Bonorino,L;\u00a0 Nunes,G; Ramos, A; Ripoll, J; Sauer, L; Telichevesky, M. <strong>On the non-parabolicity of\u00a0<span id=\"MathJax-Element-1-Frame\" class=\"MathJax\" tabindex=\"0\"><span id=\"MathJax-Span-1\" class=\"math\"><span id=\"MathJax-Span-2\" class=\"mrow\"><span id=\"MathJax-Span-3\" class=\"mi\">S<\/span><span id=\"MathJax-Span-4\" class=\"mi\">o<\/span><span id=\"MathJax-Span-5\" class=\"msubsup\"><span id=\"MathJax-Span-6\" class=\"mi\">l<\/span><span id=\"MathJax-Span-7\" class=\"mn\">3. <\/span><\/span><\/span><\/span><\/span><\/strong><span id=\"MathJax-Element-1-Frame\" class=\"MathJax\" tabindex=\"0\"><span id=\"MathJax-Span-1\" class=\"math\"><span id=\"MathJax-Span-2\" class=\"mrow\"><span id=\"MathJax-Span-5\" class=\"msubsup\"><span id=\"MathJax-Span-7\" class=\"mn\">Jan 2024<\/span><\/span><\/span><\/span><\/span><strong><span id=\"MathJax-Element-1-Frame\" class=\"MathJax\" tabindex=\"0\"><span id=\"MathJax-Span-1\" class=\"math\"><span id=\"MathJax-Span-2\" class=\"mrow\"><span id=\"MathJax-Span-5\" class=\"msubsup\"><span id=\"MathJax-Span-7\" class=\"mn\"><a href=\"https:\/\/arxiv.org\/abs\/2312.16302\">arXiv:2312.16302\u00a0<\/a><\/span><\/span><\/span><\/span><\/span><\/strong><\/li>\n<li>Aiolfi, A; Nunes, G; Sauer, L; Soares, R. <strong>The Dirichlet problem for the minimal hypersurface equation with Lipschitz continuous boundary data on domains of a Riemannian manifold . <\/strong><span class=\"list-identifier\"><a title=\"Abstract\" href=\"https:\/\/arxiv.org\/abs\/1709.08092\">arXiv:1709.08092 <\/a>\u00a0 Publicado em \u00a0PACIFIC JOURNAL OF MATHEMATICS<sup><img decoding=\"async\" id=\"19455844_1\" class=\"ajaxJCR jcrTip\" style=\"background: none 0px 0px repeat scroll transparent; border: 0px none; font-size: 11px; margin: 0px; padding: 0px; vertical-align: baseline; text-align: left;\" src=\"http:\/\/buscatextual.cnpq.br\/buscatextual\/images\/curriculo\/jcr.gif\" data-issn=\"19455844\" \/><\/sup>, v. 307, p. 1-12, 2020.<\/span><\/li>\n<li>Aiolfi, A; Nunes, G; Sauer, L; Soares, R.\u00a0<strong><strong>Compact\u00a0 CMC graphs in MXR boundary in two horizontal slices. <\/strong><\/strong>Accept for publication in Bulletin of the Brazilian Mathematical Society, New Series.<strong>\u00a0<\/strong><a href=\"http:\/\/link.springer.com\/article\/10.1007\/s00574-017-0064-6\">Link Journal.<\/a><strong>\u00a0<\/strong>DOI:\u00a0<span style=\"color: #333333; font-family: Arial;\">10.1007\/s00574-017-0064-6<\/span><strong><span style=\"color: #333333; font-family: Arial;\">\u00a0<\/span><\/strong>Preprint:\u00a0 <span class=\"list-identifier\"><a title=\"Abstract\" href=\"https:\/\/arxiv.org\/abs\/1506.06709\">arXiv:1506.06709<\/a><\/span><\/li>\n<li style=\"text-align: justify;\">RIPOLL, J. ; <b><a class=\"tooltip\" href=\"http:\/\/lattes.cnpq.br\/4062609131887146\" target=\"_blank\" rel=\"noopener noreferrer\">SAUER, L. O.<\/a><\/b> . <strong>A Note on the Dirichlet problem for the Minimal Surface Equation in Nonconvex Planar Domains.<\/strong>\u00a0Matem\u00e1tica Contempor\u00e2nea, v. 35, p. 177-183, 2008. <a href=\"https:\/\/mc.sbm.org.br\/wp-content\/uploads\/sites\/9\/sites\/9\/2021\/12\/35-11.pdf\">Link do Jornal<\/a><\/li>\n<\/ul>\n<p><strong>Outras Coisas:<\/strong><\/p>\n<p style=\"text-align: justify;\">Minha tese de doutorado:\u00a0\u00a0<a href=\"https:\/\/wp.ufpel.edu.br\/sauer\/files\/2017\/08\/teselisandra.pdf\"><strong>O Problema de Dirichlet para a Equa\u00e7\u00e3o das Superf\u00edcies de Curvatura M\u00e9dia constante em dom\u00ednios planares n\u00e3o necessariamente convexos.<\/strong><\/a><\/p>\n<p>Divulga\u00e7\u00e3o Matem\u00e1tica: Cap\u00edtulo no livro\u00a0<strong>A Extens\u00e3o universit\u00e1ria nos 50 anos da UFPEL:<\/strong>A MATEM\u00c1TICA ITINERANTE: UM PROJETO EM COMEMORA\u00c7\u00c3O AO BI\u00caNIO DA MATEM\u00c1TICA. Autoras: Luana Alves, Lisandra Sauer e Let\u00edcia Klein Parnoff .Acesso ao livro: <a href=\"http:\/\/guaiaca.ufpel.edu.br\/handle\/prefix\/5671\">http:\/\/guaiaca.ufpel.edu.br\/handle\/prefix\/5671<\/a><\/p>\n<p>Divulga\u00e7\u00e3o Matem\u00e1tica: Artigo no notici\u00e1rio conjunto da SBM com a SBMAC: <strong>Especial 12 de Maio Dia Internacional das Mulheres na Matem\u00e1tica:<\/strong> Mosaico de<br \/>\nmatem\u00e1ticas no Brasil. Autoras: Adriana Juzga Le\u00f3n, Denise de Siqueira, Lisandra Sauer,<br \/>\nVal\u00e9ria N. Domingos Cavalcanti. Acesso ao notici\u00e1rio: <a href=\"https:\/\/sbm.org.br\/blog\/2024\/05\/11\/especial-12-de-maio-2024\/\">Especial 12 de Maio \u2013 2024 \u2013 SBM \u2013 Sociedade Brasileira de Matem\u00e1tica<\/a><\/p>\n","protected":false},"excerpt":{"rendered":"<p>Publica\u00e7\u00f5es: Silveira, J.F.U,\u00a0 Sauer, L.O. A Constru\u00e7\u00e3o de um Helicoide M\u00ednimo Apoiado em Duas Retas Reversas. Publicado em Bonorino,L;\u00a0 Nunes,G; Ramos, A; Ripoll, J; Sauer, L; Telichevesky, M. On the non-parabolicity of\u00a0Sol3. Jan 2024arXiv:2312.16302\u00a0 Aiolfi, A; Nunes, G; Sauer, L; &hellip; <a href=\"https:\/\/wp.ufpel.edu.br\/sauer\/publicacoes\/\">Continue lendo <span class=\"meta-nav\">&rarr;<\/span><\/a><\/p>\n","protected":false},"author":795,"featured_media":0,"parent":0,"menu_order":0,"comment_status":"closed","ping_status":"closed","template":"","meta":{"footnotes":""},"class_list":["post-31","page","type-page","status-publish","hentry"],"_links":{"self":[{"href":"https:\/\/wp.ufpel.edu.br\/sauer\/wp-json\/wp\/v2\/pages\/31","targetHints":{"allow":["GET"]}}],"collection":[{"href":"https:\/\/wp.ufpel.edu.br\/sauer\/wp-json\/wp\/v2\/pages"}],"about":[{"href":"https:\/\/wp.ufpel.edu.br\/sauer\/wp-json\/wp\/v2\/types\/page"}],"author":[{"embeddable":true,"href":"https:\/\/wp.ufpel.edu.br\/sauer\/wp-json\/wp\/v2\/users\/795"}],"replies":[{"embeddable":true,"href":"https:\/\/wp.ufpel.edu.br\/sauer\/wp-json\/wp\/v2\/comments?post=31"}],"version-history":[{"count":26,"href":"https:\/\/wp.ufpel.edu.br\/sauer\/wp-json\/wp\/v2\/pages\/31\/revisions"}],"predecessor-version":[{"id":1171,"href":"https:\/\/wp.ufpel.edu.br\/sauer\/wp-json\/wp\/v2\/pages\/31\/revisions\/1171"}],"wp:attachment":[{"href":"https:\/\/wp.ufpel.edu.br\/sauer\/wp-json\/wp\/v2\/media?parent=31"}],"curies":[{"name":"wp","href":"https:\/\/api.w.org\/{rel}","templated":true}]}}