{"id":260,"date":"2019-10-07T14:52:19","date_gmt":"2019-10-07T17:52:19","guid":{"rendered":"https:\/\/wp.ufpel.edu.br\/sauer\/?page_id=260"},"modified":"2019-10-07T17:40:32","modified_gmt":"2019-10-07T20:40:32","slug":"exposicao-mulheres-na-matematica","status":"publish","type":"page","link":"https:\/\/wp.ufpel.edu.br\/sauer\/exposicao-mulheres-na-matematica\/","title":{"rendered":"Exposi\u00e7\u00e3o Mulheres na Matem\u00e1tica"},"content":{"rendered":"<p>Esteve em visita aqui na UFPEL a Exposi\u00e7\u00e3o Mulheres na Matem\u00e1tica, no per\u00edodo de 30 de setembro de 2019 a 04 de outubro de 2019. No dia 30 de setembro ocorreu a abertura e uma palestra sobre o mesmo tema, ministrada pela Prof Dra Adriana Neumann, que formou-se em licenciatura em Matem\u00e1tica pela UFPEL.<\/p>\n<p><img loading=\"lazy\" decoding=\"async\" class=\"alignnone wp-image-261\" src=\"https:\/\/wp.ufpel.edu.br\/sauer\/files\/2019\/10\/IMG_4722-400x267.jpg\" alt=\"\" width=\"309\" height=\"206\" srcset=\"https:\/\/wp.ufpel.edu.br\/sauer\/files\/2019\/10\/IMG_4722-400x267.jpg 400w, https:\/\/wp.ufpel.edu.br\/sauer\/files\/2019\/10\/IMG_4722-768x512.jpg 768w, https:\/\/wp.ufpel.edu.br\/sauer\/files\/2019\/10\/IMG_4722-1024x683.jpg 1024w\" sizes=\"auto, (max-width: 309px) 100vw, 309px\" \/><\/p>\n<p><img loading=\"lazy\" decoding=\"async\" class=\"alignnone wp-image-262\" src=\"https:\/\/wp.ufpel.edu.br\/sauer\/files\/2019\/10\/IMG_4723-400x267.jpg\" alt=\"\" width=\"292\" height=\"195\" srcset=\"https:\/\/wp.ufpel.edu.br\/sauer\/files\/2019\/10\/IMG_4723-400x267.jpg 400w, https:\/\/wp.ufpel.edu.br\/sauer\/files\/2019\/10\/IMG_4723-768x512.jpg 768w, https:\/\/wp.ufpel.edu.br\/sauer\/files\/2019\/10\/IMG_4723-1024x683.jpg 1024w\" sizes=\"auto, (max-width: 292px) 100vw, 292px\" \/><\/p>\n<p>A Pr\u00f3 Reitoria de Extens\u00e3o e cultura , em parceria com o Instituto de F\u00edsica e Matem\u00e1tica (IFM), destaca tr\u00eas exposi\u00e7\u00f5es:<\/p>\n<p>1) Mulheres na Matem\u00e1tica- curadoria Adriana Neumann de Oliveira e Cydara Cavedon Ripoll,<\/p>\n<p>2) Maryam Mirzakhani , cuja\u00a0 propriedade \u00e9 de CWM (Committeefor Womenin Mathematics) e os direitos autorais s\u00e3o da IMU (InternationalMathematicalUnion);<\/p>\n<p>3) Elas onde destaca o perfil de oito pesquisadoras brasileiras que atuam na \u00e1rea da matem\u00e1tica e cuja curadoria \u00e9 de THA\u00cdS JORD\u00c3O \u2013USP e o DESIGNER \u00e9 RAFAEL MEIRELES.<\/p>\n<p>O objetivo dessa exposi\u00e7\u00e3o\u00a0 \u00e9 encorajar as mulheres interessadas em atuar nesse campo de pesquisa.\u00a0 \u00c9 importante destacar que a exposi\u00e7\u00e3o conta com um p\u00f4ster sobre a professora Lioudmila Bourchtein, que foi professora do Instituto de F\u00edsica e Matem\u00e1tica da UFPEL e atualmente \u00e9 professora Em\u00e9rita da UFPEL . O p\u00f4ster pode ser visualizado em <a href=\"https:\/\/wp.ufpel.edu.br\/sauer\/files\/2019\/10\/Lioudmila-5.pdf\">Lioudmila (5)<\/a> . A curadoria geral aqui na UFPEL foi de Lisandra de Oliveira Sauer (IFM), Giovanni da Silva Nunes (IFM) e Juliana Boanova Souza (UFRGS).<\/p>\n<p>Abaixo temos algumas fotos do evento.<\/p>\n<p><img loading=\"lazy\" decoding=\"async\" class=\"alignnone size-medium wp-image-273\" src=\"https:\/\/wp.ufpel.edu.br\/sauer\/files\/2019\/10\/20190930_182233-400x300.jpg\" alt=\"\" width=\"400\" height=\"300\" srcset=\"https:\/\/wp.ufpel.edu.br\/sauer\/files\/2019\/10\/20190930_182233-400x300.jpg 400w, https:\/\/wp.ufpel.edu.br\/sauer\/files\/2019\/10\/20190930_182233-768x576.jpg 768w, https:\/\/wp.ufpel.edu.br\/sauer\/files\/2019\/10\/20190930_182233-1024x768.jpg 1024w\" sizes=\"auto, (max-width: 400px) 100vw, 400px\" \/><\/p>\n<p><img loading=\"lazy\" decoding=\"async\" class=\"alignnone size-medium wp-image-263\" src=\"https:\/\/wp.ufpel.edu.br\/sauer\/files\/2019\/10\/IMG_4725-400x267.jpg\" alt=\"\" width=\"400\" height=\"267\" srcset=\"https:\/\/wp.ufpel.edu.br\/sauer\/files\/2019\/10\/IMG_4725-400x267.jpg 400w, https:\/\/wp.ufpel.edu.br\/sauer\/files\/2019\/10\/IMG_4725-768x512.jpg 768w, https:\/\/wp.ufpel.edu.br\/sauer\/files\/2019\/10\/IMG_4725-1024x683.jpg 1024w\" sizes=\"auto, (max-width: 400px) 100vw, 400px\" \/><\/p>\n<p><img loading=\"lazy\" decoding=\"async\" class=\"alignnone size-medium wp-image-264\" src=\"https:\/\/wp.ufpel.edu.br\/sauer\/files\/2019\/10\/IMG_4730-400x267.jpg\" alt=\"\" width=\"400\" height=\"267\" srcset=\"https:\/\/wp.ufpel.edu.br\/sauer\/files\/2019\/10\/IMG_4730-400x267.jpg 400w, https:\/\/wp.ufpel.edu.br\/sauer\/files\/2019\/10\/IMG_4730-768x512.jpg 768w, https:\/\/wp.ufpel.edu.br\/sauer\/files\/2019\/10\/IMG_4730-1024x683.jpg 1024w\" sizes=\"auto, (max-width: 400px) 100vw, 400px\" \/><\/p>\n<p>&nbsp;<\/p>\n<p><img loading=\"lazy\" decoding=\"async\" class=\"alignnone size-medium wp-image-268\" src=\"https:\/\/wp.ufpel.edu.br\/sauer\/files\/2019\/10\/IMG_4733-1-400x267.jpg\" alt=\"\" width=\"400\" height=\"267\" srcset=\"https:\/\/wp.ufpel.edu.br\/sauer\/files\/2019\/10\/IMG_4733-1-400x267.jpg 400w, https:\/\/wp.ufpel.edu.br\/sauer\/files\/2019\/10\/IMG_4733-1-768x512.jpg 768w, https:\/\/wp.ufpel.edu.br\/sauer\/files\/2019\/10\/IMG_4733-1-1024x683.jpg 1024w\" sizes=\"auto, (max-width: 400px) 100vw, 400px\" \/><\/p>\n<p>Uma filmagem com a exposi\u00e7\u00e3o pode ser vista em <a href=\"https:\/\/wp.ufpel.edu.br\/sauer\/files\/2019\/10\/MVI_4703.mp4\">MVI_4703<\/a><\/p>\n<p>&nbsp;<\/p>\n","protected":false},"excerpt":{"rendered":"<p>Esteve em visita aqui na UFPEL a Exposi\u00e7\u00e3o Mulheres na Matem\u00e1tica, no per\u00edodo de 30 de setembro de 2019 a 04 de outubro de 2019. No dia 30 de setembro ocorreu a abertura e uma palestra sobre o mesmo tema, &hellip; <a href=\"https:\/\/wp.ufpel.edu.br\/sauer\/exposicao-mulheres-na-matematica\/\">Continue lendo <span class=\"meta-nav\">&rarr;<\/span><\/a><\/p>\n","protected":false},"author":795,"featured_media":0,"parent":0,"menu_order":0,"comment_status":"closed","ping_status":"closed","template":"","meta":{"footnotes":""},"class_list":["post-260","page","type-page","status-publish","hentry"],"_links":{"self":[{"href":"https:\/\/wp.ufpel.edu.br\/sauer\/wp-json\/wp\/v2\/pages\/260","targetHints":{"allow":["GET"]}}],"collection":[{"href":"https:\/\/wp.ufpel.edu.br\/sauer\/wp-json\/wp\/v2\/pages"}],"about":[{"href":"https:\/\/wp.ufpel.edu.br\/sauer\/wp-json\/wp\/v2\/types\/page"}],"author":[{"embeddable":true,"href":"https:\/\/wp.ufpel.edu.br\/sauer\/wp-json\/wp\/v2\/users\/795"}],"replies":[{"embeddable":true,"href":"https:\/\/wp.ufpel.edu.br\/sauer\/wp-json\/wp\/v2\/comments?post=260"}],"version-history":[{"count":3,"href":"https:\/\/wp.ufpel.edu.br\/sauer\/wp-json\/wp\/v2\/pages\/260\/revisions"}],"predecessor-version":[{"id":274,"href":"https:\/\/wp.ufpel.edu.br\/sauer\/wp-json\/wp\/v2\/pages\/260\/revisions\/274"}],"wp:attachment":[{"href":"https:\/\/wp.ufpel.edu.br\/sauer\/wp-json\/wp\/v2\/media?parent=260"}],"curies":[{"name":"wp","href":"https:\/\/api.w.org\/{rel}","templated":true}]}}