{"id":191,"date":"2018-11-20T13:23:41","date_gmt":"2018-11-20T15:23:41","guid":{"rendered":"https:\/\/wp.ufpel.edu.br\/sauer\/?page_id=191"},"modified":"2022-10-03T11:34:20","modified_gmt":"2022-10-03T14:34:20","slug":"eventos","status":"publish","type":"page","link":"https:\/\/wp.ufpel.edu.br\/sauer\/eventos\/","title":{"rendered":"Eventos Organizado"},"content":{"rendered":"<p>&nbsp;<\/p>\n<p><strong>S\u00e9rie de Eventos Organizados<\/strong><\/p>\n<p>&nbsp;<\/p>\n<p>Exposi\u00e7\u00e3o Mulheres na Matem\u00e1tica: para saber mais clique <a href=\"https:\/\/wp.ufpel.edu.br\/sauer\/exposicao-mulheres-na-matematica\/\">aqui<\/a><\/p>\n<p><img loading=\"lazy\" decoding=\"async\" class=\"alignnone size-medium wp-image-254\" src=\"https:\/\/wp.ufpel.edu.br\/sauer\/files\/2019\/09\/mulheres-na-matematica_Prancheta-1-2-400x312.png\" alt=\"\" width=\"400\" height=\"312\" srcset=\"https:\/\/wp.ufpel.edu.br\/sauer\/files\/2019\/09\/mulheres-na-matematica_Prancheta-1-2-400x312.png 400w, https:\/\/wp.ufpel.edu.br\/sauer\/files\/2019\/09\/mulheres-na-matematica_Prancheta-1-2-768x599.png 768w, https:\/\/wp.ufpel.edu.br\/sauer\/files\/2019\/09\/mulheres-na-matematica_Prancheta-1-2.png 1000w\" sizes=\"auto, (max-width: 400px) 100vw, 400px\" \/><\/p>\n<p>&nbsp;<\/p>\n<p><img loading=\"lazy\" decoding=\"async\" class=\"alignnone size-medium wp-image-197\" src=\"https:\/\/wp.ufpel.edu.br\/sauer\/files\/2018\/11\/O-Caminho-das-gal\u00e1xias-2-283x400.jpg\" alt=\"\" width=\"283\" height=\"400\" srcset=\"https:\/\/wp.ufpel.edu.br\/sauer\/files\/2018\/11\/O-Caminho-das-gal\u00e1xias-2-283x400.jpg 283w, https:\/\/wp.ufpel.edu.br\/sauer\/files\/2018\/11\/O-Caminho-das-gal\u00e1xias-2-768x1086.jpg 768w, https:\/\/wp.ufpel.edu.br\/sauer\/files\/2018\/11\/O-Caminho-das-gal\u00e1xias-2-724x1024.jpg 724w, https:\/\/wp.ufpel.edu.br\/sauer\/files\/2018\/11\/O-Caminho-das-gal\u00e1xias-2.jpg 1587w\" sizes=\"auto, (max-width: 283px) 100vw, 283px\" \/><\/p>\n<p>Organizado com Felipe Barbosa<\/p>\n<p>A Matem\u00e1tica do P\u00f3kemon Go: para saber mais clique <a href=\"https:\/\/wp.ufpel.edu.br\/matematicanopokemongo\/\">aqui<\/a><\/p>\n<p><img loading=\"lazy\" decoding=\"async\" class=\"alignnone wp-image-221\" src=\"https:\/\/wp.ufpel.edu.br\/sauer\/files\/2019\/06\/semana-Academica.jpg\" alt=\"\" width=\"293\" height=\"113\" \/><\/p>\n<p>Mais informa\u00e7\u00f5es na <a href=\"https:\/\/ccs2.ufpel.edu.br\/wp\/2017\/06\/20\/matematica-realiza-18a-semana-academica\/\">p\u00e1gina<\/a><\/p>\n<p><img loading=\"lazy\" decoding=\"async\" class=\"alignnone size-medium wp-image-223\" src=\"https:\/\/wp.ufpel.edu.br\/sauer\/files\/2019\/06\/banner_RG-400x109.jpg\" alt=\"\" width=\"400\" height=\"109\" srcset=\"https:\/\/wp.ufpel.edu.br\/sauer\/files\/2019\/06\/banner_RG-400x109.jpg 400w, https:\/\/wp.ufpel.edu.br\/sauer\/files\/2019\/06\/banner_RG-768x208.jpg 768w, https:\/\/wp.ufpel.edu.br\/sauer\/files\/2019\/06\/banner_RG.jpg 995w\" sizes=\"auto, (max-width: 400px) 100vw, 400px\" \/><\/p>\n<p>Fiz parte da comiss\u00e3o de apoio. Mais informa\u00e7\u00f5es na<a href=\"https:\/\/www.sbm.org.br\/coloquio-sul-4\/\"> p\u00e1gina<\/a><\/p>\n","protected":false},"excerpt":{"rendered":"<p>&nbsp; S\u00e9rie de Eventos Organizados &nbsp; Exposi\u00e7\u00e3o Mulheres na Matem\u00e1tica: para saber mais clique aqui &nbsp; Organizado com Felipe Barbosa A Matem\u00e1tica do P\u00f3kemon Go: para saber mais clique aqui Mais informa\u00e7\u00f5es na p\u00e1gina Fiz parte da comiss\u00e3o de apoio. &hellip; <a href=\"https:\/\/wp.ufpel.edu.br\/sauer\/eventos\/\">Continue lendo <span class=\"meta-nav\">&rarr;<\/span><\/a><\/p>\n","protected":false},"author":795,"featured_media":0,"parent":0,"menu_order":0,"comment_status":"closed","ping_status":"closed","template":"","meta":{"footnotes":""},"class_list":["post-191","page","type-page","status-publish","hentry"],"_links":{"self":[{"href":"https:\/\/wp.ufpel.edu.br\/sauer\/wp-json\/wp\/v2\/pages\/191","targetHints":{"allow":["GET"]}}],"collection":[{"href":"https:\/\/wp.ufpel.edu.br\/sauer\/wp-json\/wp\/v2\/pages"}],"about":[{"href":"https:\/\/wp.ufpel.edu.br\/sauer\/wp-json\/wp\/v2\/types\/page"}],"author":[{"embeddable":true,"href":"https:\/\/wp.ufpel.edu.br\/sauer\/wp-json\/wp\/v2\/users\/795"}],"replies":[{"embeddable":true,"href":"https:\/\/wp.ufpel.edu.br\/sauer\/wp-json\/wp\/v2\/comments?post=191"}],"version-history":[{"count":13,"href":"https:\/\/wp.ufpel.edu.br\/sauer\/wp-json\/wp\/v2\/pages\/191\/revisions"}],"predecessor-version":[{"id":1015,"href":"https:\/\/wp.ufpel.edu.br\/sauer\/wp-json\/wp\/v2\/pages\/191\/revisions\/1015"}],"wp:attachment":[{"href":"https:\/\/wp.ufpel.edu.br\/sauer\/wp-json\/wp\/v2\/media?parent=191"}],"curies":[{"name":"wp","href":"https:\/\/api.w.org\/{rel}","templated":true}]}}