{"id":1175,"date":"2025-08-04T09:44:35","date_gmt":"2025-08-04T12:44:35","guid":{"rendered":"https:\/\/wp.ufpel.edu.br\/sauer\/?page_id=1175"},"modified":"2025-12-02T22:33:00","modified_gmt":"2025-12-03T01:33:00","slug":"o-mundo-nada-chato-de-eratostenes","status":"publish","type":"page","link":"https:\/\/wp.ufpel.edu.br\/sauer\/o-mundo-nada-chato-de-eratostenes\/","title":{"rendered":"O mundo nada chato de Erat\u00f3stenes"},"content":{"rendered":"<p><img loading=\"lazy\" decoding=\"async\" class=\"wp-image-1190 aligncenter\" src=\"https:\/\/wp.ufpel.edu.br\/sauer\/files\/2025\/08\/capa1-400x275.png\" alt=\"\" width=\"432\" height=\"297\" srcset=\"https:\/\/wp.ufpel.edu.br\/sauer\/files\/2025\/08\/capa1-400x275.png 400w, https:\/\/wp.ufpel.edu.br\/sauer\/files\/2025\/08\/capa1-768x528.png 768w, https:\/\/wp.ufpel.edu.br\/sauer\/files\/2025\/08\/capa1.png 958w\" sizes=\"auto, (max-width: 432px) 100vw, 432px\" \/>O e-book <strong>&#8220;O mundo nada chato de Erat\u00f3stenes&#8221;<\/strong> (Autoras: Lisandra Sauer e M\u00e1rcia Lupi e Ilustra\u00e7\u00e3o de Stela Kubiaki) tr\u00e1s uma hist\u00f3ria sobre o fil\u00f3sofo, matem\u00e1tico e pai da Geografia Erat\u00f3stenes. Ele foi o primeiro a realizar um experimento para perceber que a terra n\u00e3o \u00e9 plana. Esta experi\u00eancia exige observa\u00e7\u00e3o e pensamento. Ent\u00e3o apresentamos a explica\u00e7\u00e3o e os fundamentos para que voc\u00ea consiga realizar a experi\u00eancia sem precisar<br \/>\nsair do seu planeta, digo da sua casa. Esperamos que voc\u00eas gostem, pois foi escrito com muito carinho.<\/p>\n<p>Download gratuito na p\u00e1gina da Sociedade Brasileira de Matem\u00e1tica no link: <a href=\"https:\/\/sbm.org.br\/colecao-coletaneas-de-matematica\/\">Cole\u00e7\u00e3o Colet\u00e2neas de Matem\u00e1tica \u2013 SBM \u2013 Sociedade Brasileira de Matem\u00e1tica<\/a><\/p>\n<p>Os alunos da turma de Geometria Euclidiana Plana foram desafiados a fazerem um produto em cima do livro e saiu as seguintes obras criativas:<\/p>\n<p>Hist\u00f3ria em quadrinhos: (<a href=\"https:\/\/wp.ufpel.edu.br\/sauer\/files\/2025\/12\/gibieratostenes.pdf\">aqui<\/a>)<\/p>\n<p>V\u00eddeos:<\/p>\n<p><iframe loading=\"lazy\" title=\"O mundo nada chato de Eratostenes\" width=\"640\" height=\"360\" src=\"https:\/\/www.youtube.com\/embed\/NnfC3x8Zn1E?feature=oembed\" frameborder=\"0\" allow=\"accelerometer; autoplay; clipboard-write; encrypted-media; gyroscope; picture-in-picture; web-share\" referrerpolicy=\"strict-origin-when-cross-origin\" allowfullscreen><\/iframe><\/p>\n<p><iframe loading=\"lazy\" title=\"O mundo nada Chato de Erat\u00f3stenes na vis\u00e3o da Cyntia, Luana e Thalyra\" width=\"640\" height=\"360\" src=\"https:\/\/www.youtube.com\/embed\/-ngExbh9OMo?feature=oembed\" frameborder=\"0\" allow=\"accelerometer; autoplay; clipboard-write; encrypted-media; gyroscope; picture-in-picture; web-share\" referrerpolicy=\"strict-origin-when-cross-origin\" allowfullscreen><\/iframe><\/p>\n<p><iframe loading=\"lazy\" title=\"O Experimento de Erat\u00f3stenes na vis\u00e3o do Miguel, da Nathaly e do Uilliam.\" width=\"640\" height=\"360\" src=\"https:\/\/www.youtube.com\/embed\/iNxJqeYqckM?feature=oembed\" frameborder=\"0\" allow=\"accelerometer; autoplay; clipboard-write; encrypted-media; gyroscope; picture-in-picture; web-share\" referrerpolicy=\"strict-origin-when-cross-origin\" allowfullscreen><\/iframe><\/p>\n<p>&nbsp;<\/p>\n<p>&nbsp;<\/p>\n<p>&nbsp;<\/p>\n","protected":false},"excerpt":{"rendered":"<p>O e-book &#8220;O mundo nada chato de Erat\u00f3stenes&#8221; (Autoras: Lisandra Sauer e M\u00e1rcia Lupi e Ilustra\u00e7\u00e3o de Stela Kubiaki) tr\u00e1s uma hist\u00f3ria sobre o fil\u00f3sofo, matem\u00e1tico e pai da Geografia Erat\u00f3stenes. Ele foi o primeiro a realizar um experimento para &hellip; <a href=\"https:\/\/wp.ufpel.edu.br\/sauer\/o-mundo-nada-chato-de-eratostenes\/\">Continue lendo <span class=\"meta-nav\">&rarr;<\/span><\/a><\/p>\n","protected":false},"author":795,"featured_media":0,"parent":0,"menu_order":0,"comment_status":"closed","ping_status":"closed","template":"","meta":{"footnotes":""},"class_list":["post-1175","page","type-page","status-publish","hentry"],"_links":{"self":[{"href":"https:\/\/wp.ufpel.edu.br\/sauer\/wp-json\/wp\/v2\/pages\/1175","targetHints":{"allow":["GET"]}}],"collection":[{"href":"https:\/\/wp.ufpel.edu.br\/sauer\/wp-json\/wp\/v2\/pages"}],"about":[{"href":"https:\/\/wp.ufpel.edu.br\/sauer\/wp-json\/wp\/v2\/types\/page"}],"author":[{"embeddable":true,"href":"https:\/\/wp.ufpel.edu.br\/sauer\/wp-json\/wp\/v2\/users\/795"}],"replies":[{"embeddable":true,"href":"https:\/\/wp.ufpel.edu.br\/sauer\/wp-json\/wp\/v2\/comments?post=1175"}],"version-history":[{"count":3,"href":"https:\/\/wp.ufpel.edu.br\/sauer\/wp-json\/wp\/v2\/pages\/1175\/revisions"}],"predecessor-version":[{"id":1217,"href":"https:\/\/wp.ufpel.edu.br\/sauer\/wp-json\/wp\/v2\/pages\/1175\/revisions\/1217"}],"wp:attachment":[{"href":"https:\/\/wp.ufpel.edu.br\/sauer\/wp-json\/wp\/v2\/media?parent=1175"}],"curies":[{"name":"wp","href":"https:\/\/api.w.org\/{rel}","templated":true}]}}