{"id":1063,"date":"2023-05-24T18:52:43","date_gmt":"2023-05-24T21:52:43","guid":{"rendered":"https:\/\/wp.ufpel.edu.br\/sauer\/?page_id=1063"},"modified":"2023-05-24T18:52:53","modified_gmt":"2023-05-24T21:52:53","slug":"na-midia","status":"publish","type":"page","link":"https:\/\/wp.ufpel.edu.br\/sauer\/na-midia\/","title":{"rendered":"Na m\u00eddia"},"content":{"rendered":"<p>Entrevista:<\/p>\n<ol>\n<li><a href=\"https:\/\/wp.ufpel.edu.br\/sauer\/files\/2023\/05\/Entrevistarevistacalculoedicao21_2022.pdf\">O Mist\u00e9rio da Bolha. Revista C\u00e1lculo. Edi\u00e7\u00e3o 21- Ano 2- 2012.\u00a0<\/a><\/li>\n<\/ol>\n","protected":false},"excerpt":{"rendered":"<p>Entrevista: O Mist\u00e9rio da Bolha. Revista C\u00e1lculo. Edi\u00e7\u00e3o 21- Ano 2- 2012.\u00a0<\/p>\n","protected":false},"author":795,"featured_media":0,"parent":0,"menu_order":0,"comment_status":"closed","ping_status":"closed","template":"","meta":{"footnotes":""},"class_list":["post-1063","page","type-page","status-publish","hentry"],"_links":{"self":[{"href":"https:\/\/wp.ufpel.edu.br\/sauer\/wp-json\/wp\/v2\/pages\/1063","targetHints":{"allow":["GET"]}}],"collection":[{"href":"https:\/\/wp.ufpel.edu.br\/sauer\/wp-json\/wp\/v2\/pages"}],"about":[{"href":"https:\/\/wp.ufpel.edu.br\/sauer\/wp-json\/wp\/v2\/types\/page"}],"author":[{"embeddable":true,"href":"https:\/\/wp.ufpel.edu.br\/sauer\/wp-json\/wp\/v2\/users\/795"}],"replies":[{"embeddable":true,"href":"https:\/\/wp.ufpel.edu.br\/sauer\/wp-json\/wp\/v2\/comments?post=1063"}],"version-history":[{"count":1,"href":"https:\/\/wp.ufpel.edu.br\/sauer\/wp-json\/wp\/v2\/pages\/1063\/revisions"}],"predecessor-version":[{"id":1064,"href":"https:\/\/wp.ufpel.edu.br\/sauer\/wp-json\/wp\/v2\/pages\/1063\/revisions\/1064"}],"wp:attachment":[{"href":"https:\/\/wp.ufpel.edu.br\/sauer\/wp-json\/wp\/v2\/media?parent=1063"}],"curies":[{"name":"wp","href":"https:\/\/api.w.org\/{rel}","templated":true}]}}