{"id":1024,"date":"2022-12-27T20:36:19","date_gmt":"2022-12-27T23:36:19","guid":{"rendered":"https:\/\/wp.ufpel.edu.br\/sauer\/?page_id=1024"},"modified":"2022-12-27T21:21:45","modified_gmt":"2022-12-28T00:21:45","slug":"palestras","status":"publish","type":"page","link":"https:\/\/wp.ufpel.edu.br\/sauer\/palestras\/","title":{"rendered":"Palestras"},"content":{"rendered":"<p><span class=\"Y2IQFc\" lang=\"pt\">Eu dei v\u00e1rias palestras\u00a0 sobre minha \u00e1rea de pesquisa, bem como oficinas e divulga\u00e7\u00e3o da matem\u00e1tica ao longo dos anos. Abaixo tu podes encontrar uma lista quase completa delas:<\/span><\/p>\n<p>2022<\/p>\n<p>Palestra: Sobre a n\u00e3o parabolicidade do Sol^3.(dia 04 de novembro)<img loading=\"lazy\" decoding=\"async\" class=\"size-medium wp-image-1028 aligncenter\" src=\"https:\/\/wp.ufpel.edu.br\/sauer\/files\/2022\/12\/encontro-gaucho-400x301.jpg\" alt=\"\" width=\"400\" height=\"301\" srcset=\"https:\/\/wp.ufpel.edu.br\/sauer\/files\/2022\/12\/encontro-gaucho-400x301.jpg 400w, https:\/\/wp.ufpel.edu.br\/sauer\/files\/2022\/12\/encontro-gaucho-768x579.jpg 768w, https:\/\/wp.ufpel.edu.br\/sauer\/files\/2022\/12\/encontro-gaucho.jpg 803w\" sizes=\"auto, (max-width: 400px) 100vw, 400px\" \/><\/p>\n<p>Oficina: Tra\u00e7os em geometria: do compasso ao Geogebra.<\/p>\n<p>&nbsp;<\/p>\n<p>Palestra:\u00a0 Tra\u00e7os em geometria: do compasso \u00e0 era digital.\u00a0 (10 de junho de 2022)<\/p>\n<div class=\"gmail_default\">Resumo:<\/div>\n<div class=\"gmail_default\">\n<div>Nesta palestra,\u00a0 falaremos\u00a0um pouco da evolu\u00e7\u00e3o dos materiais de desenhos geom\u00e9tricos f\u00edsicos e digitais atrav\u00e9s dos tempos , bem como apresentaremos alguns matem\u00e1ticos e matem\u00e1ticas que contribu\u00edram com essa evolu\u00e7\u00e3o. E claro falar de geometria presente em alguns jogos de plataforma.<\/div>\n<div><span class=\"Y2IQFc\" lang=\"pt\"><img loading=\"lazy\" decoding=\"async\" class=\"size-medium wp-image-1033 alignleft\" src=\"https:\/\/wp.ufpel.edu.br\/sauer\/files\/2022\/12\/palestra-santa-monica-400x225.jpg\" alt=\"\" width=\"400\" height=\"225\" srcset=\"https:\/\/wp.ufpel.edu.br\/sauer\/files\/2022\/12\/palestra-santa-monica-400x225.jpg 400w, https:\/\/wp.ufpel.edu.br\/sauer\/files\/2022\/12\/palestra-santa-monica-1024x576.jpg 1024w, https:\/\/wp.ufpel.edu.br\/sauer\/files\/2022\/12\/palestra-santa-monica-768x432.jpg 768w, https:\/\/wp.ufpel.edu.br\/sauer\/files\/2022\/12\/palestra-santa-monica-1536x864.jpg 1536w, https:\/\/wp.ufpel.edu.br\/sauer\/files\/2022\/12\/palestra-santa-monica.jpg 1920w\" sizes=\"auto, (max-width: 400px) 100vw, 400px\" \/><\/span><\/div>\n<div>Link: <a href=\"https:\/\/youtu.be\/J618tKsy2Pk\">https:\/\/youtu.be\/J618tKsy2Pk<\/a><\/div>\n<\/div>\n","protected":false},"excerpt":{"rendered":"<p>Eu dei v\u00e1rias palestras\u00a0 sobre minha \u00e1rea de pesquisa, bem como oficinas e divulga\u00e7\u00e3o da matem\u00e1tica ao longo dos anos. Abaixo tu podes encontrar uma lista quase completa delas: 2022 Palestra: Sobre a n\u00e3o parabolicidade do Sol^3.(dia 04 de novembro) &hellip; <a href=\"https:\/\/wp.ufpel.edu.br\/sauer\/palestras\/\">Continue lendo <span class=\"meta-nav\">&rarr;<\/span><\/a><\/p>\n","protected":false},"author":795,"featured_media":0,"parent":0,"menu_order":0,"comment_status":"closed","ping_status":"closed","template":"","meta":{"footnotes":""},"class_list":["post-1024","page","type-page","status-publish","hentry"],"_links":{"self":[{"href":"https:\/\/wp.ufpel.edu.br\/sauer\/wp-json\/wp\/v2\/pages\/1024","targetHints":{"allow":["GET"]}}],"collection":[{"href":"https:\/\/wp.ufpel.edu.br\/sauer\/wp-json\/wp\/v2\/pages"}],"about":[{"href":"https:\/\/wp.ufpel.edu.br\/sauer\/wp-json\/wp\/v2\/types\/page"}],"author":[{"embeddable":true,"href":"https:\/\/wp.ufpel.edu.br\/sauer\/wp-json\/wp\/v2\/users\/795"}],"replies":[{"embeddable":true,"href":"https:\/\/wp.ufpel.edu.br\/sauer\/wp-json\/wp\/v2\/comments?post=1024"}],"version-history":[{"count":9,"href":"https:\/\/wp.ufpel.edu.br\/sauer\/wp-json\/wp\/v2\/pages\/1024\/revisions"}],"predecessor-version":[{"id":1035,"href":"https:\/\/wp.ufpel.edu.br\/sauer\/wp-json\/wp\/v2\/pages\/1024\/revisions\/1035"}],"wp:attachment":[{"href":"https:\/\/wp.ufpel.edu.br\/sauer\/wp-json\/wp\/v2\/media?parent=1024"}],"curies":[{"name":"wp","href":"https:\/\/api.w.org\/{rel}","templated":true}]}}