{"id":546,"date":"2025-11-25T18:49:37","date_gmt":"2025-11-25T21:49:37","guid":{"rendered":"https:\/\/wp.ufpel.edu.br\/sari\/?page_id=546"},"modified":"2025-11-25T18:55:47","modified_gmt":"2025-11-25T21:55:47","slug":"atividades-viii-sari","status":"publish","type":"page","link":"https:\/\/wp.ufpel.edu.br\/sari\/viii-sari\/atividades-viii-sari\/","title":{"rendered":"Atividades VIII SARI"},"content":{"rendered":"<div>\n<p style=\"text-align: center;\"><span style=\"font-size: 18pt;\"><strong>Segunda-feira<\/strong> (14\/08\/2023)<\/span><\/p>\n<p><strong>Palestra online:<\/strong> &#8220;A Rising India: Strategic Implications for Global Governance and World Order&#8221; &#8211; <em>phd Dattesh Parulekar<\/em><\/p>\n<\/div>\n<div>\n<p><strong>MINICURSO presencial<\/strong>: cinema e RI &#8211; <em>Prof. Dr. Ant\u00f4nio Guimar\u00e3es<\/em><\/p>\n<ol>\n<li class=\"cvGsUA direction-ltr align-start para-style-body\"><span class=\"a_GcMg font-feature-liga-off font-feature-clig-off font-feature-calt-off text-decoration-none text-strikethrough-none\">Guillermo del Toro: Vida, Obra e Arte<\/span><\/li>\n<li class=\"cvGsUA direction-ltr align-start para-style-body\"><span class=\"a_GcMg font-feature-liga-off font-feature-clig-off font-feature-calt-off text-decoration-none text-strikethrough-none\">Filmografia: No Labirinto do Fauno, <\/span><span class=\"a_GcMg font-feature-liga-off font-feature-clig-off font-feature-calt-off text-decoration-none text-strikethrough-none\">A Espinha do Diabo. Pin\u00f3quio. Forma D&#8217;\u00e1gua<\/span><\/li>\n<li class=\"cvGsUA direction-ltr align-start para-style-body\"><span class=\"a_GcMg font-feature-liga-off font-feature-clig-off font-feature-calt-off text-decoration-none text-strikethrough-none\">Guerra Civil Espanhola: Fascismo e Rela\u00e7\u00f5es Internacionais<\/span><\/li>\n<\/ol>\n<p><strong>Palestra Inaugural:<\/strong> Roda de Conversa com Colunista Pol\u00edtico de Russia Today: &#8220;A R\u00fassia de Putin e o Espa\u00e7o P\u00f3s-Sovi\u00e9tico: Uma An\u00e1lise sobre o Homem o Estado e a Guerra&#8221; &#8211; <em>Valdir Bezerra<\/em><\/p>\n<p>&nbsp;<\/p>\n<\/div>\n<p style=\"text-align: center;\"><span style=\"font-size: 18pt;\"><strong>Ter\u00e7a-feira<\/strong> (15\/08\/2023)<\/span><\/p>\n<p><strong>Palestra online:<\/strong> <span class=\"a_GcMg font-feature-liga-off font-feature-clig-off font-feature-calt-off text-decoration-none text-strikethrough-none\">&#8220;Defesa e Meio Ambiente nas Rela\u00e7\u00f5es Internacionais&#8221; &#8211; <em>Prof. Dr. Rubens Duarte<\/em><\/span><\/p>\n<p><strong>Palestra online:<\/strong> &#8220;Caminhos do internacionalista para a Carreira Internacional&#8221; &#8211; <em>Egressa Andressa Timm Bauer<\/em><\/p>\n<p><strong>Roda de Conversa <span class=\"a_GcMg font-feature-liga-off font-feature-clig-off font-feature-calt-off text-decoration-none text-strikethrough-none\"> com estudantes intercambistas chineses<\/span><\/strong><\/p>\n<p><strong>Palestra:<\/strong> &#8220;As mudan\u00e7as no sistema econ\u00f4mico-comercial multilateral e os desafios para a ind\u00fastria brasileira&#8221; &#8211; Dr. <em>Felipe Macedo Teixeira<\/em><\/p>\n<p><strong>Palestra:<\/strong> <span class=\"a_GcMg font-feature-liga-off font-feature-clig-off font-feature-calt-off text-decoration-none text-strikethrough-none\">&#8220;An\u00e1lise de Sistemas-Mundos: Uma Introdu\u00e7\u00e3o ao pensamento de Immanuel Wallerstein&#8221; &#8211; <em>Prof. Dr. Charles Pennaforte<\/em><\/span><\/p>\n<p><strong>Palestra:<\/strong> &#8220;A Geopol\u00edtica do Sinocentrismo e o Sonho Chin\u00eas&#8221; &#8211; <em>P<span class=\"a_GcMg font-feature-liga-off font-feature-clig-off font-feature-calt-off text-decoration-none text-strikethrough-none\">rof. Dr. Marcos Aur\u00e9lio <\/span><span class=\"a_GcMg font-feature-liga-off font-feature-clig-off font-feature-calt-off text-decoration-none text-strikethrough-none\">Barbosa dos Reis<\/span><\/em><\/p>\n<p>&nbsp;<\/p>\n<p style=\"text-align: center;\"><span style=\"font-size: 18pt;\"><strong>Quarta-feira<\/strong> (16\/08\/2023)<\/span><\/p>\n<p><span class=\"a_GcMg font-feature-liga-off font-feature-clig-off font-feature-calt-off text-decoration-none text-strikethrough-none\"><strong>Palestra Online:<\/strong> Da Paradiplomacia a M\u00faltiplas Diplomacias: caminhos alternativos \u00e0 estrutura moderna da ordem internacional&#8221; &#8211;<\/span><em>Prof\u00aa Dr\u00aa Jos\u00e9li Gomes<\/em><\/p>\n<p><strong>Palestra Online:<\/strong> <span class=\"a_GcMg font-feature-liga-off font-feature-clig-off font-feature-calt-off text-decoration-none text-strikethrough-none\">&#8220;Caminhos do internacionalista para a Carreira Internacional&#8221; &#8211; <em>Egressa Veridiana Di Felippo Ginat<\/em><\/span><\/p>\n<p><strong>Palestra:<\/strong> &#8220;Pensando as Rela\u00e7\u00f5es Internacionais: compartilhando possibilidades e experi\u00eancias acad\u00eamicas&#8221; &#8211;<em> Rayanne Matias<\/em><\/p>\n<p><strong>Palestra:<\/strong> &#8220;Rela\u00e7\u00f5es \u00c1rabes-Brasileiras: Cinco S\u00e9culos de Hist\u00f3ria&#8221; &#8211; <em>Profa. Dra. Silvia Ferabolli<\/em><\/p>\n<p>&nbsp;<\/p>\n<p class=\"cvGsUA direction-ltr align-start para-style-body\" style=\"text-align: center;\"><span style=\"font-size: 18pt;\"><strong>Quinta-feira<\/strong> (17\/08\/2023)<\/span><\/p>\n<p><strong>Minicurso Online:<\/strong> Esportes e RIs<\/p>\n<div>\n<div>\n<ol>\n<li>\u2019O trabalho com o futebol para a proje\u00e7\u00e3o dos Estados-na\u00e7\u00f5es no s\u00e9culo XX\u2019\u2019 &#8211; <em>V\u00edrgilio Neto<\/em><\/li>\n<li>\u2018\u2019Caracter\u00edsticas de um profissional de RI vantajosas na ind\u00fastria esportiva\u2019\u2019 &#8211; <em>R\u00f4mulo Neto<\/em><\/li>\n<li>\u2018\u2019As Rela\u00e7\u00f5es Internacionais e o mundo do Futebol&#8221; &#8211;<em> Lucas Faria<\/em><\/li>\n<li>&#8220;RI e Esportes: possibilidades no mercado de trabalho\u2019\u2019 &#8211; <em><span class=\"a_GcMg font-feature-liga-off font-feature-clig-off font-feature-calt-off text-decoration-none text-strikethrough-none\" style=\"text-align: justify;\">Luiza Forghieri<\/span><\/em><\/li>\n<li>\u2018\u2019Atua\u00e7\u00e3o do Internacionalista na \u00e1rea de Reda\u00e7\u00e3o Esportiva e Pol\u00edtica\u2019\u2019 &#8211; <em><span class=\"a_GcMg font-feature-liga-off font-feature-clig-off font-feature-calt-off text-decoration-none text-strikethrough-none\" style=\"text-align: justify;\">Gabriela Rodrigues<\/span><\/em><\/li>\n<\/ol>\n<\/div>\n<\/div>\n<p>&nbsp;<\/p>\n<div>\n<p><strong>Palestra:<\/strong> &#8220;Federa\u00e7\u00e3o \u00c1rabe-Palestina do Brasil (FEPAL)&#8221; &#8211; <em><span class=\"a_GcMg font-feature-liga-off font-feature-clig-off font-feature-calt-off text-decoration-none text-strikethrough-none\">Ualid Rabah &#8211; Presidente da FEPAL &amp; <\/span><span class=\"a_GcMg font-feature-liga-off font-feature-clig-off font-feature-calt-off text-decoration-none text-strikethrough-none\">Nasser Judeh &#8211; <\/span><\/em><span class=\"a_GcMg font-feature-liga-off font-feature-clig-off font-feature-calt-off text-decoration-none text-strikethrough-none\"><em>Secret\u00e1rio de Assuntos Jur\u00eddico<\/em><\/span><\/p>\n<p>&nbsp;<\/p>\n<div>\n<p><strong>Palestra:<\/strong> &#8220;Marketing Internacional&#8221; &#8211; <em>Juliandro Barbieri<\/em><\/p>\n<p><strong><span class=\"a_GcMg font-feature-liga-off font-feature-clig-off font-feature-calt-off text-decoration-none text-strikethrough-none\">OFICINA DE RUSSO ONLINE COM PROF. ANDREI MIKHALOV<\/span><\/strong><\/p>\n<\/div>\n<\/div>\n<p>&nbsp;<\/p>\n<p style=\"text-align: center;\"><span style=\"font-size: 18pt;\"><b>Sexta-feira<\/b> (17\/08\/2023)<\/span><\/p>\n<p>&nbsp;<\/p>\n<p><strong>Minicurso Online:<\/strong> &#8220;Jornalismo Internacional&#8221; &#8211; <em>Marcelo Favalli<\/em><\/p>\n<div>\n<p><strong>Palestra Online:<\/strong> &#8220;China Xiaokang: Desenvolvimento Nacional e Regula\u00e7\u00e3o do Trabalho para uma Nova Era&#8221; &#8211; <em>Prof\u00aa Dr\u00aa Melissa Cambuhy<\/em><\/p>\n<p><strong>Palestra: &#8216;<\/strong>&#8216;BRICS como processual din\u00e2mico: Uma an\u00e1lise do agrupamento e de suas institui\u00e7\u00f5es&#8221; &#8211; <em>Prof. Dr. William Daldegan<\/em><\/p>\n<p><strong>Apresenta\u00e7\u00f5es de Trabalho:<\/strong><em><br \/>\n<\/em><\/p>\n<ol>\n<li>Hailton Jyan Kr\u00fcger da Silva \u2013\u00a0<em>\u201cRela\u00e7\u00f5es Internacionais e Quadrinhos: Identidade e Resist\u00eancia sob o Olhar de \u2018O Pesadelo de Obi&#8217;\u201d;<\/em><\/li>\n<li>Nataniele Schmutz e Silvana Schimanski \u2013\u00a0<em>\u201cCoopera\u00e7\u00e3o Internacional Descentralizada: Um Olhar sobre os Trabalhos Publicados nos Anais dos Encontros da ABRI\u201d;<\/em><\/li>\n<li>Maria Ant\u00f4nia Amaral Leripio e Silvana Schimanski \u2013\u00a0<em>\u201cNegocia\u00e7\u00f5es Internacionais: Um Olhar sobre os Trabalhos Publicados nos Anais da Associa\u00e7\u00e3o Brasileira de Rela\u00e7\u00f5es Internacionais (ABRI)\u201d;<\/em><\/li>\n<li>Gabriela Von Fr\u00fchauf Firme e Silvana Schimanski \u2013 \u201c<em>Cidades-Irm\u00e3s: O Papel do Col\u00e9gio Pelotense para as A\u00e7\u00f5es da Irmandade entre Pelotas e Suzu\u201d;<\/em><\/li>\n<li>Ana Helena G. Avila e Silvana Schimanski \u2013\u00a0<em>\u201cProjeto de Extens\u00e3o Cidades Irm\u00e3s: Uma Vis\u00e3o Geral\u201d;<\/em><\/li>\n<li>Esther Kr\u00fcger Silveira e Eduardo Munhoz Svartman, \u2013\u00a0<em>\u201cO Papel do Pensamento Militar no Desenvolvimento da Ind\u00fastria Aeron\u00e1utica Brasileira entre 1970 e 2000\u201d;<\/em><\/li>\n<li>Caio Menezes Dos Santos e Fernanda de Moura Fernandes \u2013\u00a0<em>\u201cO Brics e os Megaeventos Esportivos como Estrat\u00e9gia de Autopromo\u00e7\u00e3o dos Estados-Membros no Cen\u00e1rio Internacional\u201d.\u00a0<\/em><\/li>\n<\/ol>\n<p><em>\u00a0<\/em><\/p>\n<p><strong>Palestra:<\/strong> <span class=\"a_GcMg font-feature-liga-off font-feature-clig-off font-feature-calt-off text-decoration-none text-strikethrough-none\">&#8221;Din\u00e2micas de poder na \u00c1frica Austral: rela\u00e7\u00f5es regionais e novas perspectivas de an\u00e1lise&#8221; &#8211; <em>Profa. DrA. Nathaly Silva Xavier Schutz<\/em><\/span><\/p>\n<\/div>\n<div>\n<p><span class=\"a_GcMg font-feature-liga-off font-feature-clig-off font-feature-calt-off text-decoration-none text-strikethrough-none\">\u00a0<\/span><\/p>\n<\/div>\n","protected":false},"excerpt":{"rendered":"<p>Segunda-feira (14\/08\/2023) Palestra online: &#8220;A Rising India: Strategic Implications for Global Governance and World Order&#8221; &#8211; phd Dattesh Parulekar MINICURSO presencial: cinema e RI &#8211; Prof. Dr. Ant\u00f4nio Guimar\u00e3es Guillermo del Toro: Vida, Obra e Arte Filmografia: No Labirinto do Fauno, A Espinha do Diabo. Pin\u00f3quio. Forma D&#8217;\u00e1gua Guerra Civil Espanhola: Fascismo e Rela\u00e7\u00f5es Internacionais [&hellip;]<\/p>\n","protected":false},"author":1418,"featured_media":0,"parent":400,"menu_order":0,"comment_status":"closed","ping_status":"closed","template":"","meta":{"footnotes":""},"class_list":["post-546","page","type-page","status-publish","hentry"],"_links":{"self":[{"href":"https:\/\/wp.ufpel.edu.br\/sari\/wp-json\/wp\/v2\/pages\/546","targetHints":{"allow":["GET"]}}],"collection":[{"href":"https:\/\/wp.ufpel.edu.br\/sari\/wp-json\/wp\/v2\/pages"}],"about":[{"href":"https:\/\/wp.ufpel.edu.br\/sari\/wp-json\/wp\/v2\/types\/page"}],"author":[{"embeddable":true,"href":"https:\/\/wp.ufpel.edu.br\/sari\/wp-json\/wp\/v2\/users\/1418"}],"replies":[{"embeddable":true,"href":"https:\/\/wp.ufpel.edu.br\/sari\/wp-json\/wp\/v2\/comments?post=546"}],"version-history":[{"count":3,"href":"https:\/\/wp.ufpel.edu.br\/sari\/wp-json\/wp\/v2\/pages\/546\/revisions"}],"predecessor-version":[{"id":550,"href":"https:\/\/wp.ufpel.edu.br\/sari\/wp-json\/wp\/v2\/pages\/546\/revisions\/550"}],"up":[{"embeddable":true,"href":"https:\/\/wp.ufpel.edu.br\/sari\/wp-json\/wp\/v2\/pages\/400"}],"wp:attachment":[{"href":"https:\/\/wp.ufpel.edu.br\/sari\/wp-json\/wp\/v2\/media?parent=546"}],"curies":[{"name":"wp","href":"https:\/\/api.w.org\/{rel}","templated":true}]}}