{"id":477,"date":"2025-10-08T20:22:43","date_gmt":"2025-10-08T23:22:43","guid":{"rendered":"https:\/\/wp.ufpel.edu.br\/sari\/?page_id=477"},"modified":"2026-02-22T14:52:25","modified_gmt":"2026-02-22T17:52:25","slug":"edicao-atual","status":"publish","type":"page","link":"https:\/\/wp.ufpel.edu.br\/sari\/edicao-atual\/","title":{"rendered":"\u00daltima edi\u00e7\u00e3o"},"content":{"rendered":"<h3 style=\"text-align: center;\"><span style=\"font-size: 18pt; color: #3e6226;\">IX SARI<\/span><\/h3>\n<p style=\"text-align: center;\"><span style=\"color: #3e6226;\">Vol. 3, No. 1, 2025<\/span><\/p>\n<p style=\"text-align: center;\"><span style=\"color: #000000;\"><em>Multipolaridade e Movimentos de Contesta\u00e7\u00e3o no S\u00e9culo XXI<\/em><\/span><\/p>\n<p style=\"text-align: center;\"><span style=\"color: #000000;\"><strong>Resumos presentes nos ANAIS:<\/strong><\/span><\/p>\n<ol>\n<li><span style=\"color: #000000;\">Ana Lu\u00edsa Guerreiro Lima \u2013 <em>A implementa\u00e7\u00e3o da Lei Maria da Penha no Brasil;<\/em><\/span><\/li>\n<li><span style=\"color: #000000;\">Aramis Dawas \u2013\u00a0 <em>Iraque P\u00f3s Invas\u00e3o dos Estados Unidos: uma An\u00e1lise da Influ\u00eancia do Estado Iraniano nas Elei\u00e7\u00f5es de 2005 a 2021;<\/em><\/span><\/li>\n<li><span style=\"color: #000000;\">Beatriz da Silva Cordeiro \u2013\u00a0\u00a0<em>Coopera\u00e7\u00e3o bilateral entre Brasil e China no setor de Economia Digital;<\/em><\/span><\/li>\n<li><span style=\"color: #000000;\">Caio Menezes dos Santos \u2013\u00a0\u00a0<em>A transi\u00e7\u00e3o energ\u00e9tica na primeira metade do terceiro governo Lula (2023 \u2013 2024) sob a teoria do discurso de Ernesto Laclau;<\/em><\/span><\/li>\n<li><span style=\"color: #000000;\">Eduardo Grecco Corr\u00eaa \u2013\u00a0<em>Fake News sob as Lentes Te\u00f3ricos das Rela\u00e7\u00f5es Internacionais: a Tem\u00e1tica como Reflexo dos Impactos Midi\u00e1ticos na Atualidade;<\/em><\/span><\/li>\n<li><span style=\"color: #000000;\">Giancarlo Cristiano de Gouveia \u2013\u00a0\u00a0<em>Perspectivas sobre a Dimens\u00e3o Estrat\u00e9gica da Entrada do Egito no BRICS;<\/em><\/span><\/li>\n<li><span style=\"color: #000000;\">Giulia Viapiana Corr\u00eaa \u2013\u00a0\u00a0<em>Tribunal Penal Internacional e Meio Ambiente: uma An\u00e1lise da Emenda Proposta por Vanuatu para a Inclus\u00e3o do Crime de Ecoc\u00eddio no Estatuto de Roma;<\/em><\/span><\/li>\n<li><span style=\"color: #000000;\">Glauco da Rocha Winkel \u2013\u00a0<em>A Indon\u00e9sia no BRICS+: Desafios e Oportunidades para a Estabilidade no Mar do Sul da China.<\/em><\/span><\/li>\n<li><span style=\"color: #000000;\">Jo\u00e3o Manoel Vieira de Ara\u00fajo \u2013\u00a0 <em>Movimento de Expans\u00e3o do BRICS: o Caso Saudita;<\/em><\/span><\/li>\n<li><span style=\"color: #000000;\">Julia Maria Soares de Andrade Rudrigues \u2013\u00a0\u00a0<em>O ingresso do Ir\u00e3 na OCX e no BRICS e a crise da ordem mundial;<\/em><\/span><\/li>\n<li><span style=\"color: #000000;\">Leonardo Francys Prates \u2013\u00a0\u00a0<em>As Rela\u00e7\u00f5es Culturais Indo-Brasileiras e a Atua\u00e7\u00e3o dos seus Institutos Culturais no S\u00e9culo XXI;<\/em><\/span><\/li>\n<li><span style=\"color: #000000;\">Nataniele Paim Schmutz e Geovana Vieira de Queiroz-\u00a0<em>Quem tem voz nas Rela\u00e7\u00f5es Internacionais? Uma an\u00e1lise de g\u00eanero nos anais dos Encontros da ABRI de 2017 a 2023.<\/em><\/span><\/li>\n<\/ol>\n<h3 style=\"text-align: center;\"><span style=\"color: #3e6226;\"><a style=\"color: #3e6226;\" href=\"https:\/\/wp.ufpel.edu.br\/sari\/files\/2025\/08\/Anais-IX-SARI.pdf\"><span style=\"text-decoration: underline;\"><em><strong>Acesse o material aqui!<\/strong><\/em><\/span><\/a><\/span><\/h3>\n","protected":false},"excerpt":{"rendered":"<p>IX SARI Vol. 3, No. 1, 2025 Multipolaridade e Movimentos de Contesta\u00e7\u00e3o no S\u00e9culo XXI Resumos presentes nos ANAIS: Ana Lu\u00edsa Guerreiro Lima \u2013 A implementa\u00e7\u00e3o da Lei Maria da Penha no Brasil; Aramis Dawas \u2013\u00a0 Iraque P\u00f3s Invas\u00e3o dos Estados Unidos: uma An\u00e1lise da Influ\u00eancia do Estado Iraniano nas Elei\u00e7\u00f5es de 2005 a 2021; [&hellip;]<\/p>\n","protected":false},"author":1418,"featured_media":0,"parent":0,"menu_order":0,"comment_status":"closed","ping_status":"closed","template":"","meta":{"footnotes":""},"class_list":["post-477","page","type-page","status-publish","hentry"],"_links":{"self":[{"href":"https:\/\/wp.ufpel.edu.br\/sari\/wp-json\/wp\/v2\/pages\/477","targetHints":{"allow":["GET"]}}],"collection":[{"href":"https:\/\/wp.ufpel.edu.br\/sari\/wp-json\/wp\/v2\/pages"}],"about":[{"href":"https:\/\/wp.ufpel.edu.br\/sari\/wp-json\/wp\/v2\/types\/page"}],"author":[{"embeddable":true,"href":"https:\/\/wp.ufpel.edu.br\/sari\/wp-json\/wp\/v2\/users\/1418"}],"replies":[{"embeddable":true,"href":"https:\/\/wp.ufpel.edu.br\/sari\/wp-json\/wp\/v2\/comments?post=477"}],"version-history":[{"count":3,"href":"https:\/\/wp.ufpel.edu.br\/sari\/wp-json\/wp\/v2\/pages\/477\/revisions"}],"predecessor-version":[{"id":596,"href":"https:\/\/wp.ufpel.edu.br\/sari\/wp-json\/wp\/v2\/pages\/477\/revisions\/596"}],"wp:attachment":[{"href":"https:\/\/wp.ufpel.edu.br\/sari\/wp-json\/wp\/v2\/media?parent=477"}],"curies":[{"name":"wp","href":"https:\/\/api.w.org\/{rel}","templated":true}]}}