{"id":41,"date":"2024-08-12T20:08:18","date_gmt":"2024-08-12T23:08:18","guid":{"rendered":"https:\/\/wp.ufpel.edu.br\/sari\/?page_id=41"},"modified":"2025-10-13T09:45:38","modified_gmt":"2025-10-13T12:45:38","slug":"anais","status":"publish","type":"page","link":"https:\/\/wp.ufpel.edu.br\/sari\/edicoes-anteriores\/vii-sari\/anais\/","title":{"rendered":"Trabalhos"},"content":{"rendered":"<h2 style=\"text-align: center;\"><span style=\"color: #84343c;\"><strong>Apresenta\u00e7\u00e3o de Trabalhos<\/strong><\/span><\/h2>\n<p><span style=\"color: #000000;\">As apresenta\u00e7\u00f5es dos trabalhos acad\u00eamicos ocorreram na tarde de sexta-feira, 16 de setembro de 2022, no pr\u00e9dio do CEHUS.<\/span><\/p>\n<p><span style=\"color: #000000;\">Os textos dos trabalhos apresentados est\u00e1 dispon\u00edvel em: <strong>ANAIS <a style=\"color: #000000;\" href=\"https:\/\/wp.ufpel.edu.br\/sari\/files\/2024\/08\/SARI-2022.pdf\">SARI 2022<\/a><\/strong><\/span><\/p>\n<p><span style=\"color: #000000;\"><strong>Primeira sess\u00e3o<\/strong>: Das 14h30 \u00e0s 15h30, com banca composta pelos Professores Charles Pennaforte e Keberson Bresolin.<\/span><\/p>\n<p><span style=\"color: #000000;\">1. O BRICS NA GOVERNAN\u00c7A GLOBAL: UMA AN\u00c1LISE A PARTIR DA CONTRA-INSTITUCIONALIZA\u00c7\u00c3O E CONTESTA\u00c7\u00c3O EM MICHAEL Z\u00dcRN &#8211; com as apresentadoras Cassiane Leonor e Amanda Luz, sob orienta\u00e7\u00e3o do Professor William Daldegan.<\/span><\/p>\n<p><span style=\"color: #000000;\">2. NOVO BANCO PARA O DESENVOLVIMENTO: INTERPRETA\u00c7\u00c3O E SUPORTE &#8211; com a apresentadora Vit\u00f3ria de Borba, sob orienta\u00e7\u00e3o do Professor William Daldegan.<\/span><\/p>\n<p><span style=\"color: #000000;\"><img class=\"alignnone wp-image-82\"  src=\"data:image\/svg+xml,%3Csvg xmlns=\"http:\/\/www.w3.org\/2000\/svg\" viewBox=\"0 0 1 1\"%3E%3C\/svg%3E\" data-src=\"https:\/\/wp.ufpel.edu.br\/sari\/files\/2024\/08\/DSC_0536-400x266.jpg\" class=\"lazy-load\" loading=\"lazy\" decoding=\"async\" alt=\"\" width=\"381\" height=\"253\" \/> <img decoding=\"async\" class=\"alignnone wp-image-79\" src=\"https:\/\/wp.ufpel.edu.br\/sari\/files\/2024\/08\/DSC_0453-400x266.jpg\" alt=\"\" width=\"380\" height=\"253\" \/ loading=\"lazy\" srcset=\"https:\/\/wp.ufpel.edu.br\/sari\/files\/2024\/08\/DSC_0453-400x266.jpg 400w, https:\/\/wp.ufpel.edu.br\/sari\/files\/2024\/08\/DSC_0453-1024x680.jpg 1024w, https:\/\/wp.ufpel.edu.br\/sari\/files\/2024\/08\/DSC_0453-768x510.jpg 768w, https:\/\/wp.ufpel.edu.br\/sari\/files\/2024\/08\/DSC_0453-1536x1020.jpg 1536w, https:\/\/wp.ufpel.edu.br\/sari\/files\/2024\/08\/DSC_0453-2048x1360.jpg 2048w\" sizes=\"auto, (max-width: 380px) 100vw, 380px\" \/><\/span><\/p>\n<p><span style=\"color: #000000;\"><strong>Segunda sess\u00e3o<\/strong>: Das 15h30 \u00e0s 17h00, com banca composta pelos Professores Daniel Marchiori Neto e Keberson Bresolin.<\/span><\/p>\n<p><span style=\"color: #000000;\">3. BALAN\u00c7A DE PODER ASI\u00c1TICA: UMA AN\u00c1LISE DAS RELA\u00c7\u00d5ES SECURIT\u00c1RIAS E DE DEFESA SINO-INDIANAS &#8211; com as apresentadoras Julia Bretanha e Julia Rudrigues, sob orienta\u00e7\u00e3o do Professor William Daldegan.<\/span><\/p>\n<p><span style=\"color: #000000;\">4. PELOTAS E L\u00cdBANO: EVID\u00caNCIAS PRELIMINARES PARA UMA PROPOSTA DE ACORDO DE CIDADES-IRM\u00c3S &#8211; com a apresentadora Luana Menezes, sob orienta\u00e7\u00e3o da Professora Silvana Schimanski.<\/span><\/p>\n<p><span style=\"color: #000000;\">5. NEGOCIA\u00c7\u00d5ES DA HIDROVIA URUGUAI-BRASIL: UM PROCESSO EM ANDAMENTO &#8211; com o apresentador Bruno de Carvalho, sob orienta\u00e7\u00e3o da Professora Silvana Schimanski.<\/span><\/p>\n<p><span style=\"color: #000000;\"><img decoding=\"async\" class=\"alignnone wp-image-85\" src=\"https:\/\/wp.ufpel.edu.br\/sari\/files\/2024\/08\/DSC_0615-400x307.jpg\" alt=\"\" width=\"347\" height=\"266\" \/ loading=\"lazy\" srcset=\"https:\/\/wp.ufpel.edu.br\/sari\/files\/2024\/08\/DSC_0615-400x307.jpg 400w, https:\/\/wp.ufpel.edu.br\/sari\/files\/2024\/08\/DSC_0615-1024x786.jpg 1024w, https:\/\/wp.ufpel.edu.br\/sari\/files\/2024\/08\/DSC_0615-768x589.jpg 768w, https:\/\/wp.ufpel.edu.br\/sari\/files\/2024\/08\/DSC_0615-1536x1179.jpg 1536w, https:\/\/wp.ufpel.edu.br\/sari\/files\/2024\/08\/DSC_0615-2048x1572.jpg 2048w\" sizes=\"auto, (max-width: 347px) 100vw, 347px\" \/> <img decoding=\"async\" class=\"wp-image-83 alignleft\" src=\"https:\/\/wp.ufpel.edu.br\/sari\/files\/2024\/08\/DSC_0590-400x266.jpg\" alt=\"\" width=\"400\" height=\"266\" \/ loading=\"lazy\" srcset=\"https:\/\/wp.ufpel.edu.br\/sari\/files\/2024\/08\/DSC_0590-400x266.jpg 400w, https:\/\/wp.ufpel.edu.br\/sari\/files\/2024\/08\/DSC_0590-1024x680.jpg 1024w, https:\/\/wp.ufpel.edu.br\/sari\/files\/2024\/08\/DSC_0590-768x510.jpg 768w, https:\/\/wp.ufpel.edu.br\/sari\/files\/2024\/08\/DSC_0590-1536x1020.jpg 1536w, https:\/\/wp.ufpel.edu.br\/sari\/files\/2024\/08\/DSC_0590-2048x1360.jpg 2048w\" sizes=\"auto, (max-width: 400px) 100vw, 400px\" \/><img decoding=\"async\" class=\"size-medium wp-image-101 alignnone\" src=\"https:\/\/wp.ufpel.edu.br\/sari\/files\/2024\/08\/DSC_0517-400x266.jpg\" alt=\"\" width=\"400\" height=\"266\" \/ loading=\"lazy\" srcset=\"https:\/\/wp.ufpel.edu.br\/sari\/files\/2024\/08\/DSC_0517-400x266.jpg 400w, https:\/\/wp.ufpel.edu.br\/sari\/files\/2024\/08\/DSC_0517-1024x680.jpg 1024w, https:\/\/wp.ufpel.edu.br\/sari\/files\/2024\/08\/DSC_0517-768x510.jpg 768w, https:\/\/wp.ufpel.edu.br\/sari\/files\/2024\/08\/DSC_0517-1536x1020.jpg 1536w, https:\/\/wp.ufpel.edu.br\/sari\/files\/2024\/08\/DSC_0517-2048x1360.jpg 2048w\" sizes=\"auto, (max-width: 400px) 100vw, 400px\" \/><\/span><\/p>\n<p>&nbsp;<\/p>\n","protected":false},"excerpt":{"rendered":"<p>Apresenta\u00e7\u00e3o de Trabalhos As apresenta\u00e7\u00f5es dos trabalhos acad\u00eamicos ocorreram na tarde de sexta-feira, 16 de setembro de 2022, no pr\u00e9dio do CEHUS. Os textos dos trabalhos apresentados est\u00e1 dispon\u00edvel em: ANAIS SARI 2022 Primeira sess\u00e3o: Das 14h30 \u00e0s 15h30, com banca composta pelos Professores Charles Pennaforte e Keberson Bresolin. 1. O BRICS NA GOVERNAN\u00c7A GLOBAL: [&hellip;]<\/p>\n","protected":false},"author":1389,"featured_media":0,"parent":206,"menu_order":0,"comment_status":"closed","ping_status":"closed","template":"","meta":{"footnotes":""},"class_list":["post-41","page","type-page","status-publish","hentry"],"_links":{"self":[{"href":"https:\/\/wp.ufpel.edu.br\/sari\/wp-json\/wp\/v2\/pages\/41","targetHints":{"allow":["GET"]}}],"collection":[{"href":"https:\/\/wp.ufpel.edu.br\/sari\/wp-json\/wp\/v2\/pages"}],"about":[{"href":"https:\/\/wp.ufpel.edu.br\/sari\/wp-json\/wp\/v2\/types\/page"}],"author":[{"embeddable":true,"href":"https:\/\/wp.ufpel.edu.br\/sari\/wp-json\/wp\/v2\/users\/1389"}],"replies":[{"embeddable":true,"href":"https:\/\/wp.ufpel.edu.br\/sari\/wp-json\/wp\/v2\/comments?post=41"}],"version-history":[{"count":4,"href":"https:\/\/wp.ufpel.edu.br\/sari\/wp-json\/wp\/v2\/pages\/41\/revisions"}],"predecessor-version":[{"id":535,"href":"https:\/\/wp.ufpel.edu.br\/sari\/wp-json\/wp\/v2\/pages\/41\/revisions\/535"}],"up":[{"embeddable":true,"href":"https:\/\/wp.ufpel.edu.br\/sari\/wp-json\/wp\/v2\/pages\/206"}],"wp:attachment":[{"href":"https:\/\/wp.ufpel.edu.br\/sari\/wp-json\/wp\/v2\/media?parent=41"}],"curies":[{"name":"wp","href":"https:\/\/api.w.org\/{rel}","templated":true}]}}