{"id":400,"date":"2025-09-26T15:38:21","date_gmt":"2025-09-26T18:38:21","guid":{"rendered":"https:\/\/wp.ufpel.edu.br\/sari\/?page_id=400"},"modified":"2025-11-25T18:00:13","modified_gmt":"2025-11-25T21:00:13","slug":"viii-sari","status":"publish","type":"page","link":"https:\/\/wp.ufpel.edu.br\/sari\/viii-sari\/","title":{"rendered":"VIII SARI"},"content":{"rendered":"<p>O tema desta edi\u00e7\u00e3o foi \u201cNovas Perspectivas da Ordem Internacional Contempor\u00e2neas\u201d. O evento tem o objetivo de estimular a an\u00e1lise e reflex\u00e3o de temas e regi\u00f5es contempor\u00e2neos e seus v\u00ednculos com as Rela\u00e7\u00f5es Internacionais.<\/p>\n<p>O evento ocorreu nos dias 14 a 18 de agosto, sendo poss\u00edvel a participa\u00e7\u00e3o como ouvintes e apresentadores de trabalhos. Para ambas modalidades, foi conferido um certificado para c\u00f4mputo de carga hor\u00e1ria em Atividades Complementares (AC).<\/p>\n<p>&nbsp;<\/p>\n<p><img class=\"aligncenter\"  src=\"data:image\/svg+xml,%3Csvg xmlns=\"http:\/\/www.w3.org\/2000\/svg\" viewBox=\"0 0 1 1\"%3E%3C\/svg%3E\" data-src=\"https:\/\/media-poa1-1.cdn.whatsapp.net\/v\/t61.24694-24\/358162964_271209342160659_5045607677187726323_n.jpg?ccb=11-4&amp;oh=01_Q5Aa3AEieVCPXRlyNa3NKuef2_P_62bvIMybOb_gb16yoevs0A&amp;oe=693319C7&amp;_nc_sid=5e03e0&amp;_nc_cat=110\" class=\"lazy-load\" loading=\"lazy\" decoding=\"async\" \/><\/p>\n","protected":false},"excerpt":{"rendered":"<p>O tema desta edi\u00e7\u00e3o foi \u201cNovas Perspectivas da Ordem Internacional Contempor\u00e2neas\u201d. O evento tem o objetivo de estimular a an\u00e1lise e reflex\u00e3o de temas e regi\u00f5es contempor\u00e2neos e seus v\u00ednculos com as Rela\u00e7\u00f5es Internacionais. O evento ocorreu nos dias 14 a 18 de agosto, sendo poss\u00edvel a participa\u00e7\u00e3o como ouvintes e apresentadores de trabalhos. Para [&hellip;]<\/p>\n","protected":false},"author":1418,"featured_media":0,"parent":0,"menu_order":0,"comment_status":"closed","ping_status":"closed","template":"","meta":{"footnotes":""},"class_list":["post-400","page","type-page","status-publish","hentry"],"_links":{"self":[{"href":"https:\/\/wp.ufpel.edu.br\/sari\/wp-json\/wp\/v2\/pages\/400","targetHints":{"allow":["GET"]}}],"collection":[{"href":"https:\/\/wp.ufpel.edu.br\/sari\/wp-json\/wp\/v2\/pages"}],"about":[{"href":"https:\/\/wp.ufpel.edu.br\/sari\/wp-json\/wp\/v2\/types\/page"}],"author":[{"embeddable":true,"href":"https:\/\/wp.ufpel.edu.br\/sari\/wp-json\/wp\/v2\/users\/1418"}],"replies":[{"embeddable":true,"href":"https:\/\/wp.ufpel.edu.br\/sari\/wp-json\/wp\/v2\/comments?post=400"}],"version-history":[{"count":3,"href":"https:\/\/wp.ufpel.edu.br\/sari\/wp-json\/wp\/v2\/pages\/400\/revisions"}],"predecessor-version":[{"id":545,"href":"https:\/\/wp.ufpel.edu.br\/sari\/wp-json\/wp\/v2\/pages\/400\/revisions\/545"}],"wp:attachment":[{"href":"https:\/\/wp.ufpel.edu.br\/sari\/wp-json\/wp\/v2\/media?parent=400"}],"curies":[{"name":"wp","href":"https:\/\/api.w.org\/{rel}","templated":true}]}}