{"id":38,"date":"2024-08-12T20:07:45","date_gmt":"2024-08-12T23:07:45","guid":{"rendered":"https:\/\/wp.ufpel.edu.br\/sari\/?page_id=38"},"modified":"2025-10-13T09:43:32","modified_gmt":"2025-10-13T12:43:32","slug":"atividades","status":"publish","type":"page","link":"https:\/\/wp.ufpel.edu.br\/sari\/edicoes-anteriores\/vii-sari\/atividades\/","title":{"rendered":"Atividades"},"content":{"rendered":"<h2 style=\"text-align: center;\"><span style=\"color: #84343c;\">Palestras<\/span><\/h2>\n<p><span style=\"color: #000000;\"><strong>Dia 01: 12\/09\/22<\/strong><\/span><\/p>\n<p><span style=\"color: #000000;\"><strong>Prof. Dr. Charles Pennaforte:<\/strong> The World System in Transition.<\/span><\/p>\n<p style=\"text-align: left;\"><span style=\"color: #000000;\">O livro publicado pela Editora UFPel pode ser baixado pelo Reposit\u00f3rio da biblioteca da UFPel: <a style=\"color: #000000;\" href=\"https:\/\/guaiaca.ufpel.edu.br\/bitstream\/handle\/prefix\/8538\/The%20World%20System%20in%20transition_a%20panoramic%20view.pdf?sequence=1&amp;isAllowed=y\">https:\/\/guaiaca.ufpel.edu.br\/bitstream\/handle\/prefix\/8538\/The%20World%20System%20in%20transition_a%20panoramic%20view.pdf?sequence=1&amp;isAllowed=y<\/a><\/span><\/p>\n<p><span style=\"color: #000000;\"><img class=\"alignnone size-medium wp-image-91\"  src=\"data:image\/svg+xml,%3Csvg xmlns=\"http:\/\/www.w3.org\/2000\/svg\" viewBox=\"0 0 1 1\"%3E%3C\/svg%3E\" data-src=\"https:\/\/wp.ufpel.edu.br\/sari\/files\/2024\/08\/DSC_1043-400x266.jpg\" class=\"lazy-load\" loading=\"lazy\" decoding=\"async\" alt=\"\" width=\"400\" height=\"266\" \/><img decoding=\"async\" class=\"alignnone size-medium wp-image-125\" src=\"https:\/\/wp.ufpel.edu.br\/sari\/files\/2024\/08\/DSC_1085-400x266.jpg\" alt=\"\" width=\"400\" height=\"266\" \/ loading=\"lazy\" srcset=\"https:\/\/wp.ufpel.edu.br\/sari\/files\/2024\/08\/DSC_1085-400x266.jpg 400w, https:\/\/wp.ufpel.edu.br\/sari\/files\/2024\/08\/DSC_1085-1024x680.jpg 1024w, https:\/\/wp.ufpel.edu.br\/sari\/files\/2024\/08\/DSC_1085-768x510.jpg 768w, https:\/\/wp.ufpel.edu.br\/sari\/files\/2024\/08\/DSC_1085-1536x1020.jpg 1536w, https:\/\/wp.ufpel.edu.br\/sari\/files\/2024\/08\/DSC_1085-2048x1360.jpg 2048w\" sizes=\"auto, (max-width: 400px) 100vw, 400px\" \/><\/span><\/p>\n<p><span style=\"color: #000000;\"><strong>Profa. Dra. Tatiana Vargas Maia<\/strong>: \u201c30 anos do feminismo nas Rela\u00e7\u00f5es Internacionais: Uma reavalia\u00e7\u00e3o\u201d<\/span><\/p>\n<p><span style=\"color: #000000;\"><img decoding=\"async\" class=\"alignnone size-medium wp-image-128\" src=\"https:\/\/wp.ufpel.edu.br\/sari\/files\/2024\/08\/DSC_1074-400x266.jpg\" alt=\"\" width=\"400\" height=\"266\" \/ loading=\"lazy\" srcset=\"https:\/\/wp.ufpel.edu.br\/sari\/files\/2024\/08\/DSC_1074-400x266.jpg 400w, https:\/\/wp.ufpel.edu.br\/sari\/files\/2024\/08\/DSC_1074-1024x680.jpg 1024w, https:\/\/wp.ufpel.edu.br\/sari\/files\/2024\/08\/DSC_1074-768x510.jpg 768w, https:\/\/wp.ufpel.edu.br\/sari\/files\/2024\/08\/DSC_1074-1536x1020.jpg 1536w, https:\/\/wp.ufpel.edu.br\/sari\/files\/2024\/08\/DSC_1074-2048x1360.jpg 2048w\" sizes=\"auto, (max-width: 400px) 100vw, 400px\" \/><img decoding=\"async\" class=\"alignnone size-medium wp-image-127\" src=\"https:\/\/wp.ufpel.edu.br\/sari\/files\/2024\/08\/DSC_1137-1-1-400x266.jpg\" alt=\"\" width=\"400\" height=\"266\" \/ loading=\"lazy\" srcset=\"https:\/\/wp.ufpel.edu.br\/sari\/files\/2024\/08\/DSC_1137-1-1-400x266.jpg 400w, https:\/\/wp.ufpel.edu.br\/sari\/files\/2024\/08\/DSC_1137-1-1-1024x680.jpg 1024w, https:\/\/wp.ufpel.edu.br\/sari\/files\/2024\/08\/DSC_1137-1-1-768x510.jpg 768w, https:\/\/wp.ufpel.edu.br\/sari\/files\/2024\/08\/DSC_1137-1-1-1536x1020.jpg 1536w, https:\/\/wp.ufpel.edu.br\/sari\/files\/2024\/08\/DSC_1137-1-1-2048x1360.jpg 2048w\" sizes=\"auto, (max-width: 400px) 100vw, 400px\" \/><\/span><\/p>\n<p><span style=\"color: #000000;\"><strong>Dia 02: 13\/09\/22<\/strong><\/span><\/p>\n<p><span style=\"color: #000000;\">Roda de Conversa sobre o <strong>Mundo do Trabalho<\/strong> (CIEE, In Company e Melhor Envio)<\/span><\/p>\n<p><span style=\"color: #000000;\"><img decoding=\"async\" class=\"alignnone size-medium wp-image-96\" src=\"https:\/\/wp.ufpel.edu.br\/sari\/files\/2024\/08\/DSC_0041-400x302.jpg\" alt=\"\" width=\"400\" height=\"302\" \/ loading=\"lazy\" srcset=\"https:\/\/wp.ufpel.edu.br\/sari\/files\/2024\/08\/DSC_0041-400x302.jpg 400w, https:\/\/wp.ufpel.edu.br\/sari\/files\/2024\/08\/DSC_0041-1024x774.jpg 1024w, https:\/\/wp.ufpel.edu.br\/sari\/files\/2024\/08\/DSC_0041-768x580.jpg 768w, https:\/\/wp.ufpel.edu.br\/sari\/files\/2024\/08\/DSC_0041-1536x1161.jpg 1536w, https:\/\/wp.ufpel.edu.br\/sari\/files\/2024\/08\/DSC_0041-2048x1548.jpg 2048w\" sizes=\"auto, (max-width: 400px) 100vw, 400px\" \/><img decoding=\"async\" class=\"alignnone wp-image-97\" style=\"font-family: var(--fonte-corpo);\" src=\"https:\/\/wp.ufpel.edu.br\/sari\/files\/2024\/08\/DSC_0026-400x287.jpg\" alt=\"\" width=\"421\" height=\"302\" \/ loading=\"lazy\" srcset=\"https:\/\/wp.ufpel.edu.br\/sari\/files\/2024\/08\/DSC_0026-400x287.jpg 400w, https:\/\/wp.ufpel.edu.br\/sari\/files\/2024\/08\/DSC_0026-1024x734.jpg 1024w, https:\/\/wp.ufpel.edu.br\/sari\/files\/2024\/08\/DSC_0026-768x550.jpg 768w, https:\/\/wp.ufpel.edu.br\/sari\/files\/2024\/08\/DSC_0026-1536x1100.jpg 1536w, https:\/\/wp.ufpel.edu.br\/sari\/files\/2024\/08\/DSC_0026-2048x1467.jpg 2048w\" sizes=\"auto, (max-width: 421px) 100vw, 421px\" \/><\/span><\/p>\n<p>&nbsp;<\/p>\n<p><span style=\"color: #000000;\"><img decoding=\"async\" class=\"alignnone size-medium wp-image-92\" src=\"https:\/\/wp.ufpel.edu.br\/sari\/files\/2024\/08\/DSC_0037-400x365.jpg\" alt=\"\" width=\"400\" height=\"365\" \/ loading=\"lazy\" srcset=\"https:\/\/wp.ufpel.edu.br\/sari\/files\/2024\/08\/DSC_0037-400x365.jpg 400w, https:\/\/wp.ufpel.edu.br\/sari\/files\/2024\/08\/DSC_0037-1024x936.jpg 1024w, https:\/\/wp.ufpel.edu.br\/sari\/files\/2024\/08\/DSC_0037-768x702.jpg 768w, https:\/\/wp.ufpel.edu.br\/sari\/files\/2024\/08\/DSC_0037-1536x1403.jpg 1536w, https:\/\/wp.ufpel.edu.br\/sari\/files\/2024\/08\/DSC_0037-2048x1871.jpg 2048w\" sizes=\"auto, (max-width: 400px) 100vw, 400px\" \/><img decoding=\"async\" class=\"alignnone size-medium wp-image-94\" style=\"font-family: var(--fonte-corpo);\" src=\"https:\/\/wp.ufpel.edu.br\/sari\/files\/2024\/08\/DSC_0053-400x366.jpg\" alt=\"\" width=\"400\" height=\"366\" \/ loading=\"lazy\" srcset=\"https:\/\/wp.ufpel.edu.br\/sari\/files\/2024\/08\/DSC_0053-400x366.jpg 400w, https:\/\/wp.ufpel.edu.br\/sari\/files\/2024\/08\/DSC_0053-1024x936.jpg 1024w, https:\/\/wp.ufpel.edu.br\/sari\/files\/2024\/08\/DSC_0053-768x702.jpg 768w, https:\/\/wp.ufpel.edu.br\/sari\/files\/2024\/08\/DSC_0053-1536x1404.jpg 1536w, https:\/\/wp.ufpel.edu.br\/sari\/files\/2024\/08\/DSC_0053-2048x1872.jpg 2048w\" sizes=\"auto, (max-width: 400px) 100vw, 400px\" \/><\/span><\/p>\n<p><span style=\"color: #000000;\"><strong>Prof. Dr. Anselmo Otavio:<\/strong> \u201cRenascimento Africano e Desenvolvimento do Continente Africano\u201d<\/span><\/p>\n<p><span style=\"color: #000000;\"><img decoding=\"async\" class=\"alignnone size-medium wp-image-129\" src=\"https:\/\/wp.ufpel.edu.br\/sari\/files\/2024\/08\/DSC_0102-400x266.jpg\" alt=\"\" width=\"400\" height=\"266\" \/ loading=\"lazy\" srcset=\"https:\/\/wp.ufpel.edu.br\/sari\/files\/2024\/08\/DSC_0102-400x266.jpg 400w, https:\/\/wp.ufpel.edu.br\/sari\/files\/2024\/08\/DSC_0102-1024x680.jpg 1024w, https:\/\/wp.ufpel.edu.br\/sari\/files\/2024\/08\/DSC_0102-768x510.jpg 768w, https:\/\/wp.ufpel.edu.br\/sari\/files\/2024\/08\/DSC_0102-1536x1020.jpg 1536w, https:\/\/wp.ufpel.edu.br\/sari\/files\/2024\/08\/DSC_0102-2048x1360.jpg 2048w\" sizes=\"auto, (max-width: 400px) 100vw, 400px\" \/><img decoding=\"async\" class=\"alignnone size-medium wp-image-93\" src=\"https:\/\/wp.ufpel.edu.br\/sari\/files\/2024\/08\/DSC_0077-400x242.jpg\" alt=\"\" width=\"400\" height=\"242\" \/ loading=\"lazy\" srcset=\"https:\/\/wp.ufpel.edu.br\/sari\/files\/2024\/08\/DSC_0077-400x242.jpg 400w, https:\/\/wp.ufpel.edu.br\/sari\/files\/2024\/08\/DSC_0077-1024x619.jpg 1024w, https:\/\/wp.ufpel.edu.br\/sari\/files\/2024\/08\/DSC_0077-768x464.jpg 768w, https:\/\/wp.ufpel.edu.br\/sari\/files\/2024\/08\/DSC_0077-1536x928.jpg 1536w, https:\/\/wp.ufpel.edu.br\/sari\/files\/2024\/08\/DSC_0077-2048x1237.jpg 2048w\" sizes=\"auto, (max-width: 400px) 100vw, 400px\" \/><\/span><\/p>\n<p><span style=\"color: #000000;\"><strong>Dia 03: 14\/09\/22<\/strong><\/span><\/p>\n<p><span style=\"color: #000000;\"><strong>Profa. Dra. Renata Moraes Bielemann:<\/strong> Internacionaliza\u00e7\u00e3o e Mobilidade Acad\u00eamica &#8211; CRInter UFPel<\/span><\/p>\n<p><span style=\"color: #000000;\"><img decoding=\"async\" class=\"alignnone size-medium wp-image-100\" src=\"https:\/\/wp.ufpel.edu.br\/sari\/files\/2024\/08\/DSC_0259-400x266.jpg\" alt=\"\" width=\"400\" height=\"266\" \/ loading=\"lazy\" srcset=\"https:\/\/wp.ufpel.edu.br\/sari\/files\/2024\/08\/DSC_0259-400x266.jpg 400w, https:\/\/wp.ufpel.edu.br\/sari\/files\/2024\/08\/DSC_0259-1024x680.jpg 1024w, https:\/\/wp.ufpel.edu.br\/sari\/files\/2024\/08\/DSC_0259-768x510.jpg 768w, https:\/\/wp.ufpel.edu.br\/sari\/files\/2024\/08\/DSC_0259-1536x1020.jpg 1536w, https:\/\/wp.ufpel.edu.br\/sari\/files\/2024\/08\/DSC_0259-2048x1360.jpg 2048w\" sizes=\"auto, (max-width: 400px) 100vw, 400px\" \/><img decoding=\"async\" class=\"alignnone size-medium wp-image-144\" src=\"https:\/\/wp.ufpel.edu.br\/sari\/files\/2024\/08\/DSC_0273-400x266.jpg\" alt=\"\" width=\"400\" height=\"266\" \/ loading=\"lazy\" srcset=\"https:\/\/wp.ufpel.edu.br\/sari\/files\/2024\/08\/DSC_0273-400x266.jpg 400w, https:\/\/wp.ufpel.edu.br\/sari\/files\/2024\/08\/DSC_0273-1024x680.jpg 1024w, https:\/\/wp.ufpel.edu.br\/sari\/files\/2024\/08\/DSC_0273-768x510.jpg 768w, https:\/\/wp.ufpel.edu.br\/sari\/files\/2024\/08\/DSC_0273-1536x1020.jpg 1536w, https:\/\/wp.ufpel.edu.br\/sari\/files\/2024\/08\/DSC_0273-2048x1360.jpg 2048w\" sizes=\"auto, (max-width: 400px) 100vw, 400px\" \/><\/span><\/p>\n<p>&nbsp;<\/p>\n<p><span style=\"color: #000000;\"><strong>Profa. Dra. Gabriela de Moraes Kyrillos:<\/strong> \u201cFeminismos, Interseccionalidades e Rela\u00e7\u00f5es Internacionais\u201d<\/span><\/p>\n<p><span style=\"color: #000000;\"><img decoding=\"async\" class=\"alignnone size-medium wp-image-98\" src=\"https:\/\/wp.ufpel.edu.br\/sari\/files\/2024\/08\/DSC_0367-400x266.jpg\" alt=\"\" width=\"400\" height=\"266\" \/ loading=\"lazy\" srcset=\"https:\/\/wp.ufpel.edu.br\/sari\/files\/2024\/08\/DSC_0367-400x266.jpg 400w, https:\/\/wp.ufpel.edu.br\/sari\/files\/2024\/08\/DSC_0367-1024x680.jpg 1024w, https:\/\/wp.ufpel.edu.br\/sari\/files\/2024\/08\/DSC_0367-768x510.jpg 768w, https:\/\/wp.ufpel.edu.br\/sari\/files\/2024\/08\/DSC_0367-1536x1020.jpg 1536w, https:\/\/wp.ufpel.edu.br\/sari\/files\/2024\/08\/DSC_0367-2048x1360.jpg 2048w\" sizes=\"auto, (max-width: 400px) 100vw, 400px\" \/><\/span><\/p>\n<p><span style=\"color: #000000;\"><strong>Dia 04: 15\/09\/2022<\/strong><\/span><\/p>\n<p><span style=\"color: #000000;\"><strong>Profa. Dra. Let\u00edcia Britto:<\/strong> \u201cOs Objetivos de Desenvolvimento Sustent\u00e1vel (ODS) e o Hist\u00f3rico de Compromissos Ambientais Globais\u201d<\/span><\/p>\n<p><span style=\"color: #000000;\"><img decoding=\"async\" class=\"alignnone size-medium wp-image-142\" src=\"https:\/\/wp.ufpel.edu.br\/sari\/files\/2024\/08\/DSC_0142-400x266.jpg\" alt=\"\" width=\"400\" height=\"266\" \/ loading=\"lazy\" srcset=\"https:\/\/wp.ufpel.edu.br\/sari\/files\/2024\/08\/DSC_0142-400x266.jpg 400w, https:\/\/wp.ufpel.edu.br\/sari\/files\/2024\/08\/DSC_0142-1024x680.jpg 1024w, https:\/\/wp.ufpel.edu.br\/sari\/files\/2024\/08\/DSC_0142-768x510.jpg 768w, https:\/\/wp.ufpel.edu.br\/sari\/files\/2024\/08\/DSC_0142-1536x1020.jpg 1536w, https:\/\/wp.ufpel.edu.br\/sari\/files\/2024\/08\/DSC_0142-2048x1360.jpg 2048w\" sizes=\"auto, (max-width: 400px) 100vw, 400px\" \/><\/span><\/p>\n<p><span style=\"color: #000000;\"><strong>Dia 05: 16\/09\/2022<\/strong><\/span><\/p>\n<p><span style=\"color: #000000;\"><strong>Profa. Dra. Etiene Marroni:<\/strong> &#8220;Governan\u00e7a Ambiental e Planejamento Espacial Marinho no Brasil&#8221;<\/span><\/p>\n<p><span style=\"color: #000000;\">Conhe\u00e7a o Centro de Estudos Estrat\u00e9gicos e Planejamento Especial Marinho: <a style=\"color: #000000;\" href=\"https:\/\/wp.ufpel.edu.br\/cedepem\/\">https:\/\/wp.ufpel.edu.br\/cedepem\/<\/a><\/span><\/p>\n<p>&nbsp;<\/p>\n<p>&nbsp;<\/p>\n<p><span style=\"color: #000000;\"><strong>Encerramento<\/strong>, com a convidada, o Professor William Daldegan e a Professora Silvana Schimanski.<\/span><\/p>\n<p><span style=\"color: #000000;\">As Atividaddes da <strong>VII SARI ocorreram entre<\/strong><span style=\"font-weight: 400;\"><strong> os dias 12 e 16 de setembro de 2022<\/strong>, nos per\u00edodos vespertino e noturno, no audit\u00f3rio do Centro de P\u00f3s-Gradua\u00e7\u00e3o e Pesquisas em Ci\u00eancias Humanas, Sociais, Sociais Aplicadas, Artes e Linguagem (CEHUS).\u00a0<\/span><\/span><\/p>\n<p><span style=\"color: #000000;\"><img decoding=\"async\" class=\"wp-image-165 alignnone\" style=\"font-family: var(--fonte-corpo);\" src=\"https:\/\/wp.ufpel.edu.br\/sari\/files\/2024\/08\/DSC_1054-400x266.jpg\" alt=\"\" width=\"350\" height=\"233\" \/ loading=\"lazy\" srcset=\"https:\/\/wp.ufpel.edu.br\/sari\/files\/2024\/08\/DSC_1054-400x266.jpg 400w, https:\/\/wp.ufpel.edu.br\/sari\/files\/2024\/08\/DSC_1054-1024x680.jpg 1024w, https:\/\/wp.ufpel.edu.br\/sari\/files\/2024\/08\/DSC_1054-768x510.jpg 768w, https:\/\/wp.ufpel.edu.br\/sari\/files\/2024\/08\/DSC_1054-1536x1020.jpg 1536w, https:\/\/wp.ufpel.edu.br\/sari\/files\/2024\/08\/DSC_1054-2048x1360.jpg 2048w\" sizes=\"auto, (max-width: 350px) 100vw, 350px\" \/><img decoding=\"async\" class=\"alignnone wp-image-166\" src=\"https:\/\/wp.ufpel.edu.br\/sari\/files\/2024\/08\/DSC_1069-scaled-e1724380091125-321x400.jpg\" alt=\"\" width=\"186\" height=\"232\" \/ loading=\"lazy\" srcset=\"https:\/\/wp.ufpel.edu.br\/sari\/files\/2024\/08\/DSC_1069-scaled-e1724380091125-321x400.jpg 321w, https:\/\/wp.ufpel.edu.br\/sari\/files\/2024\/08\/DSC_1069-scaled-e1724380091125-822x1024.jpg 822w, https:\/\/wp.ufpel.edu.br\/sari\/files\/2024\/08\/DSC_1069-scaled-e1724380091125-768x957.jpg 768w, https:\/\/wp.ufpel.edu.br\/sari\/files\/2024\/08\/DSC_1069-scaled-e1724380091125-1233x1536.jpg 1233w, https:\/\/wp.ufpel.edu.br\/sari\/files\/2024\/08\/DSC_1069-scaled-e1724380091125.jpg 1629w\" sizes=\"auto, (max-width: 186px) 100vw, 186px\" \/><\/span><\/p>\n<p><span style=\"color: #000000;\"><span style=\"font-weight: 400;\">\u00a0<\/span>O evento contou com <span style=\"font-family: var(--fonte-corpo);\"><strong>115 inscri\u00e7\u00f5es e 20 palestrante<\/strong><\/span><strong><span style=\"font-family: var(--fonte-corpo);\">s\u00a0 e convidados.\u00a0<\/span><\/strong><\/span><\/p>\n<p style=\"text-align: justify;\"><span style=\"color: #000000;\"><img decoding=\"async\" class=\"wp-image-161 alignnone\" src=\"https:\/\/wp.ufpel.edu.br\/sari\/files\/2024\/08\/DSC_0027-400x266.jpg\" alt=\"\" width=\"366\" height=\"244\" \/ loading=\"lazy\" srcset=\"https:\/\/wp.ufpel.edu.br\/sari\/files\/2024\/08\/DSC_0027-400x266.jpg 400w, https:\/\/wp.ufpel.edu.br\/sari\/files\/2024\/08\/DSC_0027-1024x680.jpg 1024w, https:\/\/wp.ufpel.edu.br\/sari\/files\/2024\/08\/DSC_0027-768x510.jpg 768w, https:\/\/wp.ufpel.edu.br\/sari\/files\/2024\/08\/DSC_0027-1536x1020.jpg 1536w, https:\/\/wp.ufpel.edu.br\/sari\/files\/2024\/08\/DSC_0027-2048x1360.jpg 2048w\" sizes=\"auto, (max-width: 366px) 100vw, 366px\" \/><img decoding=\"async\" class=\"wp-image-164 alignnone\" style=\"font-family: var(--fonte-corpo); text-align: justify;\" src=\"https:\/\/wp.ufpel.edu.br\/sari\/files\/2024\/08\/DSC_1040-400x266.jpg\" alt=\"\" width=\"366\" height=\"244\" \/ loading=\"lazy\" srcset=\"https:\/\/wp.ufpel.edu.br\/sari\/files\/2024\/08\/DSC_1040-400x266.jpg 400w, https:\/\/wp.ufpel.edu.br\/sari\/files\/2024\/08\/DSC_1040-1024x680.jpg 1024w, https:\/\/wp.ufpel.edu.br\/sari\/files\/2024\/08\/DSC_1040-768x510.jpg 768w, https:\/\/wp.ufpel.edu.br\/sari\/files\/2024\/08\/DSC_1040-1536x1020.jpg 1536w, https:\/\/wp.ufpel.edu.br\/sari\/files\/2024\/08\/DSC_1040-2048x1360.jpg 2048w\" sizes=\"auto, (max-width: 366px) 100vw, 366px\" \/><\/span><\/p>\n<p><span style=\"color: #000000;\"><img decoding=\"async\" class=\"alignnone wp-image-160\" src=\"https:\/\/wp.ufpel.edu.br\/sari\/files\/2024\/08\/DSC_0002-400x266.jpg\" alt=\"\" width=\"368\" height=\"245\" \/ loading=\"lazy\" srcset=\"https:\/\/wp.ufpel.edu.br\/sari\/files\/2024\/08\/DSC_0002-400x266.jpg 400w, https:\/\/wp.ufpel.edu.br\/sari\/files\/2024\/08\/DSC_0002-1024x680.jpg 1024w, https:\/\/wp.ufpel.edu.br\/sari\/files\/2024\/08\/DSC_0002-768x510.jpg 768w, https:\/\/wp.ufpel.edu.br\/sari\/files\/2024\/08\/DSC_0002-1536x1020.jpg 1536w, https:\/\/wp.ufpel.edu.br\/sari\/files\/2024\/08\/DSC_0002-2048x1360.jpg 2048w\" sizes=\"auto, (max-width: 368px) 100vw, 368px\" \/><img decoding=\"async\" class=\"alignnone wp-image-185\" src=\"https:\/\/wp.ufpel.edu.br\/sari\/files\/2024\/08\/DSC_0113-400x266.jpg\" alt=\"\" width=\"365\" height=\"243\" \/ loading=\"lazy\" srcset=\"https:\/\/wp.ufpel.edu.br\/sari\/files\/2024\/08\/DSC_0113-400x266.jpg 400w, https:\/\/wp.ufpel.edu.br\/sari\/files\/2024\/08\/DSC_0113-1024x680.jpg 1024w, https:\/\/wp.ufpel.edu.br\/sari\/files\/2024\/08\/DSC_0113-768x510.jpg 768w, https:\/\/wp.ufpel.edu.br\/sari\/files\/2024\/08\/DSC_0113-1536x1020.jpg 1536w, https:\/\/wp.ufpel.edu.br\/sari\/files\/2024\/08\/DSC_0113-2048x1360.jpg 2048w\" sizes=\"auto, (max-width: 365px) 100vw, 365px\" \/><\/span><\/p>\n","protected":false},"excerpt":{"rendered":"<p>Palestras Dia 01: 12\/09\/22 Prof. Dr. Charles Pennaforte: The World System in Transition. O livro publicado pela Editora UFPel pode ser baixado pelo Reposit\u00f3rio da biblioteca da UFPel: https:\/\/guaiaca.ufpel.edu.br\/bitstream\/handle\/prefix\/8538\/The%20World%20System%20in%20transition_a%20panoramic%20view.pdf?sequence=1&amp;isAllowed=y Profa. Dra. Tatiana Vargas Maia: \u201c30 anos do feminismo nas Rela\u00e7\u00f5es Internacionais: Uma reavalia\u00e7\u00e3o\u201d Dia 02: 13\/09\/22 Roda de Conversa sobre o Mundo do Trabalho (CIEE, [&hellip;]<\/p>\n","protected":false},"author":1389,"featured_media":0,"parent":206,"menu_order":0,"comment_status":"closed","ping_status":"closed","template":"","meta":{"footnotes":""},"class_list":["post-38","page","type-page","status-publish","hentry"],"_links":{"self":[{"href":"https:\/\/wp.ufpel.edu.br\/sari\/wp-json\/wp\/v2\/pages\/38","targetHints":{"allow":["GET"]}}],"collection":[{"href":"https:\/\/wp.ufpel.edu.br\/sari\/wp-json\/wp\/v2\/pages"}],"about":[{"href":"https:\/\/wp.ufpel.edu.br\/sari\/wp-json\/wp\/v2\/types\/page"}],"author":[{"embeddable":true,"href":"https:\/\/wp.ufpel.edu.br\/sari\/wp-json\/wp\/v2\/users\/1389"}],"replies":[{"embeddable":true,"href":"https:\/\/wp.ufpel.edu.br\/sari\/wp-json\/wp\/v2\/comments?post=38"}],"version-history":[{"count":4,"href":"https:\/\/wp.ufpel.edu.br\/sari\/wp-json\/wp\/v2\/pages\/38\/revisions"}],"predecessor-version":[{"id":531,"href":"https:\/\/wp.ufpel.edu.br\/sari\/wp-json\/wp\/v2\/pages\/38\/revisions\/531"}],"up":[{"embeddable":true,"href":"https:\/\/wp.ufpel.edu.br\/sari\/wp-json\/wp\/v2\/pages\/206"}],"wp:attachment":[{"href":"https:\/\/wp.ufpel.edu.br\/sari\/wp-json\/wp\/v2\/media?parent=38"}],"curies":[{"name":"wp","href":"https:\/\/api.w.org\/{rel}","templated":true}]}}