{"id":365,"date":"2025-08-28T17:19:53","date_gmt":"2025-08-28T20:19:53","guid":{"rendered":"https:\/\/wp.ufpel.edu.br\/sari\/?page_id=365"},"modified":"2026-02-23T18:50:18","modified_gmt":"2026-02-23T21:50:18","slug":"anais-da-sari","status":"publish","type":"page","link":"https:\/\/wp.ufpel.edu.br\/sari\/anais-da-sari\/","title":{"rendered":"Anais"},"content":{"rendered":"<h2 style=\"text-align: center;\"><span style=\"color: #3e6226;\"><strong>Anais da SARI<\/strong><\/span><\/h2>\n<p><span style=\"color: #000000;\"><strong>T\u00edtulo completo: <\/strong>Anais da Semana Acad\u00eamica de Rela\u00e7\u00f5es Internacionais da Universidade Federal de Pelotas (UFPel).<\/span><\/p>\n<h3><span style=\"color: #3e6226;\"><strong>Natureza e objetivos<\/strong><\/span><\/h3>\n<p><span style=\"color: #000000;\">Os Anais da Semana Acad\u00eamica de Rela\u00e7\u00f5es Internacionais da Universidade Federal de Pelotas (SARI\/UFPel) constituem uma publica\u00e7\u00e3o cont\u00ednua online, de car\u00e1ter acad\u00eamico e cient\u00edfico, destinada \u00e0 divulga\u00e7\u00e3o dos trabalhos apresentados durante as edi\u00e7\u00f5es anuais da Semana Acad\u00eamica de Rela\u00e7\u00f5es Internacionais da UFPel.<\/span><\/p>\n<p><span style=\"color: #000000;\">A publica\u00e7\u00e3o tem como objetivo promover a socializa\u00e7\u00e3o de pesquisas, reflex\u00f5es e experi\u00eancias de discentes, docentes e pesquisadores da \u00e1rea de Rela\u00e7\u00f5es Internacionais e de campos afins, contribuindo para o fortalecimento do debate acad\u00eamico e da produ\u00e7\u00e3o cient\u00edfica no \u00e2mbito universit\u00e1rio.<\/span><\/p>\n<p><span style=\"color: #000000;\"><strong>Periodicidade: <\/strong><\/span><span style=\"color: #000000;\">Anual.<\/span><\/p>\n<p data-start=\"192\" data-end=\"472\"><span style=\"color: #000000;\"><strong>Observa\u00e7\u00e3o<em data-start=\"220\" data-end=\"233\">: <\/em><\/strong><\/span><span style=\"color: #000000;\">A edi\u00e7\u00e3o referente ao ano de 2024 foi realizada em 2025, em raz\u00e3o das excepcionalidades clim\u00e1ticas decorrentes das enchentes que atingiram o estado do Rio Grande do Sul, o que ocasionou o adiamento do evento e de sua publica\u00e7\u00e3o.<\/span><\/p>\n<h3><span style=\"color: #3e6226;\"><strong>Institui\u00e7\u00e3o de Vincula\u00e7\u00e3o<\/strong><\/span><\/h3>\n<p><span style=\"color: #000000;\">Universidade Federal de Pelotas (UFPel)<\/span><br \/>\n<span style=\"color: #000000;\">Curso de Rela\u00e7\u00f5es Internacionais \u2014 Instituto de Filosofia, Sociologia e Pol\u00edtica (IFISP)<\/span><br \/>\n<span style=\"color: #000000;\">Rua Alberto Rosa, n\u00ba 154 \u2014 Centro<\/span><br \/>\n<span style=\"color: #000000;\">CEP 96010-770 \u2014 Pelotas, RS \u2014 Brasil<\/span><br \/>\n<span style=\"color: #000000;\">Site institucional: www.ufpel.edu.br<\/span><\/p>\n<p><span style=\"color: #000000;\"><strong>Coordena\u00e7\u00e3o editorial:<\/strong>\u00a0Coordena\u00e7\u00e3o da edi\u00e7\u00e3o da SARI e Centro Acad\u00eamico de Rela\u00e7\u00f5es Internacionais (CA-RI\/UFPel).<\/span><\/p>\n<h3><span style=\"color: #3e6226;\"><strong>Normas de publica\u00e7\u00e3o<\/strong><\/span><\/h3>\n<p><span style=\"color: #000000;\">A publica\u00e7\u00e3o de trabalhos acad\u00eamicos segue as normas definidas pelo Manual de Normas da UFPel, elaborado conforme as diretrizes da ABNT.<\/span><\/p>\n<p><span style=\"color: #000000;\">O manual estabelece:<\/span><\/p>\n<ul>\n<li><span style=\"color: #000000;\"><strong>Estrutura dos trabalhos:<\/strong> elementos obrigat\u00f3rios (como capa, folha de rosto, resumo, refer\u00eancias) e opcionais (dedicat\u00f3ria, anexos, gloss\u00e1rio etc.);<\/span><\/li>\n<li><span style=\"color: #000000;\"><strong>Formata\u00e7\u00e3o:<\/strong> padroniza\u00e7\u00e3o de margens, fontes, cita\u00e7\u00f5es e numera\u00e7\u00e3o progressiva;<\/span><\/li>\n<li><span style=\"color: #000000;\"><strong>Cita\u00e7\u00f5es e refer\u00eancias:<\/strong> conforme a NBR 10520 (cita\u00e7\u00f5es) e NBR 6023 (refer\u00eancias), garantindo precis\u00e3o e uniformidade;<\/span><\/li>\n<li><span style=\"color: #000000;\"><strong>Apresenta\u00e7\u00e3o gr\u00e1fica:<\/strong> normas gerais para tabelas, figuras, notas de rodap\u00e9 e anexos.<\/span><\/li>\n<\/ul>\n<p><span style=\"color: #000000;\">O objetivo \u00e9 assegurar a padroniza\u00e7\u00e3o e a qualidade cient\u00edfica das produ\u00e7\u00f5es, facilitando sua leitura, indexa\u00e7\u00e3o e preserva\u00e7\u00e3o em reposit\u00f3rios institucionais.<\/span><\/p>\n<p style=\"text-align: center;\"><span style=\"color: #3e6226;\"><em><strong><a style=\"color: #3e6226;\" href=\"https:\/\/wp.ufpel.edu.br\/sisbi\/files\/2019\/06\/Manual.pdf\">Acesse o Manual completo aqui!<\/a><\/strong><\/em><\/span><\/p>\n<h3><span style=\"color: #3e6226;\"><strong>Pol\u00edtica de preserva\u00e7\u00e3o digital<\/strong><\/span><\/h3>\n<p><span style=\"color: #000000;\">Os Anais da Semana Acad\u00eamica de Rela\u00e7\u00f5es Internacionais da Universidade Federal de Pelotas (UFPel) s\u00e3o mantidos no dom\u00ednio institucional da UFPel (<a style=\"color: #000000;\" href=\"https:\/\/wp.ufpel.edu.br\/sari\/\">https:\/\/wp.ufpel.edu.br\/sari\/<\/a>), assegurando a preserva\u00e7\u00e3o digital e o acesso permanente a todas as suas edi\u00e7\u00f5es.<\/span><\/p>\n","protected":false},"excerpt":{"rendered":"<p>Anais da SARI T\u00edtulo completo: Anais da Semana Acad\u00eamica de Rela\u00e7\u00f5es Internacionais da Universidade Federal de Pelotas (UFPel). Natureza e objetivos Os Anais da Semana Acad\u00eamica de Rela\u00e7\u00f5es Internacionais da Universidade Federal de Pelotas (SARI\/UFPel) constituem uma publica\u00e7\u00e3o cont\u00ednua online, de car\u00e1ter acad\u00eamico e cient\u00edfico, destinada \u00e0 divulga\u00e7\u00e3o dos trabalhos apresentados durante as edi\u00e7\u00f5es anuais [&hellip;]<\/p>\n","protected":false},"author":1418,"featured_media":0,"parent":0,"menu_order":0,"comment_status":"closed","ping_status":"closed","template":"","meta":{"footnotes":""},"class_list":["post-365","page","type-page","status-publish","hentry"],"_links":{"self":[{"href":"https:\/\/wp.ufpel.edu.br\/sari\/wp-json\/wp\/v2\/pages\/365","targetHints":{"allow":["GET"]}}],"collection":[{"href":"https:\/\/wp.ufpel.edu.br\/sari\/wp-json\/wp\/v2\/pages"}],"about":[{"href":"https:\/\/wp.ufpel.edu.br\/sari\/wp-json\/wp\/v2\/types\/page"}],"author":[{"embeddable":true,"href":"https:\/\/wp.ufpel.edu.br\/sari\/wp-json\/wp\/v2\/users\/1418"}],"replies":[{"embeddable":true,"href":"https:\/\/wp.ufpel.edu.br\/sari\/wp-json\/wp\/v2\/comments?post=365"}],"version-history":[{"count":4,"href":"https:\/\/wp.ufpel.edu.br\/sari\/wp-json\/wp\/v2\/pages\/365\/revisions"}],"predecessor-version":[{"id":659,"href":"https:\/\/wp.ufpel.edu.br\/sari\/wp-json\/wp\/v2\/pages\/365\/revisions\/659"}],"wp:attachment":[{"href":"https:\/\/wp.ufpel.edu.br\/sari\/wp-json\/wp\/v2\/media?parent=365"}],"curies":[{"name":"wp","href":"https:\/\/api.w.org\/{rel}","templated":true}]}}