{"id":35,"date":"2024-08-12T20:05:36","date_gmt":"2024-08-12T23:05:36","guid":{"rendered":"https:\/\/wp.ufpel.edu.br\/sari\/?page_id=35"},"modified":"2025-10-13T09:44:52","modified_gmt":"2025-10-13T12:44:52","slug":"a-equipe","status":"publish","type":"page","link":"https:\/\/wp.ufpel.edu.br\/sari\/edicoes-anteriores\/vii-sari\/a-equipe\/","title":{"rendered":"Equipe"},"content":{"rendered":"<h2 style=\"text-align: center;\"><span style=\"color: #84343c;\">Coordena\u00e7\u00e3o e Colaboradores<\/span><\/h2>\n<p><span style=\"color: #000000;\">As atividades da SARI s\u00e3o propostas e organizadas pelos estudantes, sob a Coordena\u00e7\u00e3o de docente respons\u00e1vel pelo registro da atividade no Sistema Cobalto (para Certifica\u00e7\u00e3o) e outros encaminhamentos de ordem administrativa. A VII SARI foi registrada como um Projeto Unificado com \u00eanfase em Esnino, cadastrada sob o c\u00f3digo de registro 5844. A equipe de colaboradores discentes se subdividiu para o planejamento e execu\u00e7\u00e3o de todas as atividades relacionadas ao evento.<\/span><\/p>\n<p><span style=\"color: #000000;\"><img class=\" wp-image-87 alignleft\" style=\"text-align: justify;\"  src=\"data:image\/svg+xml,%3Csvg xmlns=\"http:\/\/www.w3.org\/2000\/svg\" viewBox=\"0 0 1 1\"%3E%3C\/svg%3E\" data-src=\"https:\/\/wp.ufpel.edu.br\/sari\/files\/2024\/08\/WhatsApp-Image-2024-08-12-at-9.40.13-PM-400x234.jpeg\" class=\"lazy-load\" loading=\"lazy\" decoding=\"async\" alt=\"\" width=\"424\" height=\"248\" \/><\/span><\/p>\n<p><span style=\"color: #000000;\"><strong>Coordenadora Docente:\u00a0<\/strong>Profa. Dra. Silvana Schimanski<\/span><\/p>\n<p><span style=\"color: #000000;\"><strong>Colaboradores Discentes:<\/strong><\/span><\/p>\n<p><span style=\"color: #000000;\">Ana Helena Gerevini Avila; Caio Junior Auler; Caio Menezes Dos Santos; Dandara Santos de Abreu; Estela Damian Correa; Gabrielle Bezerra Veloso; Gisele Quevedo Boroni; Gustavo Ferreira Echer; Irisvan Nunes Batista Junior; Italo Augusto Fonseca Xavier; Jonathan Santos Pereira Feijo; Julia Adriane Ferreira Bretanha; Julia Maria Soares Andrade Rudrigues; J\u00falio C\u00e9sar Madeira; Kelyane Brito De Souza; Liara Luiza Durigon Pozzobon; Luana Menezes; Maria Luisa Simioni; Milena Magdanz Dave; Rafaella Goncalves Santos; Silvia Duarte Dias; Taise<span style=\"font-family: var(--fonte-corpo);\"> Vitoria Da Silva Borges e Wander Catarina Dos Santos.<\/span><\/span><\/p>\n<p><span style=\"color: #000000;\"><strong>Relat\u00f3rio T\u00e9cnico:<\/strong> <a style=\"color: #000000;\" href=\"https:\/\/wp.ufpel.edu.br\/sari\/files\/2024\/08\/Relatorio-do-Evento-2022.pdf\">Relat\u00f3rio do Evento 2022<\/a><\/span><\/p>\n<p><span style=\"color: #000000;\"><strong>Patrocinadores:<\/strong><\/span><\/p>\n<p><span style=\"color: #000000;\"><strong style=\"font-family: var(--fonte-corpo);\"><img decoding=\"async\" class=\"wp-image-64 alignleft\" src=\"https:\/\/wp.ufpel.edu.br\/sari\/files\/2024\/08\/Patrocinios-400x225.jpg\" alt=\"\" width=\"519\" height=\"292\" \/ loading=\"lazy\" srcset=\"https:\/\/wp.ufpel.edu.br\/sari\/files\/2024\/08\/Patrocinios-400x225.jpg 400w, https:\/\/wp.ufpel.edu.br\/sari\/files\/2024\/08\/Patrocinios-1024x576.jpg 1024w, https:\/\/wp.ufpel.edu.br\/sari\/files\/2024\/08\/Patrocinios-768x432.jpg 768w, https:\/\/wp.ufpel.edu.br\/sari\/files\/2024\/08\/Patrocinios.jpg 1280w\" sizes=\"auto, (max-width: 519px) 100vw, 519px\" \/><\/strong><\/span><\/p>\n<p><span style=\"color: #000000;\"><img decoding=\"async\" class=\"size-medium wp-image-171 alignnone\" src=\"https:\/\/wp.ufpel.edu.br\/sari\/files\/2024\/08\/DSC_1030-400x266.jpg\" alt=\"\" width=\"400\" height=\"266\" \/ loading=\"lazy\" srcset=\"https:\/\/wp.ufpel.edu.br\/sari\/files\/2024\/08\/DSC_1030-400x266.jpg 400w, https:\/\/wp.ufpel.edu.br\/sari\/files\/2024\/08\/DSC_1030-1024x680.jpg 1024w, https:\/\/wp.ufpel.edu.br\/sari\/files\/2024\/08\/DSC_1030-768x510.jpg 768w, https:\/\/wp.ufpel.edu.br\/sari\/files\/2024\/08\/DSC_1030-1536x1020.jpg 1536w, https:\/\/wp.ufpel.edu.br\/sari\/files\/2024\/08\/DSC_1030-2048x1360.jpg 2048w\" sizes=\"auto, (max-width: 400px) 100vw, 400px\" \/><\/span><\/p>\n<p>&nbsp;<\/p>\n<p><span style=\"color: #000000;\"><img decoding=\"async\" class=\"alignnone size-medium wp-image-170\" src=\"https:\/\/wp.ufpel.edu.br\/sari\/files\/2024\/08\/DSC_1094-1-400x266.jpg\" alt=\"\" width=\"400\" height=\"266\" \/ loading=\"lazy\" srcset=\"https:\/\/wp.ufpel.edu.br\/sari\/files\/2024\/08\/DSC_1094-1-400x266.jpg 400w, https:\/\/wp.ufpel.edu.br\/sari\/files\/2024\/08\/DSC_1094-1-1024x680.jpg 1024w, https:\/\/wp.ufpel.edu.br\/sari\/files\/2024\/08\/DSC_1094-1-768x510.jpg 768w, https:\/\/wp.ufpel.edu.br\/sari\/files\/2024\/08\/DSC_1094-1-1536x1020.jpg 1536w, https:\/\/wp.ufpel.edu.br\/sari\/files\/2024\/08\/DSC_1094-1-2048x1360.jpg 2048w\" sizes=\"auto, (max-width: 400px) 100vw, 400px\" \/> <img decoding=\"async\" class=\"size-medium wp-image-89 alignnone\" src=\"https:\/\/wp.ufpel.edu.br\/sari\/files\/2024\/08\/DSC_1106-400x266.jpg\" alt=\"\" width=\"400\" height=\"266\" \/ loading=\"lazy\" srcset=\"https:\/\/wp.ufpel.edu.br\/sari\/files\/2024\/08\/DSC_1106-400x266.jpg 400w, https:\/\/wp.ufpel.edu.br\/sari\/files\/2024\/08\/DSC_1106-1024x680.jpg 1024w, https:\/\/wp.ufpel.edu.br\/sari\/files\/2024\/08\/DSC_1106-768x510.jpg 768w, https:\/\/wp.ufpel.edu.br\/sari\/files\/2024\/08\/DSC_1106-1536x1020.jpg 1536w, https:\/\/wp.ufpel.edu.br\/sari\/files\/2024\/08\/DSC_1106-2048x1360.jpg 2048w\" sizes=\"auto, (max-width: 400px) 100vw, 400px\" \/><\/span><\/p>\n<p>&nbsp;<\/p>\n<p>&nbsp;<\/p>\n","protected":false},"excerpt":{"rendered":"<p>Coordena\u00e7\u00e3o e Colaboradores As atividades da SARI s\u00e3o propostas e organizadas pelos estudantes, sob a Coordena\u00e7\u00e3o de docente respons\u00e1vel pelo registro da atividade no Sistema Cobalto (para Certifica\u00e7\u00e3o) e outros encaminhamentos de ordem administrativa. A VII SARI foi registrada como um Projeto Unificado com \u00eanfase em Esnino, cadastrada sob o c\u00f3digo de registro 5844. A [&hellip;]<\/p>\n","protected":false},"author":1389,"featured_media":0,"parent":206,"menu_order":0,"comment_status":"closed","ping_status":"closed","template":"","meta":{"footnotes":""},"class_list":["post-35","page","type-page","status-publish","hentry"],"_links":{"self":[{"href":"https:\/\/wp.ufpel.edu.br\/sari\/wp-json\/wp\/v2\/pages\/35","targetHints":{"allow":["GET"]}}],"collection":[{"href":"https:\/\/wp.ufpel.edu.br\/sari\/wp-json\/wp\/v2\/pages"}],"about":[{"href":"https:\/\/wp.ufpel.edu.br\/sari\/wp-json\/wp\/v2\/types\/page"}],"author":[{"embeddable":true,"href":"https:\/\/wp.ufpel.edu.br\/sari\/wp-json\/wp\/v2\/users\/1389"}],"replies":[{"embeddable":true,"href":"https:\/\/wp.ufpel.edu.br\/sari\/wp-json\/wp\/v2\/comments?post=35"}],"version-history":[{"count":4,"href":"https:\/\/wp.ufpel.edu.br\/sari\/wp-json\/wp\/v2\/pages\/35\/revisions"}],"predecessor-version":[{"id":534,"href":"https:\/\/wp.ufpel.edu.br\/sari\/wp-json\/wp\/v2\/pages\/35\/revisions\/534"}],"up":[{"embeddable":true,"href":"https:\/\/wp.ufpel.edu.br\/sari\/wp-json\/wp\/v2\/pages\/206"}],"wp:attachment":[{"href":"https:\/\/wp.ufpel.edu.br\/sari\/wp-json\/wp\/v2\/media?parent=35"}],"curies":[{"name":"wp","href":"https:\/\/api.w.org\/{rel}","templated":true}]}}