{"id":32,"date":"2024-08-12T20:05:04","date_gmt":"2024-08-12T23:05:04","guid":{"rendered":"https:\/\/wp.ufpel.edu.br\/sari\/?page_id=32"},"modified":"2025-01-18T04:28:25","modified_gmt":"2025-01-18T07:28:25","slug":"a-sari","status":"publish","type":"page","link":"https:\/\/wp.ufpel.edu.br\/sari\/edicoes-anteriores\/vii-sari\/a-sari\/","title":{"rendered":"A SARI"},"content":{"rendered":"<p><strong>VII Semana Acad\u00eamica de Rela\u00e7\u00f5es Internacionais (SARI)<\/strong><\/p>\n<p><span style=\"font-weight: 400;\">A Semana Acad\u00eamica representa um momento privilegiado no Curso de Bacharelado em Rela\u00e7\u00f5es Internacionais, pois permite que um evento cient\u00edfico seja organizado colaborativamente, com a participa\u00e7\u00e3o direta dos estudantes, sob a orienta\u00e7\u00e3o e dos docentes do curso, para a discuss\u00e3o de assuntos relacionados ao campo e \u00e0 forma\u00e7\u00e3o.\u00a0 <\/span><\/p>\n<p><span style=\"font-weight: 400;\">A VII Edi\u00e7\u00e3o da Semana Acad\u00eamica de Rela\u00e7\u00f5es Internacionais \u00e9<\/span><span style=\"font-weight: 400;\"> primeiro evento do Curso realizado no modo presencial, depois da suspens\u00e3o das atividades acad\u00eamicas em decorr\u00eancia da Covid-19, em mar\u00e7o de 2020.\u00a0 Como um<\/span><span style=\"font-weight: 400;\"> evento com \u00eanfase em ensino, foi cadastrado sob o c\u00f3digo (5844).\u00a0<\/span><\/p>\n<p><img class=\"size-medium wp-image-16 alignleft\"  src=\"data:image\/svg+xml,%3Csvg xmlns=\"http:\/\/www.w3.org\/2000\/svg\" viewBox=\"0 0 1 1\"%3E%3C\/svg%3E\" data-src=\"https:\/\/wp.ufpel.edu.br\/sari\/files\/2022\/08\/WhatsApp-Image-2022-08-18-at-11.17.15-400x400.jpeg\" class=\"lazy-load\" loading=\"lazy\" decoding=\"async\" alt=\"\" width=\"400\" height=\"400\" \/><\/p>\n<p>O evento ocorrer\u00e1 entre os dias 12 a 16 de setembro, sendo poss\u00edvel a participa\u00e7\u00e3o como ouvintes e apresentadores de trabalhos. Este ano o tema abordar\u00e1 a \u201cAmplia\u00e7\u00e3o das Agendas e dos Atores nas Rela\u00e7\u00f5es Internacionais Contempor\u00e2neas\u201d.<\/p>\n<p>As inscri\u00e7\u00f5es poder\u00e3o ser feitas atrav\u00e9s do link:<\/p>\n<p><a href=\"https:\/\/docs.google.com\/forms\/d\/e\/1FAIpQLSf7uBPTjJ2LEN0wtw-KEYq5VApW0VvsCVHdkY-fbHyaaC6ycA\/viewform?usp=sf_link\" target=\"_blank\" rel=\"noopener noreferrer\">https:\/\/docs.google.com\/forms\/d\/e\/1FAIpQLSf7uBPTjJ2LEN0wtw-KEYq5VApW0VvsCVHdkY-fbHyaaC6ycA\/viewform?usp=sf_link<\/a>.<\/p>\n<p>As inscri\u00e7\u00f5es ser\u00e3o aceitas at\u00e9 o dia 24\/08\/22, \u00e0s 23:59 (hor\u00e1rio de Bras\u00edlia).<\/p>\n<p>Para acompanhar todas as informa\u00e7\u00f5es, acompanhem nossa p\u00e1gina no Instagram @riufpel.<\/p>\n<p>*Trata-se de um evento acad\u00eamico sem fins lucrativos, que estimula a realiza\u00e7\u00e3o de atividades complementares e a troca de experi\u00eancias, contribuindo para a forma\u00e7\u00e3o do perfil dos egressos proposta pelo Projeto Pedag\u00f3gico do curso.<\/p>\n","protected":false},"excerpt":{"rendered":"<p>VII Semana Acad\u00eamica de Rela\u00e7\u00f5es Internacionais (SARI) A Semana Acad\u00eamica representa um momento privilegiado no Curso de Bacharelado em Rela\u00e7\u00f5es Internacionais, pois permite que um evento cient\u00edfico seja organizado colaborativamente, com a participa\u00e7\u00e3o direta dos estudantes, sob a orienta\u00e7\u00e3o e dos docentes do curso, para a discuss\u00e3o de assuntos relacionados ao campo e \u00e0 forma\u00e7\u00e3o.\u00a0 [&hellip;]<\/p>\n","protected":false},"author":1389,"featured_media":23,"parent":206,"menu_order":0,"comment_status":"closed","ping_status":"closed","template":"","meta":{"footnotes":""},"class_list":["post-32","page","type-page","status-publish","has-post-thumbnail","hentry"],"_links":{"self":[{"href":"https:\/\/wp.ufpel.edu.br\/sari\/wp-json\/wp\/v2\/pages\/32","targetHints":{"allow":["GET"]}}],"collection":[{"href":"https:\/\/wp.ufpel.edu.br\/sari\/wp-json\/wp\/v2\/pages"}],"about":[{"href":"https:\/\/wp.ufpel.edu.br\/sari\/wp-json\/wp\/v2\/types\/page"}],"author":[{"embeddable":true,"href":"https:\/\/wp.ufpel.edu.br\/sari\/wp-json\/wp\/v2\/users\/1389"}],"replies":[{"embeddable":true,"href":"https:\/\/wp.ufpel.edu.br\/sari\/wp-json\/wp\/v2\/comments?post=32"}],"version-history":[{"count":13,"href":"https:\/\/wp.ufpel.edu.br\/sari\/wp-json\/wp\/v2\/pages\/32\/revisions"}],"predecessor-version":[{"id":260,"href":"https:\/\/wp.ufpel.edu.br\/sari\/wp-json\/wp\/v2\/pages\/32\/revisions\/260"}],"up":[{"embeddable":true,"href":"https:\/\/wp.ufpel.edu.br\/sari\/wp-json\/wp\/v2\/pages\/206"}],"wp:featuredmedia":[{"embeddable":true,"href":"https:\/\/wp.ufpel.edu.br\/sari\/wp-json\/wp\/v2\/media\/23"}],"wp:attachment":[{"href":"https:\/\/wp.ufpel.edu.br\/sari\/wp-json\/wp\/v2\/media?parent=32"}],"curies":[{"name":"wp","href":"https:\/\/api.w.org\/{rel}","templated":true}]}}