{"id":283,"date":"2025-01-19T23:37:56","date_gmt":"2025-01-20T02:37:56","guid":{"rendered":"https:\/\/wp.ufpel.edu.br\/sari\/?page_id=283"},"modified":"2025-10-13T09:41:49","modified_gmt":"2025-10-13T12:41:49","slug":"faq","status":"publish","type":"page","link":"https:\/\/wp.ufpel.edu.br\/sari\/faq\/","title":{"rendered":"Perguntas Frequentes"},"content":{"rendered":"<h2 style=\"text-align: center;\"><span style=\"color: #84343c;\"><strong>Perguntas Frequentes<\/strong><\/span><\/h2>\n<p><span style=\"color: #000000;\"><strong>Quando ser\u00e1 realizada a IX SARI?<\/strong><\/span><\/p>\n<ul>\n<li style=\"font-weight: 400;\" aria-level=\"1\"><span style=\"font-weight: 400; color: #000000;\">17 a 21 de fevereiro de 2025.\u00a0<\/span><\/li>\n<\/ul>\n<p><span style=\"color: #000000;\"><strong>Onde ser\u00e1 realizada a IX SARI?<\/strong><\/span><\/p>\n<ul>\n<li style=\"font-weight: 400;\" aria-level=\"1\"><span style=\"font-weight: 400; color: #000000;\">Online: Canal Oficial no YouTube<\/span><\/li>\n<li style=\"font-weight: 400;\" aria-level=\"1\"><span style=\"font-weight: 400; color: #000000;\">Presencial: Audit\u00f3rio da Faculdade de Direito R. F\u00e9lix Xavier da Cunha, 363 &#8211; Centro, Pelotas &#8211; RS.<\/span><\/li>\n<\/ul>\n<p><span style=\"color: #000000;\"><strong>H\u00e1 emiss\u00e3o de certificado?<\/strong><\/span><\/p>\n<ul>\n<li style=\"font-weight: 400;\" aria-level=\"1\"><span style=\"font-weight: 400; color: #000000;\">Sim, para ouvintes das modalidades online e presencial, \u00e9 necess\u00e1rio a presen\u00e7a em 50% das palestras totais no evento, isto \u00e9, no m\u00ednimo 9 palestras. O total equivale a 40h para atividades complementares para a conclus\u00e3o do curso.\u00a0<\/span><\/li>\n<li style=\"font-weight: 400;\" aria-level=\"1\"><span style=\"font-weight: 400; color: #000000;\">Tamb\u00e9m ser\u00e1 emitido um certificado para apresentadores de trabalho, palestrantes e fot\u00f3grafos do evento<\/span><\/li>\n<\/ul>\n<p><span style=\"color: #000000;\"><strong>Qual \u00e9 o valor da inscri\u00e7\u00e3o?<\/strong><\/span><\/p>\n<ul>\n<li style=\"font-weight: 400;\" aria-level=\"1\"><span style=\"font-weight: 400; color: #000000;\">R$ 33,00 &#8211; Ouvintes<br \/>\n<\/span><\/li>\n<li aria-level=\"1\"><span style=\"color: #000000;\">R$ 20,00 &#8211; Ouvintes da Modalidade Exclusivamente Online<\/span><\/li>\n<li style=\"font-weight: 400;\" aria-level=\"1\"><span style=\"font-weight: 400; color: #000000;\">R$ 30,00 &#8211; Apresentadores de Trabalho<\/span><\/li>\n<\/ul>\n<p><span style=\"color: #000000;\"><strong>Sou da N\u00f3rdica, ganho desconto?<\/strong><\/span><\/p>\n<ul>\n<li style=\"font-weight: 400;\" aria-level=\"1\"><span style=\"font-weight: 400; color: #000000;\">Sim, membros atuais da Gest\u00e3o da Associa\u00e7\u00e3o Atl\u00e9tica de Rela\u00e7\u00f5es Internacionais- UFPEL ganham desconto de R$ 3,00 em todas as modalidades e pagam 27 reais na modalidade presencial e online.<\/span><\/li>\n<\/ul>\n<p><span style=\"color: #000000;\"><strong>Sou da PRAE, ganho isen\u00e7\u00e3o?<br \/>\n<\/strong><\/span><\/p>\n<ul>\n<li><span style=\"font-weight: 400; color: #000000;\">Sim! S\u00f3 \u00e9 necess\u00e1rio mandar o comprovante para o e-mail congressistasixsari@gmail.com<\/span><\/li>\n<\/ul>\n<p><span style=\"color: #000000;\"><strong>Onde posso me inscrever?<\/strong><\/span><\/p>\n<ul>\n<li style=\"font-weight: 400;\" aria-level=\"1\"><span style=\"color: #000000;\"><span style=\"font-weight: 400;\">\u00c9 poss\u00edvel se inscrever at\u00e9 o dia 14\/02 pelo link: <\/span><a style=\"color: #000000;\" href=\"https:\/\/docs.google.com\/forms\/d\/e\/1FAIpQLSd0hlmKeV-3f_UYZJUxPXfZl6_iqGUGPPLiEJx2EDmdugDjWw\/viewform\"><span style=\"font-weight: 400;\">INSCRI\u00c7\u00c3O IX SARI<\/span><\/a><\/span><\/li>\n<li style=\"font-weight: 400;\" aria-level=\"1\"><span style=\"color: #000000;\"><span style=\"font-weight: 400;\">Confira os editais: <\/span><span style=\"font-weight: 400;\">Confira<\/span><a style=\"color: #000000;\" href=\"https:\/\/drive.google.com\/file\/d\/1hKNIKV6Pk3-SOHqH961LhQQqK0c9HTAX\/view?usp=sharing\"> <span style=\"font-weight: 400;\">Aqui<\/span><\/a><span style=\"font-weight: 400;\"> o edital para inscri\u00e7\u00e3o!<\/span><\/span><\/li>\n<\/ul>\n<p>&nbsp;<\/p>\n","protected":false},"excerpt":{"rendered":"<p>Perguntas Frequentes Quando ser\u00e1 realizada a IX SARI? 17 a 21 de fevereiro de 2025.\u00a0 Onde ser\u00e1 realizada a IX SARI? Online: Canal Oficial no YouTube Presencial: Audit\u00f3rio da Faculdade de Direito R. F\u00e9lix Xavier da Cunha, 363 &#8211; Centro, Pelotas &#8211; RS. H\u00e1 emiss\u00e3o de certificado? Sim, para ouvintes das modalidades online e presencial, [&hellip;]<\/p>\n","protected":false},"author":1418,"featured_media":0,"parent":0,"menu_order":4,"comment_status":"closed","ping_status":"closed","template":"","meta":{"footnotes":""},"class_list":["post-283","page","type-page","status-publish","hentry"],"_links":{"self":[{"href":"https:\/\/wp.ufpel.edu.br\/sari\/wp-json\/wp\/v2\/pages\/283","targetHints":{"allow":["GET"]}}],"collection":[{"href":"https:\/\/wp.ufpel.edu.br\/sari\/wp-json\/wp\/v2\/pages"}],"about":[{"href":"https:\/\/wp.ufpel.edu.br\/sari\/wp-json\/wp\/v2\/types\/page"}],"author":[{"embeddable":true,"href":"https:\/\/wp.ufpel.edu.br\/sari\/wp-json\/wp\/v2\/users\/1418"}],"replies":[{"embeddable":true,"href":"https:\/\/wp.ufpel.edu.br\/sari\/wp-json\/wp\/v2\/comments?post=283"}],"version-history":[{"count":4,"href":"https:\/\/wp.ufpel.edu.br\/sari\/wp-json\/wp\/v2\/pages\/283\/revisions"}],"predecessor-version":[{"id":529,"href":"https:\/\/wp.ufpel.edu.br\/sari\/wp-json\/wp\/v2\/pages\/283\/revisions\/529"}],"wp:attachment":[{"href":"https:\/\/wp.ufpel.edu.br\/sari\/wp-json\/wp\/v2\/media?parent=283"}],"curies":[{"name":"wp","href":"https:\/\/api.w.org\/{rel}","templated":true}]}}