{"id":273,"date":"2025-01-19T23:26:36","date_gmt":"2025-01-20T02:26:36","guid":{"rendered":"https:\/\/wp.ufpel.edu.br\/sari\/?page_id=273"},"modified":"2025-10-13T09:41:14","modified_gmt":"2025-10-13T12:41:14","slug":"patrocinadores-e-apoiadores","status":"publish","type":"page","link":"https:\/\/wp.ufpel.edu.br\/sari\/patrocinadores-e-apoiadores\/","title":{"rendered":"Patrocinadores e Apoiadores"},"content":{"rendered":"<h2 style=\"text-align: center;\"><span style=\"color: #84343c;\"><strong>Patrocinadores e Apoiadores<\/strong><\/span><\/h2>\n<p><span style=\"color: #000000;\">A <strong>IX SARI<\/strong> contou com o apoio de uma s\u00e9rie de <strong>patrocinadores e parceiros<\/strong> institucionais que contribu\u00edram para a realiza\u00e7\u00e3o e viabiliza\u00e7\u00e3o de suas atividades. Agradecemos a todos que tornaram poss\u00edvel a concretiza\u00e7\u00e3o deste evento, cuja realiza\u00e7\u00e3o s\u00f3 foi poss\u00edvel gra\u00e7as ao comprometimento e \u00e0 colabora\u00e7\u00e3o de cada um.<\/span><\/p>\n<p><span style=\"color: #000000;\"><strong>Patrocinadores:<\/strong><\/span><\/p>\n<ul>\n<li><span style=\"color: #000000;\"><a style=\"color: #000000;\" href=\"https:\/\/www.instagram.com\/nordicaufpel\/\"><span style=\"font-weight: 400;\">Associa\u00e7\u00e3o Atl\u00e9tica de Rela\u00e7\u00f5es Internacionais &#8211; N\u00f3rdica<\/span><\/a><\/span><\/li>\n<li><span style=\"color: #000000;\"><a style=\"color: #000000;\" href=\"https:\/\/www.instagram.com\/mundo.mandarim\/\">Mundo Mandarim<\/a><\/span><\/li>\n<li><span style=\"color: #000000;\"><a style=\"color: #000000;\" href=\"https:\/\/www.instagram.com\/pelotasmun\/?hl=pt\">PelotasMUN<\/a><\/span><\/li>\n<li><span style=\"color: #000000;\"><a style=\"color: #000000;\" href=\"https:\/\/www.instagram.com\/societe_langues\/\">\u2060Societ\u00e9 de Langues<\/a><\/span><\/li>\n<li><span style=\"color: #000000;\"><a style=\"color: #000000;\" href=\"https:\/\/www.biri.ind.br\">Biri<\/a><\/span><\/li>\n<li><span style=\"color: #000000;\"><a style=\"color: #000000;\" href=\"https:\/\/casaraoimoveis.com.br\">Imobili\u00e1ria Casar\u00e3o<\/a><\/span><\/li>\n<li><span style=\"color: #000000;\"><a style=\"color: #000000;\" href=\"https:\/\/www.instagram.com\/ashrafbaja\/\">Ashraf Baja | C\u00fapula do Saber<\/a><\/span><\/li>\n<\/ul>\n<p><span style=\"color: #000000;\"><strong>Apoiadores:<\/strong><\/span><\/p>\n<ul>\n<li><span style=\"color: #000000;\"><a style=\"color: #000000;\" href=\"https:\/\/www.afpoa.com.br\">Alian\u00e7a Francesa<\/a><\/span><\/li>\n<li><span style=\"color: #000000;\"><a style=\"color: #000000;\" href=\"https:\/\/relacoesexteriores.com.br\">Revista Rela\u00e7\u00f5es Exteriores<\/a><\/span><\/li>\n<li><span style=\"color: #000000;\"><a style=\"color: #000000;\" href=\"https:\/\/www.sicredi.com.br\/home\/\">Sicredi<\/a><\/span><\/li>\n<li><span style=\"color: #000000;\"><a style=\"color: #000000;\" href=\"https:\/\/www.instagram.com\/noglu.cucariaepadaria\/\">NoGl\u00fa<\/a><\/span><\/li>\n<li><span style=\"color: #000000;\"><a style=\"color: #000000;\" href=\"https:\/\/www.instagram.com\/postoestoril\/\">Posto Estoril<\/a><\/span><\/li>\n<\/ul>\n<p><span style=\"color: #000000;\"><strong>Apoio Midi\u00e1tico:<\/strong><\/span><\/p>\n<ul>\n<li><span style=\"color: #000000;\"><a style=\"color: #000000;\" href=\"https:\/\/www.instagram.com\/internacionalismos\/\">Duda | Internacionalismos<\/a><\/span><\/li>\n<li><span style=\"color: #000000;\"><a style=\"color: #000000;\" href=\"https:\/\/www.instagram.com\/relacoesinternacionaisbrasil\/\">Rela\u00e7\u00f5es Internacionais\u00a0Brasil<\/a><\/span><\/li>\n<\/ul>\n<p><span style=\"color: #000000;\"><strong>Fot\u00f3grafos:<\/strong><\/span><\/p>\n<ul>\n<li style=\"font-weight: 400;\" aria-level=\"1\"><span style=\"font-weight: 400; color: #000000;\">Lucas dos Santos Pereira Vieira<\/span><\/li>\n<li style=\"font-weight: 400;\" aria-level=\"1\"><span style=\"color: #000000;\">Raynara Tavares Machado C\u00e9zar<\/span><\/li>\n<\/ul>\n","protected":false},"excerpt":{"rendered":"<p>Patrocinadores e Apoiadores A IX SARI contou com o apoio de uma s\u00e9rie de patrocinadores e parceiros institucionais que contribu\u00edram para a realiza\u00e7\u00e3o e viabiliza\u00e7\u00e3o de suas atividades. Agradecemos a todos que tornaram poss\u00edvel a concretiza\u00e7\u00e3o deste evento, cuja realiza\u00e7\u00e3o s\u00f3 foi poss\u00edvel gra\u00e7as ao comprometimento e \u00e0 colabora\u00e7\u00e3o de cada um. Patrocinadores: Associa\u00e7\u00e3o Atl\u00e9tica [&hellip;]<\/p>\n","protected":false},"author":1418,"featured_media":0,"parent":0,"menu_order":2,"comment_status":"closed","ping_status":"closed","template":"","meta":{"footnotes":""},"class_list":["post-273","page","type-page","status-publish","hentry"],"_links":{"self":[{"href":"https:\/\/wp.ufpel.edu.br\/sari\/wp-json\/wp\/v2\/pages\/273","targetHints":{"allow":["GET"]}}],"collection":[{"href":"https:\/\/wp.ufpel.edu.br\/sari\/wp-json\/wp\/v2\/pages"}],"about":[{"href":"https:\/\/wp.ufpel.edu.br\/sari\/wp-json\/wp\/v2\/types\/page"}],"author":[{"embeddable":true,"href":"https:\/\/wp.ufpel.edu.br\/sari\/wp-json\/wp\/v2\/users\/1418"}],"replies":[{"embeddable":true,"href":"https:\/\/wp.ufpel.edu.br\/sari\/wp-json\/wp\/v2\/comments?post=273"}],"version-history":[{"count":4,"href":"https:\/\/wp.ufpel.edu.br\/sari\/wp-json\/wp\/v2\/pages\/273\/revisions"}],"predecessor-version":[{"id":528,"href":"https:\/\/wp.ufpel.edu.br\/sari\/wp-json\/wp\/v2\/pages\/273\/revisions\/528"}],"wp:attachment":[{"href":"https:\/\/wp.ufpel.edu.br\/sari\/wp-json\/wp\/v2\/media?parent=273"}],"curies":[{"name":"wp","href":"https:\/\/api.w.org\/{rel}","templated":true}]}}