{"id":249,"date":"2025-01-18T04:17:50","date_gmt":"2025-01-18T07:17:50","guid":{"rendered":"https:\/\/wp.ufpel.edu.br\/sari\/?page_id=249"},"modified":"2026-02-23T18:41:56","modified_gmt":"2026-02-23T21:41:56","slug":"equipe","status":"publish","type":"page","link":"https:\/\/wp.ufpel.edu.br\/sari\/equipe\/","title":{"rendered":"Expediente"},"content":{"rendered":"<h2 style=\"text-align: center;\"><span style=\"color: #3e6226;\">Expediente<\/span><\/h2>\n<p><span style=\"color: #000000;\"><strong>IX Semana Acad\u00eamica de Rela\u00e7\u00f5es Internacionais (IX SARI): <\/strong>Multipolaridade e Movimentos de Contesta\u00e7\u00e3o no Sistema Internacional no S\u00e9culo XXI.<\/span><br \/>\n<span style=\"color: #000000;\"><strong>Per\u00edodo de realiza\u00e7\u00e3o:<\/strong> 17 a 21 de fevereiro de 2025.<\/span><\/p>\n<h3><span style=\"color: #3e6226;\">Coordena\u00e7\u00e3o da Edi\u00e7\u00e3o<\/span><\/h3>\n<p><span style=\"color: #000000;\"><strong>Prof. Dr. Rafael Rocha Assump\u00e7\u00e3o<\/strong> \u2014 <a style=\"color: #000000;\" href=\"mailto:rocha.rafael@ufpel.edu.br\">rocha.rafael@ufpel.edu.br<\/a><\/span><br \/>\n<span style=\"color: #000000;\">(Coordenador da IX SARI e respons\u00e1vel pela edi\u00e7\u00e3o)<\/span><\/p>\n<h3><span style=\"color: #3e6226;\"><strong>Comiss\u00e3o Cient\u00edfica (Corpo Editorial)<\/strong><\/span><\/h3>\n<p><span style=\"color: #000000;\"><strong>Prof.\u00aa Dr.\u00aa Fernanda Fernandes<\/strong> \u2014 <a style=\"color: #000000;\" href=\"mailto:fernanda.fernandes@ufpel.edu.br\">fernanda.fernandes@ufpel.edu.br<\/a><\/span><br \/>\n<span style=\"color: #000000;\"><strong>Prof. Dr. Leonardo Madruga<\/strong> \u2014 <a style=\"color: #000000;\" href=\"mailto:leonardo.madruga@ufpel.edu.br\">leonardo.madruga@ufpel.edu.br<\/a><\/span><\/p>\n<h3><span style=\"color: #3e6226;\"><strong>Comiss\u00e3o Organizadora<\/strong><\/span><\/h3>\n<p><span style=\"color: #000000;\"><strong>Organizadores<\/strong><\/span><br \/>\n<span style=\"color: #000000;\">Alicya David Silva<\/span><br \/>\n<span style=\"color: #000000;\">Carlos Rog\u00e9rio Henrique Caldeira Horsth<\/span><br \/>\n<span style=\"color: #000000;\">Eduardo Grecco Corr\u00eaa<\/span><br \/>\n<span style=\"color: #000000;\">Glauco da Rocha Winkel<\/span><br \/>\n<span style=\"color: #000000;\">Isadora Caroline Barbosa<\/span><br \/>\n<span style=\"color: #000000;\">Jo\u00e3o Vitor Padilha Baptista<\/span><br \/>\n<span style=\"color: #000000;\">Julia Silva da Cruz<\/span><br \/>\n<span style=\"color: #000000;\">Katuena Alves de Sousa<\/span><br \/>\n<span style=\"color: #000000;\">Kevim Camboim Maiser<\/span><br \/>\n<span style=\"color: #000000;\">Marina Calderon Valente<\/span><br \/>\n<span style=\"color: #000000;\">Paula de Guimar\u00e3es Dimer<\/span><\/p>\n<p><span style=\"color: #000000;\"><strong>Colaboradores<\/strong><\/span><br \/>\n<span style=\"color: #000000;\">Alana da Rocha Mendes<\/span><br \/>\n<span style=\"color: #000000;\">Alicia Peixoto Xavier<\/span><br \/>\n<span style=\"color: #000000;\">Ana Laura Ferreira Gomes<\/span><br \/>\n<span style=\"color: #000000;\">Ana Lu\u00edsa Guerreiro Lima<\/span><br \/>\n<span style=\"color: #000000;\">David de Sousa Silva<\/span><br \/>\n<span style=\"color: #000000;\">Fl\u00e1vio Murussi de Oliveira<\/span><br \/>\n<span style=\"color: #000000;\">Giulia Viapiana Corr\u00eaa<\/span><br \/>\n<span style=\"color: #000000;\">Izadora Bartels Oliveira<\/span><br \/>\n<span style=\"color: #000000;\">Jessica da Silva Schug<\/span><br \/>\n<span style=\"color: #000000;\">Julia Cardoso Pires<\/span><br \/>\n<span style=\"color: #000000;\">Julia Oliveira Moreira<\/span><br \/>\n<span style=\"color: #000000;\">Leila Cristhine Sousa Nascimento Ara\u00fajo<\/span><br \/>\n<span style=\"color: #000000;\">Leonardo Bachini Beleia<\/span><br \/>\n<span style=\"color: #000000;\">Mateus Emanuel de Quadros Vasques<\/span><br \/>\n<span style=\"color: #000000;\">Nadi\u00e9ly Cristine de Souza<\/span><br \/>\n<span style=\"color: #000000;\">Paula Geordana Hahn<\/span><br \/>\n<span style=\"color: #000000;\">Polianna Gon\u00e7alves Silva<\/span><br \/>\n<span style=\"color: #000000;\">Raynara Tavares Machado Cezar<\/span><\/p>\n","protected":false},"excerpt":{"rendered":"<p>Expediente IX Semana Acad\u00eamica de Rela\u00e7\u00f5es Internacionais (IX SARI): Multipolaridade e Movimentos de Contesta\u00e7\u00e3o no Sistema Internacional no S\u00e9culo XXI. Per\u00edodo de realiza\u00e7\u00e3o: 17 a 21 de fevereiro de 2025. Coordena\u00e7\u00e3o da Edi\u00e7\u00e3o Prof. Dr. Rafael Rocha Assump\u00e7\u00e3o \u2014 rocha.rafael@ufpel.edu.br (Coordenador da IX SARI e respons\u00e1vel pela edi\u00e7\u00e3o) Comiss\u00e3o Cient\u00edfica (Corpo Editorial) Prof.\u00aa Dr.\u00aa Fernanda [&hellip;]<\/p>\n","protected":false},"author":1418,"featured_media":0,"parent":0,"menu_order":3,"comment_status":"closed","ping_status":"closed","template":"","meta":{"footnotes":""},"class_list":["post-249","page","type-page","status-publish","hentry"],"_links":{"self":[{"href":"https:\/\/wp.ufpel.edu.br\/sari\/wp-json\/wp\/v2\/pages\/249","targetHints":{"allow":["GET"]}}],"collection":[{"href":"https:\/\/wp.ufpel.edu.br\/sari\/wp-json\/wp\/v2\/pages"}],"about":[{"href":"https:\/\/wp.ufpel.edu.br\/sari\/wp-json\/wp\/v2\/types\/page"}],"author":[{"embeddable":true,"href":"https:\/\/wp.ufpel.edu.br\/sari\/wp-json\/wp\/v2\/users\/1418"}],"replies":[{"embeddable":true,"href":"https:\/\/wp.ufpel.edu.br\/sari\/wp-json\/wp\/v2\/comments?post=249"}],"version-history":[{"count":4,"href":"https:\/\/wp.ufpel.edu.br\/sari\/wp-json\/wp\/v2\/pages\/249\/revisions"}],"predecessor-version":[{"id":658,"href":"https:\/\/wp.ufpel.edu.br\/sari\/wp-json\/wp\/v2\/pages\/249\/revisions\/658"}],"wp:attachment":[{"href":"https:\/\/wp.ufpel.edu.br\/sari\/wp-json\/wp\/v2\/media?parent=249"}],"curies":[{"name":"wp","href":"https:\/\/api.w.org\/{rel}","templated":true}]}}