{"id":246,"date":"2025-01-18T04:17:33","date_gmt":"2025-01-18T07:17:33","guid":{"rendered":"https:\/\/wp.ufpel.edu.br\/sari\/?page_id=246"},"modified":"2026-02-21T19:08:40","modified_gmt":"2026-02-21T22:08:40","slug":"atividades","status":"publish","type":"page","link":"https:\/\/wp.ufpel.edu.br\/sari\/atividades\/","title":{"rendered":"Atividades"},"content":{"rendered":"<h2 style=\"text-align: center;\"><span style=\"color: #84343c;\"><strong>Atividades<\/strong><\/span><\/h2>\n<p><span style=\"color: #000000;\">A SARI foi organizada pelos alunos da gradua\u00e7\u00e3o em Rela\u00e7\u00f5es Internacionais, sob a orienta\u00e7\u00e3o do Prof. Dr. Rafael Assump\u00e7\u00e3o Rocha. Realizada entre os dias 17 e 21 de fevereiro de 2025, em formato h\u00edbrido, com atividades tanto presenciais quanto remotas, a edi\u00e7\u00e3o contemplou palestras nos tr\u00eas turnos. Em raz\u00e3o das excepcionalidades clim\u00e1ticas decorrentes das enchentes que afetaram o estado do Rio Grande do Sul em 2024, a edi\u00e7\u00e3o \u2014 originalmente prevista para aquele ano \u2014 foi adiada e realizada no in\u00edcio de 2025. A <strong>IX edi\u00e7\u00e3o da SARI<\/strong>\u00a0foi registrada como\u00a0<em>Projeto Unificado com \u00eanfase em Ensino,<\/em>\u00a0sob o\u00a0<em>c\u00f3digo de registro 8681.<\/em><\/span><\/p>\n<p><span style=\"color: #000000;\">O tema central foi \u201cMultipolaridade e Movimentos de Contesta\u00e7\u00e3o no Sistema Internacional do S\u00e9culo XXI\u201d, com o objetivo de promover debates te\u00f3rico-conceituais de rigor cient\u00edfico e anal\u00edtico. Reunindo doutores, mestrandos e graduandos, a IX SARI reafirmou sua posi\u00e7\u00e3o como o maior evento da \u00e1rea de Rela\u00e7\u00f5es Internacionais na regi\u00e3o sul do Rio Grande do Sul, fortalecendo o di\u00e1logo acad\u00eamico e ampliando o espa\u00e7o de forma\u00e7\u00e3o cr\u00edtica para os estudantes.<\/span><\/p>\n<p><span style=\"color: #000000;\">A organiza\u00e7\u00e3o da IX SARI contou com uma equipe de\u00a0<strong>30 estudantes do curso de Bacharelado em Rela\u00e7\u00f5es Internacionais da Universidade Federal de Pelotas,<\/strong>\u00a0divididos entre organizadores e colaboradores em\u00a0<em>seis Grupos de Trabalho (GTs):<\/em>\u00a0Log\u00edstica, Marketing, Financeiro, Congressistas, Acad\u00eamico e Organiza\u00e7\u00e3o Geral. Cada GT possui atribui\u00e7\u00f5es pr\u00f3prias e informa\u00e7\u00f5es espec\u00edficas sobre suas fun\u00e7\u00f5es.<\/span><\/p>\n<p><span style=\"color: #000000;\">A\u00a0<strong>equipe organizadora<\/strong>\u00a0foi formada, em primeiro lugar, pela gest\u00e3o vigente do Centro Acad\u00eamico de Rela\u00e7\u00f5es Internacionais (CARI). No caso da IX edi\u00e7\u00e3o, a condu\u00e7\u00e3o esteve a cargo da Gest\u00e3o RI.o Branco, cujos representantes assumiram a responsabilidade de direcionar as demandas de suas respectivas \u00e1reas. As\u00a0<strong>vagas de colaboradores<\/strong>\u00a0foram preenchidas por meio de\u00a0<em>edital p\u00fablico,<\/em>\u00a0divulgado em 14 de novembro de 2024, destinado \u00e0 sele\u00e7\u00e3o de colaboradores para os diferentes grupos de trabalho.<\/span><\/p>\n<p>&nbsp;<\/p>\n<h2 style=\"text-align: center;\"><span style=\"color: #84343c;\"><strong>Cronograma<\/strong><\/span><\/h2>\n<p>&nbsp;<\/p>\n<p><span style=\"color: #000000;\">\n<table id=\"tablepress-cronogramaIX\" class=\"tablepress tablepress-id-cronogramaIX tbody-has-connected-cells\">\n<thead>\n<tr class=\"row-1\">\n\t<th class=\"column-1\"><span style=\"color:#853139;\"><strong>TURNO<\/strong><\/span><\/th><th class=\"column-2\"><span style=\"color:#853139;\"><strong>HOR\u00c1RIOS<\/strong><\/span><\/th><th class=\"column-3\"><span style=\"color:#853139;\"><strong>SEGUNDA-FEIRA (17\/02)<\/strong><\/span><\/th><th class=\"column-4\"><span style=\"color:#853139;\"><strong>TER\u00c7A-FEIRA (18\/02)<\/strong><\/span><\/th><th class=\"column-5\"><span style=\"color:#853139;\"><strong>QUARTA-FEIRA (19\/02)<\/strong><\/span><\/th><th class=\"column-6\"><span style=\"color:#853139;\"><strong>QUINTA-FEIRA (20\/02)<\/strong><\/span><\/th><th class=\"column-7\"><span style=\"color:#853139;\"><strong>SEXTA-FEIRA (21\/02)<\/strong><\/span><\/th>\n<\/tr>\n<\/thead>\n<tbody class=\"row-striping row-hover\">\n<tr class=\"row-2\">\n\t<td class=\"column-1\"><span style=\"color:#853139;\"><strong>MANH\u00c3 (ONLINE)<\/strong><\/span><\/td><td class=\"column-2\"><strong>09:30 - 11:00<\/strong><\/td><td class=\"column-3\">Prof. Dr. Demetrius Pereira (ESPM) (ONLINE)<\/td><td class=\"column-4\">Prof\u00aa. Dr\u00aa. Camila Feix Vidal (UFSC) (ONLINE)<\/td><td class=\"column-5\">Prof\u00aa. Dr\u00aa. Fl\u00e1via Piovesan (PUC-SP) (ONLINE)<\/td><td class=\"column-6\">Prof. Dr. Dattesh Parulekar (GOA-University) (ONLINE)<\/td><td class=\"column-7\">Prof. Dr. Andrew Traumann (UNICURITIBA) (ONLINE)<\/td>\n<\/tr>\n<tr class=\"row-3\">\n\t<td rowspan=\"4\" class=\"column-1\"><span style=\"color:#853139;\"><strong>TARDE (CEHUS)<\/strong><\/span><\/td><td class=\"column-2\"><strong>14:00 - 15:30<\/strong><\/td><td class=\"column-3\">SEM PALESTRA<\/td><td class=\"column-4\">Prof. Dr. Ant\u00f4nio Guimar\u00e3es (FURG)<\/td><td class=\"column-5\">Prof. Dr. Fernando Ludwig (UFT) (ONLINE)<\/td><td class=\"column-6\">Msc. Kowawa Kapukaja Apurin\u00e3, Pietra Dolamita (UFF)<\/td><td class=\"column-7\">Apres. de Trabalhos Online<\/td>\n<\/tr>\n<tr class=\"row-4\">\n\t<td class=\"column-2\"><strong>15:30 -    16:30<\/strong><\/td><td class=\"column-3\"><span style=\"color:#684980;\"><strong>CREDENCIAMENTO<\/strong><\/span><br \/>\n(a partir das 16h)<\/td><td class=\"column-4\"><span style=\"color:#684980;\"><strong>COFFEE BREAK<\/strong><\/span><\/td><td class=\"column-5\"><span style=\"color:#684980;\"><strong>INTERVALO<\/strong><\/span><\/td><td class=\"column-6\"><span style=\"color:#684980;\"><strong>COFFEE BREAK<\/strong><\/span><\/td><td class=\"column-7\">Apres. de Trabalhos Presencial<\/td>\n<\/tr>\n<tr class=\"row-5\">\n\t<td class=\"column-2\"><strong>16:30 -    18:00<\/strong><\/td><td class=\"column-3\">Prof. Dr. Charles Pennaforte (UFPEL)<\/td><td class=\"column-4\">Prof. Dr. Gustavo Feddersen (FURG)<\/td><td class=\"column-5\">Me. Mateus Santos (UFPEL) (ONLINE)<\/td><td class=\"column-6\">Me. C\u00e1ssio Furtado &amp; Atila Evaristo<\/td><td class=\"column-7\">Apres. de Trabalhos Presencial<\/td>\n<\/tr>\n<tr class=\"row-6\">\n\t<td class=\"column-2\"><strong>18:00 - 19:00<\/strong><\/td><td class=\"column-3\"><span style=\"color:#684980;\"><strong>COFFEE BREAK<\/strong><\/span><\/td><td class=\"column-4\"><span style=\"color:#684980;\"><strong>INTERVALO<\/strong><\/span><\/td><td class=\"column-5\"><span style=\"color:#684980;\"><strong>INTERVALO<\/strong><\/span><\/td><td class=\"column-6\"><span style=\"color:#684980;\"><strong>INTERVALO<\/strong><\/span><\/td><td class=\"column-7\"><span style=\"color:#684980;\"><strong>COFFEE BREAK<\/strong><\/span><\/td>\n<\/tr>\n<tr class=\"row-7\">\n\t<td class=\"column-1\"><span style=\"color:#853139;\"><strong>NOITE (CEHUS)<\/strong><\/span><\/td><td class=\"column-2\"><strong>19:00 - 20:30<\/strong><\/td><td class=\"column-3\">Prof. Dr. Bruno Hendler (UFSM)<\/td><td class=\"column-4\">Prof\u00aa. Dr\u00aa. Gabriela M. Kyrillos (FURG)<\/td><td class=\"column-5\">Dr. Jonatan de Borba (UFSC) (ONLINE)<\/td><td class=\"column-6\">Prof\u00aa Dr\u00aa Anelize Correa (UCPEL) e Prof\u00aa Dr\u00aa Ana Paula da Silva (UCPEL)<\/td><td class=\"column-7\">Prof. Dr. Rubens Duarte (ECEME)<\/td>\n<\/tr>\n<\/tbody>\n<\/table>\n<!-- #tablepress-cronogramaIX from cache --><\/span><\/p>\n<p><span style=\"font-weight: 400;\"><br \/>\n<span style=\"color: #000000;\">A<strong> IX SARI<\/strong> foi realizada nos per\u00edodos da manh\u00e3, tarde e noite dos dias <strong>17 a 21 de fevereiro de 2025.<\/strong> As palestras online foram transmitidas pelo canal oficial do YouTube do Centro Acad\u00eamico, e as presenciais realizadas no Audit\u00f3rio da Faculdade do Direito, na Pra\u00e7a Conselheiro Maciel, 215 &#8211; Centro, Pelotas &#8211; RS.<\/span><\/span><\/p>\n<p>&nbsp;<\/p>\n<h3><span style=\"color: #84343c;\"><strong>Confira abaixo as palestras da IX SARI:<\/strong><\/span><\/h3>\n<p><span style=\"color: #000000;\"><strong>Segunda-feira (17\/02):<\/strong><\/span><\/p>\n<ul>\n<li><span style=\"color: #000000;\"><span class=\"OYPEnA font-feature-liga-off font-feature-clig-off font-feature-calt-off text-decoration-none text-strikethrough-none\">Prof. Dr. Demetrius Pereira (ESPM) &#8211; <em>\u201cUni\u00e3o Europeia: contesta\u00e7\u00e3o e lideran\u00e7a na ordem global contempor\u00e2nea\u201d<\/em> (Online)<\/span><span class=\"OYPEnA font-feature-liga-off font-feature-clig-off font-feature-calt-off text-decoration-none text-strikethrough-none\"><br \/>\n<\/span><\/span><\/li>\n<li><span class=\"OYPEnA font-feature-liga-off font-feature-clig-off font-feature-calt-off text-decoration-none text-strikethrough-none\" style=\"color: #000000;\">Prof. Dr. Charles Pennaforte (UFPEL) &#8211; <em>\u201cAs Rela\u00e7\u00f5es Internacionais e os cen\u00e1rios disruptivos contempor\u00e2neos: Uma abordagem a partir da An\u00e1lise dos Sistemas Mundos\u201d (Presencial)<\/em><br \/>\n<\/span><\/li>\n<li><span class=\"OYPEnA font-feature-liga-off font-feature-clig-off font-feature-calt-off text-decoration-none text-strikethrough-none\" style=\"color: #000000;\"><span class=\"OYPEnA font-feature-liga-off font-feature-clig-off font-feature-calt-off text-decoration-none text-strikethrough-none\">Prof. Dr. Bruno Hendler (UFSM) &#8211; <em>\u201cEstados Unidos, China e a bipolaridade complexa: como entender a transi\u00e7\u00e3o de poder e o caos sist\u00eamico p\u00f3s crise de 2008?\u201d (Presencial)<\/em><\/span><\/span><\/li>\n<\/ul>\n<p><span style=\"color: #000000;\"><strong>Ter\u00e7a-feira (18\/02):<\/strong><\/span><\/p>\n<ul>\n<li><span style=\"color: #000000;\">Prof\u00aa. Dr\u00aa. Camila Feix Vidal (UFSC) &#8211; <em>&#8220;Pol\u00edtica Externa dos Estados Unidos para a Am\u00e9rica Latina: Consenso e Coloniza\u00e7\u00e3o Pedag\u00f3gica&#8221; (Online)<\/em><\/span><\/li>\n<li><span class=\"OYPEnA font-feature-liga-off font-feature-clig-off font-feature-calt-off text-decoration-none text-strikethrough-none\" style=\"color: #000000;\">Prof. Dr. Ant\u00f4nio Guimar\u00e3es (FURG) &#8211;<em> \u201cSeguran\u00e7a clim\u00e1tica e epistemologias do sul: Por uma ecologia al\u00e9m do pensamento dominante\u201d (Presencial)<\/em><\/span><\/li>\n<li><span style=\"color: #000000;\">Prof. Dr. Gustavo Feddersen (FURG) &#8211; <em>&#8220;Taiwan: Contexto e perspectivas da disputa sino-americana&#8221; (Presencial)<\/em><\/span><\/li>\n<li><span style=\"color: #000000;\">Prof\u00aa. Dr\u00aa. Gabriela M. Kyrillos (FURG) &#8211; <em>&#8220;Pol\u00edtica Externa do Governo Bolsonaro: rupturas institucionais e o combate \u00e0 &#8216;ideologia de g\u00eanero&#8217; na Am\u00e9rica Latina&#8221; (Presencial)<\/em><\/span><\/li>\n<\/ul>\n<p><span style=\"color: #000000;\"><strong>Quarta-feira (19\/02):<\/strong><\/span><\/p>\n<ul>\n<li><span style=\"color: #000000;\">Prof\u00aa. Dr\u00aa. Fl\u00e1via Piovesan (PUC-SP) &#8211;<em> &#8220;Direitos Humanos e novas tecnologias: desafios do s\u00e9culo XXI&#8221; (Online)<\/em><\/span><\/li>\n<li><span class=\"OYPEnA font-feature-liga-off font-feature-clig-off font-feature-calt-off text-decoration-none text-strikethrough-none\" style=\"color: #000000;\">Prof. Dr. Fernando Ludwig (UFT) &#8211; <em>\u201cUni\u00e3o Europeia em Crise? Seguran\u00e7a Internacional, Desglobaliza\u00e7\u00e3o e o Revisionismo Autorit\u00e1rio\u201d (Online)<\/em><\/span><\/li>\n<li><span class=\"OYPEnA font-feature-liga-off font-feature-clig-off font-feature-calt-off text-decoration-none text-strikethrough-none\" style=\"color: #000000;\">Me. Mateus Santos (UFPEL) &#8211; <em>&#8220;O continente africano no quadro das transforma\u00e7\u00f5es geopol\u00edticas contempor\u00e2neas&#8221; (Online)<\/em><\/span><\/li>\n<li><span class=\"OYPEnA font-feature-liga-off font-feature-clig-off font-feature-calt-off text-decoration-none text-strikethrough-none\" style=\"color: #000000;\"><span class=\"OYPEnA font-feature-liga-off font-feature-clig-off font-feature-calt-off text-decoration-none text-strikethrough-none\">Dr. Jonatan de Borba (UFSC) &#8211; <em>\u201cAs din\u00e2micas do trabalho na migra\u00e7\u00e3o Sul-Sul e o capitalismo racial no Brasil&#8221; (Online)<\/em><\/span><\/span><\/li>\n<\/ul>\n<p><span style=\"color: #000000;\"><strong>Quinta-feira (20\/02):<\/strong><\/span><\/p>\n<ul>\n<li><span class=\"OYPEnA font-feature-liga-off font-feature-clig-off font-feature-calt-off text-decoration-none text-strikethrough-none\" style=\"color: #000000;\">Prof. Dr. Dattesh Parulekar (GOA-University) &#8211; <em>&#8220;India-China Strategic Engagement: Managing Conflict, Shaping Competition&#8221; (Online)<\/em><\/span><\/li>\n<li><span style=\"color: #000000;\">Msc. Kowawa Kapukaja Apurin\u00e3, Pietra Dolamita (UFF) &#8211; <em>&#8220;Capitoloceno e os Povos Ind\u00edgenas do Sul Global&#8221; (Presencial)<\/em><\/span><\/li>\n<li><span style=\"color: #000000;\">Me. C\u00e1ssio Furtado (Kansas &#8211; University) &#8211; <em>Mesa Profissional (Presencial)<\/em><\/span><\/li>\n<li><span style=\"color: #000000;\">Atila Evaristo (UCPEL) &#8211; <em>Mesa Profissional\u00a0(Presencial)<\/em><\/span><\/li>\n<li><span style=\"color: #000000;\">Prof\u00aa. Dr\u00aa. Anelize Correa (UCPEL) e Prof\u00aa. Dr\u00aa. Ana Paula da Silva (UCPEL) &#8211; <em>&#8220;<span class=\"OYPEnA font-feature-liga-off font-feature-clig-off font-feature-calt-off text-decoration-none text-strikethrough-none\">Migra\u00e7\u00f5es e Ref\u00fagio &#8211; uma conversa na perspectiva do direito\u201d <\/span>(Presencial)\u00a0<\/em><\/span><\/li>\n<\/ul>\n<p><span style=\"color: #000000;\"><strong>Sexta-feira (21\/02):<\/strong><\/span><\/p>\n<ul>\n<li><span class=\"OYPEnA font-feature-liga-off font-feature-clig-off font-feature-calt-off text-decoration-none text-strikethrough-none\" style=\"color: #000000;\">Prof. Dr. Andrew Traumann (UNICURITIBA) &#8211;\u00a0<em>\u201cO Poder Iraniano no Oriente M\u00e9dio e seus Desafios\u201d (Online)<\/em><\/span><\/li>\n<li><span style=\"color: #000000;\">Prof. Dr. Rubens Duarte (ECEME) &#8211; <em>&#8220;<span class=\"OYPEnA font-feature-liga-off font-feature-clig-off font-feature-calt-off text-decoration-none text-strikethrough-none\">A dificuldade de se pensar Rela\u00e7\u00f5es Internacionais a partir do Brasil&#8221; <\/span>(Presencial)<\/em><\/span><\/li>\n<\/ul>\n<p><span style=\"color: #000000;\"><strong>Apresenta\u00e7\u00e3o de Trabalhos &#8211; Sexta-feira (21\/02):<\/strong><\/span><\/p>\n<ul>\n<li><span style=\"color: #000000;\">Ana Lu\u00edsa Guerreiro Lima &#8211; <em>A implementa\u00e7\u00e3o da Lei Maria da Penha no Brasil (Presencial)<\/em><\/span><\/li>\n<li><span style=\"color: #000000;\">Aramis Dawas &#8211;\u00a0 <em>Iraque P\u00f3s Invas\u00e3o dos Estados Unidos: uma An\u00e1lise da Influ\u00eancia do Estado Iraniano nas Elei\u00e7\u00f5es de 2005 a 2021 (Online)<\/em><\/span><\/li>\n<li><span style=\"color: #000000;\">Beatriz da Silva Cordeiro &#8211;\u00a0 <em>Coopera\u00e7\u00e3o bilateral entre Brasil e China no setor de Economia Digital (Presencial)<\/em><\/span><\/li>\n<li><span style=\"color: #000000;\">Caio Menezes dos Santos &#8211;\u00a0 <em>A transi\u00e7\u00e3o energ\u00e9tica na primeira metade do terceiro governo Lula (2023 &#8211; 2024) sob a teoria do discurso de Ernesto Laclau (Presencial)<\/em><\/span><\/li>\n<li><span style=\"color: #000000;\">Eduardo Grecco Corr\u00eaa &#8211;\u00a0 <em>Fake News sob as Lentes Te\u00f3ricos das Rela\u00e7\u00f5es Internacionais: a Tem\u00e1tica como Reflexo dos Impactos Midi\u00e1ticos na Atualidade (Presencial)<\/em><\/span><\/li>\n<li><span style=\"color: #000000;\">Giancarlo Cristiano de Gouveia &#8211;\u00a0 <em>Perspectivas sobre a Dimens\u00e3o Estrat\u00e9gica da Entrada do Egito no BRICS (Presencial)<\/em><\/span><\/li>\n<li><span style=\"color: #000000;\">Giulia Viapiana Corr\u00eaa &#8211;\u00a0 <em>Tribunal Penal Internacional e Meio Ambiente: uma An\u00e1lise da Emenda Proposta por Vanuatu para a Inclus\u00e3o do Crime de Ecoc\u00eddio no Estatuto de Roma (Presencial)<\/em><\/span><\/li>\n<li><span style=\"color: #000000;\">Glauco da Rocha Winkel &#8211; <em>A Indon\u00e9sia no BRICS+: Desafios e Oportunidades para a Estabilidade no Mar do Sul da China (Presencial)<\/em><\/span><\/li>\n<li><span style=\"color: #000000;\">Jo\u00e3o Manoel Vieira de Ara\u00fajo &#8211;\u00a0<em> Movimento de Expans\u00e3o do BRICS: o Caso Saudita (Presencial)<\/em><\/span><\/li>\n<li><span style=\"color: #000000;\">Julia Maria Soares de Andrade Rudrigues &#8211;\u00a0 <em>O ingresso do Ir\u00e3 na OCX e no BRICS e a crise da ordem mundial (Presencial)<\/em><\/span><\/li>\n<li><span style=\"color: #000000;\">Leonardo Francys Prates &#8211;\u00a0<em> As Rela\u00e7\u00f5es Culturais Indo-Brasileiras e a Atua\u00e7\u00e3o dos seus Institutos Culturais no S\u00e9culo XXI (Presencial)<\/em><\/span><\/li>\n<li><span style=\"color: #000000;\">Mateus Jos\u00e9 Da Silva Santos &#8211;\u00a0 <em>A Import\u00e2ncia Estrat\u00e9gica das Pot\u00eancias do Golfo \u00c1rabe para a Pol\u00edtica Externa Brasileira no Terceiro Governo Lula (2023-2024) (Online)<\/em><\/span><\/li>\n<li><span style=\"color: #000000;\">Nataniele Paim Schmutz e Geovana Vieira de Queiroz &#8211; <em>Quem tem voz nas Rela\u00e7\u00f5es Internacionais? Uma an\u00e1lise de g\u00eanero nos anais dos Encontros da ABRI de 2017 a 2023 (Presencial)<\/em><\/span><\/li>\n<\/ul>\n<p><span style=\"font-size: 12pt; color: #000000;\"><strong>Projetos nos Coffee Breaks<\/strong><\/span><\/p>\n<table dir=\"ltr\" style=\"height: 120px;\" border=\"1\" cellspacing=\"0\" cellpadding=\"0\" data-sheets-root=\"1\" data-sheets-baot=\"1\">\n<colgroup>\n<col width=\"100\" \/>\n<col width=\"191\" \/>\n<col width=\"179\" \/>\n<col width=\"199\" \/>\n<col width=\"180\" \/><\/colgroup>\n<tbody>\n<tr style=\"height: 24px;\">\n<td style=\"height: 24px;\"><span style=\"color: #000000;\">HOR\u00c1RIOS<\/span><\/td>\n<td style=\"height: 24px;\"><span style=\"color: #000000;\">SEGUNDA-FEIRA (17\/02)<\/span><\/td>\n<td style=\"height: 24px;\"><span style=\"color: #000000;\">TER\u00c7A-FEIRA (18\/02)<\/span><\/td>\n<td style=\"height: 24px;\"><span style=\"color: #000000;\">QUINTA-FEIRA (20\/02)<\/span><\/td>\n<td style=\"height: 24px;\"><span style=\"color: #000000;\">SEXTA-FEIRA (21\/02)<\/span><\/td>\n<\/tr>\n<tr style=\"height: 48px;\">\n<td style=\"height: 48px;\"><span style=\"color: #000000;\">15:30 &#8211; 16:30<\/span><\/td>\n<td style=\"height: 48px;\"><span style=\"color: #000000;\">Cidades Irm\u00e3s<\/span><\/td>\n<td style=\"height: 48px;\"><span style=\"color: #000000;\">Pol\u00edtica Externa em Debate<\/span><\/td>\n<td style=\"height: 48px;\"><span style=\"color: #000000;\">GeoMercosul e LabGRIMA<\/span><\/td>\n<td style=\"height: 48px;\"><\/td>\n<\/tr>\n<tr style=\"height: 24px;\">\n<td style=\"height: 24px;\"><span style=\"color: #000000;\">15:30 &#8211; 16:30<\/span><\/td>\n<td style=\"height: 24px;\"><span style=\"color: #000000;\">GENINT<\/span><\/td>\n<td style=\"height: 24px;\"><span style=\"color: #000000;\">EPDI<\/span><\/td>\n<td style=\"height: 24px;\"><span style=\"color: #000000;\">Caf\u00e9 Geopol\u00edtico<\/span><\/td>\n<td style=\"height: 24px;\"><span style=\"color: #000000;\">N\u00f3rdica<\/span><\/td>\n<\/tr>\n<tr style=\"height: 24px;\">\n<td style=\"height: 24px;\"><span style=\"color: #000000;\">15:30 &#8211; 16:30<\/span><\/td>\n<td style=\"height: 24px;\"><span style=\"color: #000000;\">Com\u00e9rcio Justo<\/span><\/td>\n<td style=\"height: 24px;\"><span style=\"color: #000000;\">Vozes do Mundo<\/span><\/td>\n<td style=\"height: 24px;\"><span style=\"color: #000000;\">PelotasMUN<\/span><\/td>\n<td style=\"height: 24px;\"><\/td>\n<\/tr>\n<\/tbody>\n<\/table>\n<p>&nbsp;<\/p>\n","protected":false},"excerpt":{"rendered":"<p>Atividades A SARI foi organizada pelos alunos da gradua\u00e7\u00e3o em Rela\u00e7\u00f5es Internacionais, sob a orienta\u00e7\u00e3o do Prof. Dr. Rafael Assump\u00e7\u00e3o Rocha. Realizada entre os dias 17 e 21 de fevereiro de 2025, em formato h\u00edbrido, com atividades tanto presenciais quanto remotas, a edi\u00e7\u00e3o contemplou palestras nos tr\u00eas turnos. Em raz\u00e3o das excepcionalidades clim\u00e1ticas decorrentes das [&hellip;]<\/p>\n","protected":false},"author":1418,"featured_media":0,"parent":0,"menu_order":1,"comment_status":"closed","ping_status":"closed","template":"","meta":{"footnotes":""},"class_list":["post-246","page","type-page","status-publish","hentry"],"_links":{"self":[{"href":"https:\/\/wp.ufpel.edu.br\/sari\/wp-json\/wp\/v2\/pages\/246","targetHints":{"allow":["GET"]}}],"collection":[{"href":"https:\/\/wp.ufpel.edu.br\/sari\/wp-json\/wp\/v2\/pages"}],"about":[{"href":"https:\/\/wp.ufpel.edu.br\/sari\/wp-json\/wp\/v2\/types\/page"}],"author":[{"embeddable":true,"href":"https:\/\/wp.ufpel.edu.br\/sari\/wp-json\/wp\/v2\/users\/1418"}],"replies":[{"embeddable":true,"href":"https:\/\/wp.ufpel.edu.br\/sari\/wp-json\/wp\/v2\/comments?post=246"}],"version-history":[{"count":4,"href":"https:\/\/wp.ufpel.edu.br\/sari\/wp-json\/wp\/v2\/pages\/246\/revisions"}],"predecessor-version":[{"id":573,"href":"https:\/\/wp.ufpel.edu.br\/sari\/wp-json\/wp\/v2\/pages\/246\/revisions\/573"}],"wp:attachment":[{"href":"https:\/\/wp.ufpel.edu.br\/sari\/wp-json\/wp\/v2\/media?parent=246"}],"curies":[{"name":"wp","href":"https:\/\/api.w.org\/{rel}","templated":true}]}}