{"id":206,"date":"2025-01-18T03:29:44","date_gmt":"2025-01-18T06:29:44","guid":{"rendered":"https:\/\/wp.ufpel.edu.br\/sari\/?page_id=206"},"modified":"2025-01-18T03:30:43","modified_gmt":"2025-01-18T06:30:43","slug":"vii-sari","status":"publish","type":"page","link":"https:\/\/wp.ufpel.edu.br\/sari\/edicoes-anteriores\/vii-sari\/","title":{"rendered":"VII SARI"},"content":{"rendered":"<h3>RETORNO DA SEMANA ACAD\u00caMICA DE RELA\u00c7\u00d5ES INTERNACIONAIS<\/h3>\n<p><img class=\"size-medium wp-image-11 alignleft\"  src=\"data:image\/svg+xml,%3Csvg xmlns=\"http:\/\/www.w3.org\/2000\/svg\" viewBox=\"0 0 1 1\"%3E%3C\/svg%3E\" data-src=\"https:\/\/wp.ufpel.edu.br\/sari\/files\/2022\/08\/1-400x400.png\" class=\"lazy-load\" loading=\"lazy\" decoding=\"async\" alt=\"\" width=\"400\" height=\"400\" \/><\/p>\n<p>A Semana Acad\u00eamica em formato presencial voltou!<\/p>\n<p>O Centro Acad\u00eamico de Rela\u00e7\u00f5es Internacionais tem o imenso prazer em informar que as inscri\u00e7\u00f5es para a VII Semana Acad\u00eamica de Rela\u00e7\u00f5es Internacionais (SARI) est\u00e3o abertas.<\/p>\n<p>O evento ocorrer\u00e1 entre os dias 12 e 16 de setembro, sendo poss\u00edvel a participa\u00e7\u00e3o como ouvintes e apresentadores de trabalhos.<\/p>\n<p>Este ano, com o tema \u201cAmplia\u00e7\u00e3o das Agendas e dos Atores nas Rela\u00e7\u00f5es Internacionais Contempor\u00e2neas\u201d, o evento tem o objetivo de estimular a an\u00e1lise e reflex\u00e3o de temas contempor\u00e2neos e seus v\u00ednculos com as Rela\u00e7\u00f5es Internacionais.<\/p>\n<p>As inscri\u00e7\u00f5es poder\u00e3o ser feitas atrav\u00e9s do link:<\/p>\n<p><a href=\"https:\/\/docs.google.com\/forms\/d\/e\/1FAIpQLSf7uBPTjJ2LEN0wtw-KEYq5VApW0VvsCVHdkY-fbHyaaC6ycA\/viewform?usp=sf_link\" target=\"_blank\" rel=\"noopener noreferrer\">https:\/\/docs.google.com\/forms\/d\/e\/1FAIpQLSf7uBPTjJ2LEN0wtw-KEYq5VApW0VvsCVHdkY-fbHyaaC6ycA\/viewform?usp=sf_link<\/a>.<\/p>\n<p>As inscri\u00e7\u00f5es ser\u00e3o aceitas at\u00e9 o dia 24\/08 \u00e0s 23:59 (hor\u00e1rio de Bras\u00edlia).<\/p>\n<p>Anotem na agenda: de 12 \u00e0 16 de setembro de 2022!<\/p>\n","protected":false},"excerpt":{"rendered":"<p>RETORNO DA SEMANA ACAD\u00caMICA DE RELA\u00c7\u00d5ES INTERNACIONAIS A Semana Acad\u00eamica em formato presencial voltou! O Centro Acad\u00eamico de Rela\u00e7\u00f5es Internacionais tem o imenso prazer em informar que as inscri\u00e7\u00f5es para a VII Semana Acad\u00eamica de Rela\u00e7\u00f5es Internacionais (SARI) est\u00e3o abertas. O evento ocorrer\u00e1 entre os dias 12 e 16 de setembro, sendo poss\u00edvel a participa\u00e7\u00e3o [&hellip;]<\/p>\n","protected":false},"author":1418,"featured_media":0,"parent":201,"menu_order":0,"comment_status":"closed","ping_status":"closed","template":"","meta":{"footnotes":""},"class_list":["post-206","page","type-page","status-publish","hentry"],"_links":{"self":[{"href":"https:\/\/wp.ufpel.edu.br\/sari\/wp-json\/wp\/v2\/pages\/206","targetHints":{"allow":["GET"]}}],"collection":[{"href":"https:\/\/wp.ufpel.edu.br\/sari\/wp-json\/wp\/v2\/pages"}],"about":[{"href":"https:\/\/wp.ufpel.edu.br\/sari\/wp-json\/wp\/v2\/types\/page"}],"author":[{"embeddable":true,"href":"https:\/\/wp.ufpel.edu.br\/sari\/wp-json\/wp\/v2\/users\/1418"}],"replies":[{"embeddable":true,"href":"https:\/\/wp.ufpel.edu.br\/sari\/wp-json\/wp\/v2\/comments?post=206"}],"version-history":[{"count":1,"href":"https:\/\/wp.ufpel.edu.br\/sari\/wp-json\/wp\/v2\/pages\/206\/revisions"}],"predecessor-version":[{"id":208,"href":"https:\/\/wp.ufpel.edu.br\/sari\/wp-json\/wp\/v2\/pages\/206\/revisions\/208"}],"up":[{"embeddable":true,"href":"https:\/\/wp.ufpel.edu.br\/sari\/wp-json\/wp\/v2\/pages\/201"}],"wp:attachment":[{"href":"https:\/\/wp.ufpel.edu.br\/sari\/wp-json\/wp\/v2\/media?parent=206"}],"curies":[{"name":"wp","href":"https:\/\/api.w.org\/{rel}","templated":true}]}}