{"id":201,"date":"2025-01-18T03:25:08","date_gmt":"2025-01-18T06:25:08","guid":{"rendered":"https:\/\/wp.ufpel.edu.br\/sari\/?page_id=201"},"modified":"2026-02-22T14:48:15","modified_gmt":"2026-02-22T17:48:15","slug":"edicoes-anteriores","status":"publish","type":"page","link":"https:\/\/wp.ufpel.edu.br\/sari\/edicoes-anteriores\/","title":{"rendered":"Edi\u00e7\u00f5es anteriores"},"content":{"rendered":"<h2 style=\"text-align: center;\"><span style=\"color: #3e6226;\"><strong>Tem\u00e1ticas e Coordena\u00e7\u00f5es<\/strong><\/span><\/h2>\n<p style=\"text-align: center;\"><span style=\"color: #000000;\"><strong>Edi\u00e7\u00e3o 2024 &#8211; IX Semana Acad\u00eamica de Rela\u00e7\u00f5es Internacionais (IX SARI):<\/strong> <\/span><\/p>\n<p style=\"text-align: center;\"><span style=\"color: #000000;\">T\u00edtulo: <a style=\"color: #000000;\" href=\"https:\/\/www.instagram.com\/sari.ufpel\/\">Multipolaridade e Movimentos de Contesta\u00e7\u00e3o no Sistema Internacional do s\u00e9culo XXI.<\/a><\/span><\/p>\n<p style=\"text-align: center;\"><span style=\"color: #000000;\">Per\u00edodo: 17 a 21 de fevereiro de 2025.<\/span><\/p>\n<p style=\"text-align: center;\"><span style=\"color: #000000;\">Coordena\u00e7\u00e3o: Prof. Dr. Rafael Assump\u00e7\u00e3o Rocha.<\/span><\/p>\n<p style=\"text-align: center;\"><span style=\"color: #000000;\"><strong>Edi\u00e7\u00e3o 2023 &#8211; VIII Semana Acad\u00eamica de Rela\u00e7\u00f5es Internacionais (VIII SARI):<\/strong> <\/span><\/p>\n<p style=\"text-align: center;\"><span style=\"color: #000000;\">T\u00edtulo: <a style=\"color: #000000;\" href=\"https:\/\/www.instagram.com\/sari.ufpel\/\">Novas Perspectivas da Ordem Internacional Contempor\u00e2nea.<\/a><\/span><\/p>\n<p style=\"text-align: center;\"><span style=\"color: #000000;\">Per\u00edodo: 14 a 18 de agosto de 2023.<\/span><\/p>\n<p style=\"text-align: center;\"><span style=\"color: #000000;\">Coordena\u00e7\u00e3o: Prof.\u00aa Dr.\u00aa Fernanda de Moura Fernandes.<\/span><\/p>\n<p style=\"text-align: center;\"><span style=\"color: #000000;\"><strong>Edi\u00e7\u00e3o 2022 &#8211; VII Semana Acad\u00eamica de Rela\u00e7\u00f5es Internacionais (VII SARI):<\/strong> <\/span><\/p>\n<p style=\"text-align: center;\"><span style=\"color: #000000;\">T\u00edtulo: <a style=\"color: #000000;\" href=\"https:\/\/wp.ufpel.edu.br\/sari\/\">Amplia\u00e7\u00e3o das Agendas e dos Atores nas Rela\u00e7\u00f5es Internacionais contempor\u00e2neas.<\/a> <\/span><\/p>\n<p style=\"text-align: center;\"><span style=\"color: #000000;\">Per\u00edodo: 12 a 16 de setembro de 2022.<\/span><\/p>\n<p style=\"text-align: center;\"><span style=\"color: #000000;\">Coordena\u00e7\u00e3o: Prof.\u00aa Dr.\u00aa Silvana Schimanski.<\/span><\/p>\n","protected":false},"excerpt":{"rendered":"<p>Tem\u00e1ticas e Coordena\u00e7\u00f5es Edi\u00e7\u00e3o 2024 &#8211; IX Semana Acad\u00eamica de Rela\u00e7\u00f5es Internacionais (IX SARI): T\u00edtulo: Multipolaridade e Movimentos de Contesta\u00e7\u00e3o no Sistema Internacional do s\u00e9culo XXI. Per\u00edodo: 17 a 21 de fevereiro de 2025. Coordena\u00e7\u00e3o: Prof. Dr. Rafael Assump\u00e7\u00e3o Rocha. Edi\u00e7\u00e3o 2023 &#8211; VIII Semana Acad\u00eamica de Rela\u00e7\u00f5es Internacionais (VIII SARI): T\u00edtulo: Novas Perspectivas da [&hellip;]<\/p>\n","protected":false},"author":1418,"featured_media":0,"parent":0,"menu_order":99999,"comment_status":"closed","ping_status":"closed","template":"","meta":{"footnotes":""},"class_list":["post-201","page","type-page","status-publish","hentry"],"_links":{"self":[{"href":"https:\/\/wp.ufpel.edu.br\/sari\/wp-json\/wp\/v2\/pages\/201","targetHints":{"allow":["GET"]}}],"collection":[{"href":"https:\/\/wp.ufpel.edu.br\/sari\/wp-json\/wp\/v2\/pages"}],"about":[{"href":"https:\/\/wp.ufpel.edu.br\/sari\/wp-json\/wp\/v2\/types\/page"}],"author":[{"embeddable":true,"href":"https:\/\/wp.ufpel.edu.br\/sari\/wp-json\/wp\/v2\/users\/1418"}],"replies":[{"embeddable":true,"href":"https:\/\/wp.ufpel.edu.br\/sari\/wp-json\/wp\/v2\/comments?post=201"}],"version-history":[{"count":3,"href":"https:\/\/wp.ufpel.edu.br\/sari\/wp-json\/wp\/v2\/pages\/201\/revisions"}],"predecessor-version":[{"id":593,"href":"https:\/\/wp.ufpel.edu.br\/sari\/wp-json\/wp\/v2\/pages\/201\/revisions\/593"}],"wp:attachment":[{"href":"https:\/\/wp.ufpel.edu.br\/sari\/wp-json\/wp\/v2\/media?parent=201"}],"curies":[{"name":"wp","href":"https:\/\/api.w.org\/{rel}","templated":true}]}}