{"id":770,"date":"2023-05-17T15:04:17","date_gmt":"2023-05-17T18:04:17","guid":{"rendered":"https:\/\/wp.ufpel.edu.br\/samufpel\/?page_id=770"},"modified":"2023-12-07T11:56:01","modified_gmt":"2023-12-07T14:56:01","slug":"anais-de-publicacoes","status":"publish","type":"page","link":"https:\/\/wp.ufpel.edu.br\/samufpel\/anais-de-publicacoes\/","title":{"rendered":"Anais de publica\u00e7\u00f5es"},"content":{"rendered":"<p>Nesta p\u00e1gina voc\u00ea encontrar\u00e1 os anais das publica\u00e7\u00f5es das Semanas Acad\u00eamicas de Medicina da UFPel.<\/p>\n<p>&nbsp;<\/p>\n<blockquote><p><strong><em><a href=\"https:\/\/drive.google.com\/drive\/folders\/1RLwYF4hd2pzp3Jlg4m7siyluKUOE999i\">XXXIX SAM &#8211; P\u00f4steres (Cl\u00edque aqui)<\/a><\/em><\/strong><\/p><\/blockquote>\n<p>&nbsp;<\/p>\n<p><a href=\"https:\/\/wp.ufpel.edu.br\/samufpel\/files\/2023\/05\/Anais-XXXVIII-SAM-2.pdf\">XXXVIII SAM &#8211; Anais (Clique aqui)<\/a><\/p>\n<p><a href=\"https:\/\/www.even3.com.br\/anais\/samufpel\/\">XXXVII SAM &#8211; Anais (Cl\u00edque aqui)<\/a><\/p>\n","protected":false},"excerpt":{"rendered":"<p>Nesta p\u00e1gina voc\u00ea encontrar\u00e1 os anais das publica\u00e7\u00f5es das Semanas Acad\u00eamicas de Medicina da UFPel. &nbsp; XXXIX SAM &#8211; P\u00f4steres (Cl\u00edque aqui) &nbsp; XXXVIII SAM &#8211; Anais (Clique aqui) XXXVII SAM &#8211; Anais (Cl\u00edque aqui)<\/p>\n","protected":false},"author":1261,"featured_media":0,"parent":0,"menu_order":0,"comment_status":"closed","ping_status":"closed","template":"","meta":{"jetpack_post_was_ever_published":false,"footnotes":""},"class_list":["post-770","page","type-page","status-publish","hentry"],"jetpack_sharing_enabled":true,"jetpack_shortlink":"https:\/\/wp.me\/P3MiLn-cq","_links":{"self":[{"href":"https:\/\/wp.ufpel.edu.br\/samufpel\/wp-json\/wp\/v2\/pages\/770","targetHints":{"allow":["GET"]}}],"collection":[{"href":"https:\/\/wp.ufpel.edu.br\/samufpel\/wp-json\/wp\/v2\/pages"}],"about":[{"href":"https:\/\/wp.ufpel.edu.br\/samufpel\/wp-json\/wp\/v2\/types\/page"}],"author":[{"embeddable":true,"href":"https:\/\/wp.ufpel.edu.br\/samufpel\/wp-json\/wp\/v2\/users\/1261"}],"replies":[{"embeddable":true,"href":"https:\/\/wp.ufpel.edu.br\/samufpel\/wp-json\/wp\/v2\/comments?post=770"}],"version-history":[{"count":6,"href":"https:\/\/wp.ufpel.edu.br\/samufpel\/wp-json\/wp\/v2\/pages\/770\/revisions"}],"predecessor-version":[{"id":823,"href":"https:\/\/wp.ufpel.edu.br\/samufpel\/wp-json\/wp\/v2\/pages\/770\/revisions\/823"}],"wp:attachment":[{"href":"https:\/\/wp.ufpel.edu.br\/samufpel\/wp-json\/wp\/v2\/media?parent=770"}],"curies":[{"name":"wp","href":"https:\/\/api.w.org\/{rel}","templated":true}]}}