{"id":57,"date":"2012-11-28T23:36:01","date_gmt":"2012-11-29T01:36:01","guid":{"rendered":"https:\/\/wp.ufpel.edu.br\/samet\/?page_id=57"},"modified":"2012-11-28T23:40:36","modified_gmt":"2012-11-29T01:40:36","slug":"certificacao","status":"publish","type":"page","link":"https:\/\/wp.ufpel.edu.br\/samet\/certificacao\/","title":{"rendered":"Certifica\u00e7\u00e3o"},"content":{"rendered":"<p>Esta p\u00e1gina ser\u00e1 disponibilizada ap\u00f3s o evento, para solicita\u00e7\u00e3o de certificado.<\/p>\n","protected":false},"excerpt":{"rendered":"<p>Esta p\u00e1gina ser\u00e1 disponibilizada ap\u00f3s o evento, para solicita\u00e7\u00e3o de certificado.<\/p>\n","protected":false},"author":140,"featured_media":58,"parent":0,"menu_order":4,"comment_status":"closed","ping_status":"closed","template":"","meta":{"footnotes":""},"class_list":["post-57","page","type-page","status-publish","has-post-thumbnail","hentry"],"_links":{"self":[{"href":"https:\/\/wp.ufpel.edu.br\/samet\/wp-json\/wp\/v2\/pages\/57","targetHints":{"allow":["GET"]}}],"collection":[{"href":"https:\/\/wp.ufpel.edu.br\/samet\/wp-json\/wp\/v2\/pages"}],"about":[{"href":"https:\/\/wp.ufpel.edu.br\/samet\/wp-json\/wp\/v2\/types\/page"}],"author":[{"embeddable":true,"href":"https:\/\/wp.ufpel.edu.br\/samet\/wp-json\/wp\/v2\/users\/140"}],"replies":[{"embeddable":true,"href":"https:\/\/wp.ufpel.edu.br\/samet\/wp-json\/wp\/v2\/comments?post=57"}],"version-history":[{"count":3,"href":"https:\/\/wp.ufpel.edu.br\/samet\/wp-json\/wp\/v2\/pages\/57\/revisions"}],"predecessor-version":[{"id":64,"href":"https:\/\/wp.ufpel.edu.br\/samet\/wp-json\/wp\/v2\/pages\/57\/revisions\/64"}],"wp:featuredmedia":[{"embeddable":true,"href":"https:\/\/wp.ufpel.edu.br\/samet\/wp-json\/wp\/v2\/media\/58"}],"wp:attachment":[{"href":"https:\/\/wp.ufpel.edu.br\/samet\/wp-json\/wp\/v2\/media?parent=57"}],"curies":[{"name":"wp","href":"https:\/\/api.w.org\/{rel}","templated":true}]}}