{"id":30,"date":"2015-10-26T17:18:27","date_gmt":"2015-10-26T19:18:27","guid":{"rendered":"https:\/\/wp.ufpel.edu.br\/samat\/?page_id=30"},"modified":"2015-11-14T17:28:09","modified_gmt":"2015-11-14T19:28:09","slug":"programacao","status":"publish","type":"page","link":"https:\/\/wp.ufpel.edu.br\/samat\/programacao\/","title":{"rendered":"Programa\u00e7\u00e3o"},"content":{"rendered":"\n<p>*Programas de p\u00f3s-gradua\u00e7\u00e3o:<\/p>\n<ul>\n<li>Prof. Dr. Andr\u00e9 Luis Andrejew Ferreira \u2013 P\u00f3s-Gradua\u00e7\u00e3o em Ensino de Ci\u00eancias e Matem\u00e1tica;<\/li>\n<li>Prof. Dra. Daniela Buske &#8211; P\u00f3s Gradua\u00e7\u00e3o em Modelagem Matem\u00e1tica;<\/li>\n<li>Prof. Dr. Diogo Rios &#8211; Especializa\u00e7\u00e3o em Estudos Matem\u00e1ticos.<\/li>\n<\/ul>\n<p>**Ex-alunos:<\/p>\n<ul>\n<li>Silvia Prietsch Wendt<\/li>\n<li>Amanda Pranke<\/li>\n<li>Cristina Centeno da Silva<\/li>\n<\/ul>\n","protected":false},"excerpt":{"rendered":"<p>*Programas de p\u00f3s-gradua\u00e7\u00e3o: Prof. Dr. Andr\u00e9 Luis Andrejew Ferreira \u2013 P\u00f3s-Gradua\u00e7\u00e3o em Ensino de Ci\u00eancias e Matem\u00e1tica; Prof. Dra. Daniela Buske &#8211; P\u00f3s Gradua\u00e7\u00e3o em Modelagem Matem\u00e1tica; Prof. Dr. Diogo Rios &#8211; Especializa\u00e7\u00e3o em Estudos Matem\u00e1ticos. **Ex-alunos: Silvia Prietsch Wendt Amanda Pranke Cristina Centeno da Silva<\/p>\n","protected":false},"author":582,"featured_media":0,"parent":0,"menu_order":2,"comment_status":"closed","ping_status":"closed","template":"","meta":{"jetpack_post_was_ever_published":false,"footnotes":""},"class_list":["post-30","page","type-page","status-publish","hentry"],"jetpack_sharing_enabled":true,"jetpack_shortlink":"https:\/\/wp.me\/P6STe2-u","_links":{"self":[{"href":"https:\/\/wp.ufpel.edu.br\/samat\/wp-json\/wp\/v2\/pages\/30","targetHints":{"allow":["GET"]}}],"collection":[{"href":"https:\/\/wp.ufpel.edu.br\/samat\/wp-json\/wp\/v2\/pages"}],"about":[{"href":"https:\/\/wp.ufpel.edu.br\/samat\/wp-json\/wp\/v2\/types\/page"}],"author":[{"embeddable":true,"href":"https:\/\/wp.ufpel.edu.br\/samat\/wp-json\/wp\/v2\/users\/582"}],"replies":[{"embeddable":true,"href":"https:\/\/wp.ufpel.edu.br\/samat\/wp-json\/wp\/v2\/comments?post=30"}],"version-history":[{"count":15,"href":"https:\/\/wp.ufpel.edu.br\/samat\/wp-json\/wp\/v2\/pages\/30\/revisions"}],"predecessor-version":[{"id":78,"href":"https:\/\/wp.ufpel.edu.br\/samat\/wp-json\/wp\/v2\/pages\/30\/revisions\/78"}],"wp:attachment":[{"href":"https:\/\/wp.ufpel.edu.br\/samat\/wp-json\/wp\/v2\/media?parent=30"}],"curies":[{"name":"wp","href":"https:\/\/api.w.org\/{rel}","templated":true}]}}