{"id":9,"date":"2026-01-22T12:09:42","date_gmt":"2026-01-22T15:09:42","guid":{"rendered":"https:\/\/wp.ufpel.edu.br\/salaverde\/?page_id=9"},"modified":"2026-01-29T17:40:41","modified_gmt":"2026-01-29T20:40:41","slug":"sobre-a-sala-verde","status":"publish","type":"page","link":"https:\/\/wp.ufpel.edu.br\/salaverde\/sobre-a-sala-verde\/","title":{"rendered":"Sobre a Sala Verde"},"content":{"rendered":"<section style=\"max-width: 900px; margin: 0 auto; padding: 32px; background: #ffffff;\">\n<h2 style=\"font-size: 32px; margin-bottom: 16px; color: #0f172a;\"><\/h2>\n<p style=\"font-size: 17px; line-height: 1.7; color: #111827; margin-bottom: 16px;\">A <strong>Sala Verde<\/strong> \u00e9 um espa\u00e7o de educa\u00e7\u00e3o ambiental, forma\u00e7\u00e3o e articula\u00e7\u00e3o comunit\u00e1ria vinculado \u00e0 <strong>UFPel<\/strong>, com atua\u00e7\u00e3o no territ\u00f3rio do Mar de Dentro, abrangendo a Lagoa dos Patos, o estu\u00e1rio, o Canal S\u00e3o Gon\u00e7alo e os banhados urbanos e rurais da regi\u00e3o.<\/p>\n<p style=\"font-size: 17px; line-height: 1.7; color: #111827; margin-bottom: 16px;\">Orientada pelos princ\u00edpios da <strong>educa\u00e7\u00e3o ambiental cr\u00edtica<\/strong>, a Sala Verde promove a\u00e7\u00f5es que integram saberes cient\u00edficos, conhecimentos locais e pr\u00e1ticas participativas, fortalecendo o v\u00ednculo entre universidade, territ\u00f3rio e comunidade.<\/p>\n<p style=\"font-size: 17px; line-height: 1.7; color: #111827; margin-bottom: 16px;\">Suas atividades incluem oficinas, cursos, rodas de conversa, eventos formativos, projetos de extens\u00e3o e parcerias interinstitucionais, com foco na conserva\u00e7\u00e3o da sociobiodiversidade, justi\u00e7a ambiental e no cuidado com os ecossistemas costeiros e estuarinos.<\/p>\n<p style=\"font-size: 17px; line-height: 1.7; color: #111827;\">A Sala Verde atua como um espa\u00e7o aberto, p\u00fablico e colaborativo, voltado \u00e0 forma\u00e7\u00e3o cidad\u00e3, ao fortalecimento do territ\u00f3rio e \u00e0 constru\u00e7\u00e3o coletiva de alternativas socioambientais sustent\u00e1veis.<\/p>\n<\/section>\n","protected":false},"excerpt":{"rendered":"<p>A Sala Verde \u00e9 um espa\u00e7o de educa\u00e7\u00e3o ambiental, forma\u00e7\u00e3o e articula\u00e7\u00e3o comunit\u00e1ria vinculado \u00e0 UFPel, com atua\u00e7\u00e3o no territ\u00f3rio do Mar de Dentro, abrangendo a Lagoa dos Patos, o estu\u00e1rio, o Canal S\u00e3o Gon\u00e7alo e os banhados urbanos e rurais da regi\u00e3o. Orientada pelos princ\u00edpios da educa\u00e7\u00e3o ambiental cr\u00edtica, a Sala Verde promove a\u00e7\u00f5es [&hellip;]<\/p>\n","protected":false},"author":426,"featured_media":0,"parent":0,"menu_order":0,"comment_status":"closed","ping_status":"closed","template":"","meta":{"footnotes":""},"class_list":["post-9","page","type-page","status-publish","hentry"],"_links":{"self":[{"href":"https:\/\/wp.ufpel.edu.br\/salaverde\/wp-json\/wp\/v2\/pages\/9","targetHints":{"allow":["GET"]}}],"collection":[{"href":"https:\/\/wp.ufpel.edu.br\/salaverde\/wp-json\/wp\/v2\/pages"}],"about":[{"href":"https:\/\/wp.ufpel.edu.br\/salaverde\/wp-json\/wp\/v2\/types\/page"}],"author":[{"embeddable":true,"href":"https:\/\/wp.ufpel.edu.br\/salaverde\/wp-json\/wp\/v2\/users\/426"}],"replies":[{"embeddable":true,"href":"https:\/\/wp.ufpel.edu.br\/salaverde\/wp-json\/wp\/v2\/comments?post=9"}],"version-history":[{"count":3,"href":"https:\/\/wp.ufpel.edu.br\/salaverde\/wp-json\/wp\/v2\/pages\/9\/revisions"}],"predecessor-version":[{"id":62,"href":"https:\/\/wp.ufpel.edu.br\/salaverde\/wp-json\/wp\/v2\/pages\/9\/revisions\/62"}],"wp:attachment":[{"href":"https:\/\/wp.ufpel.edu.br\/salaverde\/wp-json\/wp\/v2\/media?parent=9"}],"curies":[{"name":"wp","href":"https:\/\/api.w.org\/{rel}","templated":true}]}}