{"id":20,"date":"2026-01-22T12:11:53","date_gmt":"2026-01-22T15:11:53","guid":{"rendered":"https:\/\/wp.ufpel.edu.br\/salaverde\/?page_id=20"},"modified":"2026-01-29T17:54:56","modified_gmt":"2026-01-29T20:54:56","slug":"como-participar","status":"publish","type":"page","link":"https:\/\/wp.ufpel.edu.br\/salaverde\/como-participar\/","title":{"rendered":"Como participar"},"content":{"rendered":"<p data-start=\"111\" data-end=\"203\"><span style=\"font-family: georgia, palatino, serif; font-size: 14pt;\">A <strong data-start=\"113\" data-end=\"127\">Sala Verde<\/strong> \u00e9 um espa\u00e7o aberto \u00e0 comunidade. Voc\u00ea pode participar de diferentes formas:<\/span><\/p>\n<ul data-start=\"205\" data-end=\"776\">\n<li data-start=\"205\" data-end=\"338\">\n<p data-start=\"207\" data-end=\"338\"><span style=\"font-family: georgia, palatino, serif; font-size: 14pt;\"><strong data-start=\"207\" data-end=\"232\">Atividades educativas<\/strong>: oficinas, rodas de conversa, cursos, a\u00e7\u00f5es formativas e eventos voltados \u00e0 educa\u00e7\u00e3o ambiental cr\u00edtica.<\/span><\/p>\n<\/li>\n<li data-start=\"339\" data-end=\"492\">\n<p data-start=\"341\" data-end=\"492\"><span style=\"font-family: georgia, palatino, serif; font-size: 14pt;\"><strong data-start=\"341\" data-end=\"365\">Projetos e parcerias<\/strong>: escolas, coletivos, institui\u00e7\u00f5es p\u00fablicas, organiza\u00e7\u00f5es sociais e pesquisadores podem propor e desenvolver a\u00e7\u00f5es conjuntas.<\/span><\/p>\n<\/li>\n<li data-start=\"493\" data-end=\"614\">\n<p data-start=\"495\" data-end=\"614\"><span style=\"font-family: georgia, palatino, serif; font-size: 14pt;\"><strong data-start=\"495\" data-end=\"525\">Voluntariado e colabora\u00e7\u00e3o<\/strong>: apoio em atividades, eventos, pesquisas, produ\u00e7\u00e3o de materiais e a\u00e7\u00f5es no territ\u00f3rio.<\/span><\/p>\n<\/li>\n<li data-start=\"615\" data-end=\"776\">\n<p data-start=\"617\" data-end=\"776\"><span style=\"font-family: georgia, palatino, serif; font-size: 14pt;\"><strong data-start=\"617\" data-end=\"634\">Uso do espa\u00e7o<\/strong>: participa\u00e7\u00e3o em encontros, forma\u00e7\u00f5es e iniciativas alinhadas aos princ\u00edpios da educa\u00e7\u00e3o ambiental e da conserva\u00e7\u00e3o da sociobiodiversidade.<\/span><\/p>\n<\/li>\n<\/ul>\n<p data-start=\"778\" data-end=\"917\"><span style=\"font-family: georgia, palatino, serif; font-size: 14pt;\">As atividades e chamadas abertas s\u00e3o divulgadas nos canais oficiais da Sala Verde.<\/span><br data-start=\"860\" data-end=\"863\" \/><span style=\"font-family: georgia, palatino, serif; font-size: 14pt;\">Para parcerias ou propostas, entre em contato conosco.<\/span><\/p>\n","protected":false},"excerpt":{"rendered":"<p>A Sala Verde \u00e9 um espa\u00e7o aberto \u00e0 comunidade. Voc\u00ea pode participar de diferentes formas: Atividades educativas: oficinas, rodas de conversa, cursos, a\u00e7\u00f5es formativas e eventos voltados \u00e0 educa\u00e7\u00e3o ambiental cr\u00edtica. Projetos e parcerias: escolas, coletivos, institui\u00e7\u00f5es p\u00fablicas, organiza\u00e7\u00f5es sociais e pesquisadores podem propor e desenvolver a\u00e7\u00f5es conjuntas. Voluntariado e colabora\u00e7\u00e3o: apoio em atividades, eventos, [&hellip;]<\/p>\n","protected":false},"author":426,"featured_media":0,"parent":0,"menu_order":0,"comment_status":"closed","ping_status":"closed","template":"","meta":{"footnotes":""},"class_list":["post-20","page","type-page","status-publish","hentry"],"_links":{"self":[{"href":"https:\/\/wp.ufpel.edu.br\/salaverde\/wp-json\/wp\/v2\/pages\/20","targetHints":{"allow":["GET"]}}],"collection":[{"href":"https:\/\/wp.ufpel.edu.br\/salaverde\/wp-json\/wp\/v2\/pages"}],"about":[{"href":"https:\/\/wp.ufpel.edu.br\/salaverde\/wp-json\/wp\/v2\/types\/page"}],"author":[{"embeddable":true,"href":"https:\/\/wp.ufpel.edu.br\/salaverde\/wp-json\/wp\/v2\/users\/426"}],"replies":[{"embeddable":true,"href":"https:\/\/wp.ufpel.edu.br\/salaverde\/wp-json\/wp\/v2\/comments?post=20"}],"version-history":[{"count":3,"href":"https:\/\/wp.ufpel.edu.br\/salaverde\/wp-json\/wp\/v2\/pages\/20\/revisions"}],"predecessor-version":[{"id":71,"href":"https:\/\/wp.ufpel.edu.br\/salaverde\/wp-json\/wp\/v2\/pages\/20\/revisions\/71"}],"wp:attachment":[{"href":"https:\/\/wp.ufpel.edu.br\/salaverde\/wp-json\/wp\/v2\/media?parent=20"}],"curies":[{"name":"wp","href":"https:\/\/api.w.org\/{rel}","templated":true}]}}