{"id":95,"date":"2017-08-07T00:05:09","date_gmt":"2017-08-07T03:05:09","guid":{"rendered":"https:\/\/wp.ufpel.edu.br\/saif\/?page_id=95"},"modified":"2024-07-05T17:12:41","modified_gmt":"2024-07-05T20:12:41","slug":"trabalhos-i-saif","status":"publish","type":"page","link":"https:\/\/wp.ufpel.edu.br\/saif\/trabalhos-i-saif\/","title":{"rendered":"Submiss\u00e3o de Resumos I SAIF"},"content":{"rendered":"<p style=\"text-align: justify;\">1) Poder\u00e3o apresentar comunica\u00e7\u00e3o oral todos os graduandos, graduados, p\u00f3s-graduandos e\/ou p\u00f3s-graduados em Filosofia e\/ou \u00e1reas afins;<\/p>\n<p style=\"text-align: justify;\">2) A inscri\u00e7\u00e3o para comunicador, incluindo o envio do resumo, dever\u00e1 ser realizada at\u00e9 31 de agosto de 2017;<\/p>\n<p style=\"text-align: justify;\">3) O interessado dever\u00e1 submeter seu resumo juntamente com a inscri\u00e7\u00e3o, atrav\u00e9s do formul\u00e1rio online dispon\u00edvel <a href=\"https:\/\/docs.google.com\/forms\/d\/e\/1FAIpQLSd8aS_fNBWFqY3bYysRcsYjyehBSyfsmebnZ3j9SbEs721EqQ\/viewform\">AQU<\/a>I;<\/p>\n<p style=\"text-align: justify;\">4) O trabalho proposto dever\u00e1 versar, necessariamente, sobre temas e\/ou autores de reconhecida relev\u00e2ncia filos\u00f3fica;<\/p>\n<p style=\"text-align: justify;\">5) O resumo dever\u00e1 ser redigido em portugu\u00eas e conter entre 250 e 300 palavras;<\/p>\n<p style=\"text-align: justify;\">6) Os trabalhos selecionados ser\u00e3o divulgados at\u00e9 18 de setembro de 2017 neste site e na p\u00e1gina do evento no <a href=\"https:\/\/www.facebook.com\/events\/917749678392321\/\">Facebook<\/a>;<\/p>\n<p style=\"text-align: justify;\">7) A programa\u00e7\u00e3o completa, incluindo as datas, os hor\u00e1rios e as salas de cada comunica\u00e7\u00e3o, ser\u00e1 divulgada at\u00e9 20 de setembro de 2017;<\/p>\n<p style=\"text-align: justify;\">8) Cada comunicador ter\u00e1 15min para fazer sua apresenta\u00e7\u00e3o e mais 5min para perguntas, os quais ser\u00e3o rigorosamente seguidos pelo moderador da sess\u00e3o.<\/p>\n<p>&nbsp;<\/p>\n","protected":false},"excerpt":{"rendered":"<p>1) Poder\u00e3o apresentar comunica\u00e7\u00e3o oral todos os graduandos, graduados, p\u00f3s-graduandos e\/ou p\u00f3s-graduados em Filosofia e\/ou \u00e1reas afins; 2) A inscri\u00e7\u00e3o para comunicador, incluindo o envio do resumo, dever\u00e1 ser realizada at\u00e9 31 de agosto de 2017; 3) O interessado dever\u00e1 submeter seu resumo juntamente com a inscri\u00e7\u00e3o, atrav\u00e9s do formul\u00e1rio online dispon\u00edvel AQUI; 4) O &hellip; <a href=\"https:\/\/wp.ufpel.edu.br\/saif\/trabalhos-i-saif\/\" class=\"more-link\">Continue lendo<span class=\"screen-reader-text\"> &#8220;Submiss\u00e3o de Resumos I SAIF&#8221;<\/span><\/a><\/p>\n","protected":false},"author":771,"featured_media":0,"parent":0,"menu_order":0,"comment_status":"closed","ping_status":"closed","template":"","meta":{"footnotes":""},"class_list":["post-95","page","type-page","status-publish","hentry"],"jetpack_sharing_enabled":true,"_links":{"self":[{"href":"https:\/\/wp.ufpel.edu.br\/saif\/wp-json\/wp\/v2\/pages\/95","targetHints":{"allow":["GET"]}}],"collection":[{"href":"https:\/\/wp.ufpel.edu.br\/saif\/wp-json\/wp\/v2\/pages"}],"about":[{"href":"https:\/\/wp.ufpel.edu.br\/saif\/wp-json\/wp\/v2\/types\/page"}],"author":[{"embeddable":true,"href":"https:\/\/wp.ufpel.edu.br\/saif\/wp-json\/wp\/v2\/users\/771"}],"replies":[{"embeddable":true,"href":"https:\/\/wp.ufpel.edu.br\/saif\/wp-json\/wp\/v2\/comments?post=95"}],"version-history":[{"count":8,"href":"https:\/\/wp.ufpel.edu.br\/saif\/wp-json\/wp\/v2\/pages\/95\/revisions"}],"predecessor-version":[{"id":437,"href":"https:\/\/wp.ufpel.edu.br\/saif\/wp-json\/wp\/v2\/pages\/95\/revisions\/437"}],"wp:attachment":[{"href":"https:\/\/wp.ufpel.edu.br\/saif\/wp-json\/wp\/v2\/media?parent=95"}],"curies":[{"name":"wp","href":"https:\/\/api.w.org\/{rel}","templated":true}]}}