{"id":91,"date":"2017-08-06T23:58:11","date_gmt":"2017-08-07T02:58:11","guid":{"rendered":"https:\/\/wp.ufpel.edu.br\/saif\/?page_id=91"},"modified":"2024-07-05T17:12:47","modified_gmt":"2024-07-05T20:12:47","slug":"inscricoes-i-saif","status":"publish","type":"page","link":"https:\/\/wp.ufpel.edu.br\/saif\/inscricoes-i-saif\/","title":{"rendered":"Inscri\u00e7\u00f5es I SAIF"},"content":{"rendered":"<p style=\"text-align: justify;\">A participa\u00e7\u00e3o na I SAIF\/UFPel poder\u00e1 se dar nas seguintes modalidades:<\/p>\n<p style=\"text-align: justify;\">1) apenas como OUVINTE DAS CONFER\u00caNCIAS (quem estiver presente em, no m\u00ednimo, quatro das cinco confer\u00eancias noturnas, receber\u00e1 certifica\u00e7\u00e3o com carga hor\u00e1ria de 10h);<\/p>\n<p style=\"text-align: justify;\">2) como OUVINTE EM TODO O EVENTO, isto \u00e9, participando das confer\u00eancias, dos minicursos, das mesas redondas\/tem\u00e1ticas e das sess\u00f5es de comunica\u00e7\u00f5es (quem estiver presente em, no m\u00ednimo, oito dos treze turnos, receber\u00e1 certifica\u00e7\u00e3o com carga hor\u00e1ria de 30h);<\/p>\n<p style=\"text-align: justify;\">3) e\/ou como COMUNICADOR, isto \u00e9, como apresentador de comunica\u00e7\u00e3o oral (quem o fizer receber\u00e1 certifica\u00e7\u00e3o com seu nome e t\u00edtulo do trabalho apresentado).<\/p>\n<p style=\"text-align: justify;\">No ato da inscri\u00e7\u00e3o, \u00e9 preciso escolher a modalidade de participa\u00e7\u00e3o:<\/p>\n<p style=\"text-align: justify;\">a) apenas ouvinte das confer\u00eancias;<br \/>\nb) apenas ouvinte em todo o evento;<br \/>\nc) apenas comunicador;<br \/>\nd) ouvinte das confer\u00eancias e comunicador;<br \/>\ne) ouvinte em todo o evento e comunicador.<\/p>\n<p style=\"text-align: justify;\"><strong>\u00a0<\/strong><strong>As inscri\u00e7\u00f5es, que s\u00e3o gratuitas, dever\u00e3o ser realizadas at\u00e9 31 de agosto de 2017.<\/strong><\/p>\n<p style=\"text-align: justify;\"><strong>\u00a0<\/strong><strong>Para inscrever-se, preencha o formul\u00e1rio online dispon\u00edvel <a href=\"https:\/\/docs.google.com\/forms\/d\/e\/1FAIpQLSd8aS_fNBWFqY3bYysRcsYjyehBSyfsmebnZ3j9SbEs721EqQ\/viewform\">AQUI.<\/a><\/strong><\/p>\n<p style=\"text-align: justify;\"><strong>\u00a0<\/strong><\/p>\n","protected":false},"excerpt":{"rendered":"<p>A participa\u00e7\u00e3o na I SAIF\/UFPel poder\u00e1 se dar nas seguintes modalidades: 1) apenas como OUVINTE DAS CONFER\u00caNCIAS (quem estiver presente em, no m\u00ednimo, quatro das cinco confer\u00eancias noturnas, receber\u00e1 certifica\u00e7\u00e3o com carga hor\u00e1ria de 10h); 2) como OUVINTE EM TODO O EVENTO, isto \u00e9, participando das confer\u00eancias, dos minicursos, das mesas redondas\/tem\u00e1ticas e das sess\u00f5es &hellip; <a href=\"https:\/\/wp.ufpel.edu.br\/saif\/inscricoes-i-saif\/\" class=\"more-link\">Continue lendo<span class=\"screen-reader-text\"> &#8220;Inscri\u00e7\u00f5es I SAIF&#8221;<\/span><\/a><\/p>\n","protected":false},"author":771,"featured_media":0,"parent":0,"menu_order":0,"comment_status":"closed","ping_status":"closed","template":"","meta":{"footnotes":""},"class_list":["post-91","page","type-page","status-publish","hentry"],"jetpack_sharing_enabled":true,"_links":{"self":[{"href":"https:\/\/wp.ufpel.edu.br\/saif\/wp-json\/wp\/v2\/pages\/91","targetHints":{"allow":["GET"]}}],"collection":[{"href":"https:\/\/wp.ufpel.edu.br\/saif\/wp-json\/wp\/v2\/pages"}],"about":[{"href":"https:\/\/wp.ufpel.edu.br\/saif\/wp-json\/wp\/v2\/types\/page"}],"author":[{"embeddable":true,"href":"https:\/\/wp.ufpel.edu.br\/saif\/wp-json\/wp\/v2\/users\/771"}],"replies":[{"embeddable":true,"href":"https:\/\/wp.ufpel.edu.br\/saif\/wp-json\/wp\/v2\/comments?post=91"}],"version-history":[{"count":10,"href":"https:\/\/wp.ufpel.edu.br\/saif\/wp-json\/wp\/v2\/pages\/91\/revisions"}],"predecessor-version":[{"id":438,"href":"https:\/\/wp.ufpel.edu.br\/saif\/wp-json\/wp\/v2\/pages\/91\/revisions\/438"}],"wp:attachment":[{"href":"https:\/\/wp.ufpel.edu.br\/saif\/wp-json\/wp\/v2\/media?parent=91"}],"curies":[{"name":"wp","href":"https:\/\/api.w.org\/{rel}","templated":true}]}}