{"id":79,"date":"2017-08-06T23:48:08","date_gmt":"2017-08-07T02:48:08","guid":{"rendered":"https:\/\/wp.ufpel.edu.br\/saif\/?page_id=79"},"modified":"2024-07-05T17:13:04","modified_gmt":"2024-07-05T20:13:04","slug":"programacao-i-saif","status":"publish","type":"page","link":"https:\/\/wp.ufpel.edu.br\/saif\/programacao-i-saif\/","title":{"rendered":"Programa\u00e7\u00e3o I SAIF"},"content":{"rendered":"<p style=\"text-align: justify;\">As sess\u00f5es de comunica\u00e7\u00f5es, as mesas tem\u00e1ticas\/redondas e os minicursos acontecer\u00e3o no IFISP\/UFPel e na FaE\/UFPel (Rua Alberto Rosa, 154 \u2013 Porto \u2013 Pelotas\/RS).<\/p>\n<p style=\"text-align: justify;\">As confer\u00eancias acontecer\u00e3o no audit\u00f3rio do Campus II do ICH\/UFPel (antigo Campus II da UCPel \u2013 Rua Almirante Barroso, 1202 \u2013 Centro \u2013 Pelotas\/RS).<\/p>\n<div class=\"_h8t\">\n<div class=\"_5wd9 direction_ltr\">\n<div class=\"_5wde _n4o\">\n<div class=\"_5w1r _3_om _5wdf\">\n<div class=\"_4gx_\">\n<div class=\"_d97\">\n<div class=\"_h8t\">\n<div class=\"_5wd9 direction_ltr\">\n<div class=\"_5wde _n4o\">\n<div class=\"_5w1r _3_om _5wdf\">\n<div class=\"_4gx_\">\n<div class=\"_d97\"><span class=\"_5yl5\">O Boteco da Filosofia ocorrer\u00e1 no Bar do Z\u00e9 (Rua Conde de Porto Alegre, 201 \u2013 Esquina com a Rua \u00c1lvaro Chaves \u2013 Porto \u2013 Pelotas\/RS).<\/span><\/div>\n<\/div>\n<\/div>\n<\/div>\n<\/div>\n<\/div>\n<\/div>\n<\/div>\n<\/div>\n<\/div>\n<\/div>\n<\/div>\n<h3><img loading=\"lazy\" decoding=\"async\" class=\"aligncenter wp-image-186 size-full\" src=\"https:\/\/wp.ufpel.edu.br\/saif\/files\/2017\/08\/w1.png\" alt=\"\" width=\"737\" height=\"947\" srcset=\"https:\/\/wp.ufpel.edu.br\/saif\/files\/2017\/08\/w1.png 737w, https:\/\/wp.ufpel.edu.br\/saif\/files\/2017\/08\/w1-311x400.png 311w, https:\/\/wp.ufpel.edu.br\/saif\/files\/2017\/08\/w1-233x300.png 233w\" sizes=\"auto, (max-width: 737px) 85vw, 737px\" \/><\/h3>\n<h3><img loading=\"lazy\" decoding=\"async\" class=\"aligncenter wp-image-185 size-full\" src=\"https:\/\/wp.ufpel.edu.br\/saif\/files\/2017\/08\/w2.png\" alt=\"\" width=\"681\" height=\"960\" srcset=\"https:\/\/wp.ufpel.edu.br\/saif\/files\/2017\/08\/w2.png 681w, https:\/\/wp.ufpel.edu.br\/saif\/files\/2017\/08\/w2-284x400.png 284w, https:\/\/wp.ufpel.edu.br\/saif\/files\/2017\/08\/w2-213x300.png 213w\" sizes=\"auto, (max-width: 681px) 85vw, 681px\" \/><img loading=\"lazy\" decoding=\"async\" class=\"aligncenter wp-image-184 size-full\" src=\"https:\/\/wp.ufpel.edu.br\/saif\/files\/2017\/08\/w3.png\" alt=\"\" width=\"735\" height=\"956\" srcset=\"https:\/\/wp.ufpel.edu.br\/saif\/files\/2017\/08\/w3.png 735w, https:\/\/wp.ufpel.edu.br\/saif\/files\/2017\/08\/w3-308x400.png 308w, https:\/\/wp.ufpel.edu.br\/saif\/files\/2017\/08\/w3-231x300.png 231w\" sizes=\"auto, (max-width: 735px) 85vw, 735px\" \/><\/h3>\n<h3><img loading=\"lazy\" decoding=\"async\" class=\"aligncenter wp-image-183 size-full\" src=\"https:\/\/wp.ufpel.edu.br\/saif\/files\/2017\/08\/w4.png\" alt=\"\" width=\"699\" height=\"960\" srcset=\"https:\/\/wp.ufpel.edu.br\/saif\/files\/2017\/08\/w4.png 699w, https:\/\/wp.ufpel.edu.br\/saif\/files\/2017\/08\/w4-291x400.png 291w, https:\/\/wp.ufpel.edu.br\/saif\/files\/2017\/08\/w4-218x300.png 218w\" sizes=\"auto, (max-width: 699px) 85vw, 699px\" \/><\/h3>\n<p>&nbsp;<\/p>\n<p>&nbsp;<\/p>\n<p>&nbsp;<\/p>\n<p>&nbsp;<\/p>\n<p>&nbsp;<\/p>\n<p>&nbsp;<\/p>\n","protected":false},"excerpt":{"rendered":"<p>As sess\u00f5es de comunica\u00e7\u00f5es, as mesas tem\u00e1ticas\/redondas e os minicursos acontecer\u00e3o no IFISP\/UFPel e na FaE\/UFPel (Rua Alberto Rosa, 154 \u2013 Porto \u2013 Pelotas\/RS). As confer\u00eancias acontecer\u00e3o no audit\u00f3rio do Campus II do ICH\/UFPel (antigo Campus II da UCPel \u2013 Rua Almirante Barroso, 1202 \u2013 Centro \u2013 Pelotas\/RS). O Boteco da Filosofia ocorrer\u00e1 no Bar &hellip; <a href=\"https:\/\/wp.ufpel.edu.br\/saif\/programacao-i-saif\/\" class=\"more-link\">Continue lendo<span class=\"screen-reader-text\"> &#8220;Programa\u00e7\u00e3o I SAIF&#8221;<\/span><\/a><\/p>\n","protected":false},"author":771,"featured_media":0,"parent":0,"menu_order":0,"comment_status":"closed","ping_status":"closed","template":"","meta":{"footnotes":""},"class_list":["post-79","page","type-page","status-publish","hentry"],"jetpack_sharing_enabled":true,"_links":{"self":[{"href":"https:\/\/wp.ufpel.edu.br\/saif\/wp-json\/wp\/v2\/pages\/79","targetHints":{"allow":["GET"]}}],"collection":[{"href":"https:\/\/wp.ufpel.edu.br\/saif\/wp-json\/wp\/v2\/pages"}],"about":[{"href":"https:\/\/wp.ufpel.edu.br\/saif\/wp-json\/wp\/v2\/types\/page"}],"author":[{"embeddable":true,"href":"https:\/\/wp.ufpel.edu.br\/saif\/wp-json\/wp\/v2\/users\/771"}],"replies":[{"embeddable":true,"href":"https:\/\/wp.ufpel.edu.br\/saif\/wp-json\/wp\/v2\/comments?post=79"}],"version-history":[{"count":15,"href":"https:\/\/wp.ufpel.edu.br\/saif\/wp-json\/wp\/v2\/pages\/79\/revisions"}],"predecessor-version":[{"id":440,"href":"https:\/\/wp.ufpel.edu.br\/saif\/wp-json\/wp\/v2\/pages\/79\/revisions\/440"}],"wp:attachment":[{"href":"https:\/\/wp.ufpel.edu.br\/saif\/wp-json\/wp\/v2\/media?parent=79"}],"curies":[{"name":"wp","href":"https:\/\/api.w.org\/{rel}","templated":true}]}}