{"id":71,"date":"2017-07-29T15:51:44","date_gmt":"2017-07-29T18:51:44","guid":{"rendered":"https:\/\/wp.ufpel.edu.br\/saif\/?page_id=71"},"modified":"2019-09-04T17:54:59","modified_gmt":"2019-09-04T20:54:59","slug":"sobre-pelotas","status":"publish","type":"page","link":"https:\/\/wp.ufpel.edu.br\/saif\/sobre-pelotas\/","title":{"rendered":"Sobre Pelotas"},"content":{"rendered":"<div class=\"\">\n<div class=\"_1mf _1mj\" style=\"text-align: justify\">Devemos ao pintor franc\u00eas Jean-Baptiste Debret o retrato, no in\u00edcio do s\u00e9culo XIX, dos \u201cbarcos de couro\u201d do sul do Brasil, conhecidos como \u201cPelotas\u201d. Cidade que tem seus prim\u00f3rdios por volta de 1780, com a funda\u00e7\u00e3o das charqueadas, ela tornou-se rapidamente o maior p\u00f3lo saladeiril sul-riograndense, sendo que, dentre os primeiros charqueadores, destaca-se o nome de Domingos de Almeida, um dos principais articuladores intelectuais da Revolu\u00e7\u00e3o Farroupilha. A opul\u00eancia econ\u00f4mica da cidade fez seu nome n\u00e3o somente figurar no mapa mundi, mas possibilitou a forma\u00e7\u00e3o de diversos de seus habitantes em solo europeu, de onde tamb\u00e9m trouxeram toda a influ\u00eancia cultural e arquitet\u00f4nica \u2012 fixadas em seguida na linguagem coloquial que, naquela \u00e9poca, passou a designar o local como \u201cAtenas do Sul\u201d e \u201cPrincesa do Sul\u201d.<\/div>\n<\/div>\n<div class=\"\" style=\"text-align: justify\"><\/div>\n<div class=\"\" style=\"text-align: justify\"><a href=\"https:\/\/wp.ufpel.edu.br\/cifmp\/?attachment_id=151\" rel=\"attachment wp-att-151\"><img loading=\"lazy\" decoding=\"async\" class=\"size-medium wp-image-151 aligncenter\" src=\"https:\/\/wp.ufpel.edu.br\/cifmp\/files\/2017\/06\/capa-1-424x276.jpg\" alt=\"\" width=\"424\" height=\"276\" \/><\/a><\/div>\n<p style=\"text-align: justify\">Pra\u00e7a Cel Pedro Os\u00f3rio esquina Lobo da Costa, fonte Almanaque do Bicenten\u00e1rio de Pelotas<\/p>\n<p style=\"text-align: justify\"><a href=\"https:\/\/wp.ufpel.edu.br\/cifmp\/?attachment_id=154\" rel=\"attachment wp-att-154\"><img loading=\"lazy\" decoding=\"async\" class=\"size-medium wp-image-154 aligncenter\" src=\"https:\/\/wp.ufpel.edu.br\/cifmp\/files\/2017\/06\/chafariz-424x269.jpg\" alt=\"\" width=\"424\" height=\"269\" \/><\/a>Chafariz da P\u00e7a Cel Pedro Os\u00f3rio em 1940, ao fundo o Grande Hotel<\/p>\n<p style=\"text-align: justify\">Cidade que atraiu viajantes e cronistas como Saint-Hilaire e Ars\u00e8ne Isabelle, ela foi elevada \u00e0 condi\u00e7\u00e3o de freguesia em 1812 e, j\u00e1 no final do s\u00e9culo XIX, tinha \u201cpraticamente a mesma popula\u00e7\u00e3o de Porto Alegre e S\u00e3o Paulo\u201d. Economia que construiu o primeiro barco a vapor no Brasil, se, por um lado, ela cresceu baseada na m\u00e3o-de-obra escrava, por outro ela produziu personalidades pol\u00edticas como Ferreira Viana (o autor do projeto de aboli\u00e7\u00e3o da escravatura no Brasil) e \u00c1lvaro Chaves (que reorganizou o Partido Republicano no Rio de Janeiro e fundou o Clube Republicano sul-riograndense). Diga-se, de passagem, que Pelotas \u00e9 a \u00fanica cidade brasileira a erguer um obelisco em favor da Rep\u00fablica em pleno regime mon\u00e1rquico. E \u00e9 ainda o passado escravista da cidade e sua Biblioteca P\u00fablica erguida em 1875 que atra\u00edram para c\u00e1 muito pesquisadores, dentre eles o soci\u00f3logo Fernando Henrique Cardoso, que nela encontrou subs\u00eddios para sua tese\u00a0<em>Capitalismo e escravid\u00e3o no Brasil Meridional.<\/em><\/p>\n<p style=\"text-align: justify\"><a href=\"https:\/\/wp.ufpel.edu.br\/cifmp\/?attachment_id=155\" rel=\"attachment wp-att-155\"><img loading=\"lazy\" decoding=\"async\" class=\"size-medium wp-image-155 aligncenter\" src=\"https:\/\/wp.ufpel.edu.br\/cifmp\/files\/2017\/06\/igreja-395x318.jpg\" alt=\"\" width=\"395\" height=\"318\" \/><\/a>Pelotas Igreja Matriz, em 1902<\/p>\n<p style=\"text-align: justify\"><a href=\"https:\/\/wp.ufpel.edu.br\/cifmp\/?attachment_id=156\" rel=\"attachment wp-att-156\"><img loading=\"lazy\" decoding=\"async\" class=\"size-medium wp-image-156 aligncenter\" src=\"https:\/\/wp.ufpel.edu.br\/cifmp\/files\/2017\/06\/banco-277x318.jpg\" alt=\"\" width=\"277\" height=\"318\" \/><\/a>Sede do Banco Pelotense, atualmente Sede do Banrisul em Pelotas<\/p>\n<p style=\"text-align: justify\">O resultado da opul\u00eancia econ\u00f4mica e cultural fez-se sentir n\u00e3o apenas nos chafarizes importados da Fran\u00e7a (verdadeiros cart\u00f5es postais da\u00a0<em>urbe<\/em>\u00a0at\u00e9 os dias de hoje), mas, sobretudo, nas letras e nas artes: do poeta Lobo da Costa ao intelectual e escritor urbano Jo\u00e3o Sim\u00f5es Lopes Neto (que comporia os\u00a0<em>Contos Gauchescos<\/em>\u00a0e as\u00a0<em>Lendas do Sul<\/em>\u00a0\u2012 obras que influenciariam o escritor Guimar\u00e3es Rosa na composi\u00e7\u00e3o de\u00a0<em>Grande Sert\u00e3o: Veredas<\/em>). \u00c9 daqui tamb\u00e9m que saem o Patrono da imprensa no Brasil (Hip\u00f3lito Jos\u00e9 da Costa) e as primeiras m\u00e9dicas formadas no pa\u00eds. J\u00e1 na pintura destaca-se o nome de Leopoldo Gotuzzo, e na escultura o de Antonio Caringi (um dos maiores escultores ga\u00fachos). Pelotas \u00e9 tamb\u00e9m o ber\u00e7o do Teatro 7 de Abril (um dos mais antigos teatros brasileiros), e do Conservat\u00f3rio de M\u00fasica, a segunda institui\u00e7\u00e3o fundada para o ensino de m\u00fasica no Rio Grande do Sul e a sexta no Brasil, com atividades ininterrupta at\u00e9 os dias de hoje. N\u00e3o \u00e9 ao acaso, portanto, que o cen\u00e1rio musical tenha dado ao cen\u00e1rio musical uma int\u00e9rprete l\u00edrica como a soprano Zola Amaro. \u00c9 aqui tamb\u00e9m que viveu, durante sua inf\u00e2ncia e adolesc\u00eancia, M\u00e1rio Ferreira dos Santos, considerado por muitos como um nome de destaque no cen\u00e1rio filos\u00f3fico brasileiro.<\/p>\n<p style=\"text-align: justify\"><a href=\"https:\/\/wp.ufpel.edu.br\/cifmp\/?attachment_id=157\" rel=\"attachment wp-att-157\"><img loading=\"lazy\" decoding=\"async\" class=\"size-medium wp-image-157 aligncenter\" src=\"https:\/\/wp.ufpel.edu.br\/cifmp\/files\/2017\/06\/sete-424x318.jpg\" alt=\"\" width=\"424\" height=\"318\" \/><\/a>Pelotas, p\u00fablico no interior do Teatro 7 de Abril<\/p>\n<p style=\"text-align: justify\" align=\"left\">O Programa de P\u00f3s-Gradua\u00e7\u00e3o em Filosofia, bem como o Departamento de Filosofia, tem assim o prazer de receber seus convidados nesta \u201ccapital cultural\u201d, onde se destaca, no Brasil Meridional, a Universidade Federal de Pelotas com seus 101 cursos de gradua\u00e7\u00e3o, 14 cursos de Doutorado e 39 cursos de Mestrado.<\/p>\n<p style=\"text-align: justify\" align=\"left\"><em>Prof. Lu\u00eds Rubira<\/em><\/p>\n<p style=\"text-align: justify\" align=\"left\"><strong>Mais informa\u00e7\u00f5es:<\/strong><\/p>\n<p style=\"text-align: justify\" align=\"left\"><a href=\"https:\/\/wp.ufpel.edu.br\/saif\/2017\/07\/29\/hoteis\/\">Hot\u00e9is em Pelotas<\/a><\/p>\n<p style=\"text-align: justify\" align=\"left\">Acesse o site da cidade e encontre mais sobre pontos tur\u00edsticos, cultura, gastronomia<br \/>\ne outros em Pelotas.<\/p>\n<p style=\"text-align: justify\" align=\"left\"><a class=\"link11\" href=\"http:\/\/www.pelotas.com.br\/\" target=\"_blank\" rel=\"noopener noreferrer\">www.pelotas.com.br<\/a><\/p>\n<p style=\"text-align: justify\"><a class=\"link11\" href=\"http:\/\/www.pelotasturismo.com.br\/\" target=\"_blank\" rel=\"noopener noreferrer\">www.pelotasturismo.com.br<\/a><\/p>\n<p style=\"text-align: justify\"><a class=\"link11\" href=\"http:\/\/www.almanaquedepelotas.com.br\/apresenta.htm\" target=\"_blank\" rel=\"noopener noreferrer\">www.almanaquedepelotas.com.br<\/a><\/p>\n","protected":false},"excerpt":{"rendered":"<p>Devemos ao pintor franc\u00eas Jean-Baptiste Debret o retrato, no in\u00edcio do s\u00e9culo XIX, dos \u201cbarcos de couro\u201d do sul do Brasil, conhecidos como \u201cPelotas\u201d. Cidade que tem seus prim\u00f3rdios por volta de 1780, com a funda\u00e7\u00e3o das charqueadas, ela tornou-se rapidamente o maior p\u00f3lo saladeiril sul-riograndense, sendo que, dentre os primeiros charqueadores, destaca-se o nome &hellip; <a href=\"https:\/\/wp.ufpel.edu.br\/saif\/sobre-pelotas\/\" class=\"more-link\">Continue lendo<span class=\"screen-reader-text\"> &#8220;Sobre Pelotas&#8221;<\/span><\/a><\/p>\n","protected":false},"author":771,"featured_media":73,"parent":0,"menu_order":0,"comment_status":"closed","ping_status":"closed","template":"","meta":{"footnotes":""},"class_list":["post-71","page","type-page","status-publish","has-post-thumbnail","hentry"],"jetpack_sharing_enabled":true,"_links":{"self":[{"href":"https:\/\/wp.ufpel.edu.br\/saif\/wp-json\/wp\/v2\/pages\/71","targetHints":{"allow":["GET"]}}],"collection":[{"href":"https:\/\/wp.ufpel.edu.br\/saif\/wp-json\/wp\/v2\/pages"}],"about":[{"href":"https:\/\/wp.ufpel.edu.br\/saif\/wp-json\/wp\/v2\/types\/page"}],"author":[{"embeddable":true,"href":"https:\/\/wp.ufpel.edu.br\/saif\/wp-json\/wp\/v2\/users\/771"}],"replies":[{"embeddable":true,"href":"https:\/\/wp.ufpel.edu.br\/saif\/wp-json\/wp\/v2\/comments?post=71"}],"version-history":[{"count":1,"href":"https:\/\/wp.ufpel.edu.br\/saif\/wp-json\/wp\/v2\/pages\/71\/revisions"}],"predecessor-version":[{"id":77,"href":"https:\/\/wp.ufpel.edu.br\/saif\/wp-json\/wp\/v2\/pages\/71\/revisions\/77"}],"wp:featuredmedia":[{"embeddable":true,"href":"https:\/\/wp.ufpel.edu.br\/saif\/wp-json\/wp\/v2\/media\/73"}],"wp:attachment":[{"href":"https:\/\/wp.ufpel.edu.br\/saif\/wp-json\/wp\/v2\/media?parent=71"}],"curies":[{"name":"wp","href":"https:\/\/api.w.org\/{rel}","templated":true}]}}