{"id":567,"date":"2024-08-28T20:09:47","date_gmt":"2024-08-28T23:09:47","guid":{"rendered":"https:\/\/wp.ufpel.edu.br\/saif\/?page_id=567"},"modified":"2024-12-02T12:59:56","modified_gmt":"2024-12-02T15:59:56","slug":"programacao-terca-feira-03-12","status":"publish","type":"page","link":"https:\/\/wp.ufpel.edu.br\/saif\/programacao-terca-feira-03-12\/","title":{"rendered":"Programa\u00e7\u00e3o &#8211; Ter\u00e7a-Feira (03\/12)"},"content":{"rendered":"<h3>Manh\u00e3:<\/h3>\n<h3><img loading=\"lazy\" decoding=\"async\" class=\"alignnone size-medium wp-image-723\" src=\"https:\/\/wp.ufpel.edu.br\/saif\/files\/2024\/12\/1-400x400.png\" alt=\"\" width=\"400\" height=\"400\" srcset=\"https:\/\/wp.ufpel.edu.br\/saif\/files\/2024\/12\/1-400x400.png 400w, https:\/\/wp.ufpel.edu.br\/saif\/files\/2024\/12\/1-1024x1024.png 1024w, https:\/\/wp.ufpel.edu.br\/saif\/files\/2024\/12\/1-200x200.png 200w, https:\/\/wp.ufpel.edu.br\/saif\/files\/2024\/12\/1-768x768.png 768w, https:\/\/wp.ufpel.edu.br\/saif\/files\/2024\/12\/1.png 1080w\" sizes=\"auto, (max-width: 400px) 85vw, 400px\" \/><\/h3>\n<h3><img loading=\"lazy\" decoding=\"async\" class=\"alignnone size-medium wp-image-724\" src=\"https:\/\/wp.ufpel.edu.br\/saif\/files\/2024\/12\/2-400x400.png\" alt=\"\" width=\"400\" height=\"400\" srcset=\"https:\/\/wp.ufpel.edu.br\/saif\/files\/2024\/12\/2-400x400.png 400w, https:\/\/wp.ufpel.edu.br\/saif\/files\/2024\/12\/2-1024x1024.png 1024w, https:\/\/wp.ufpel.edu.br\/saif\/files\/2024\/12\/2-200x200.png 200w, https:\/\/wp.ufpel.edu.br\/saif\/files\/2024\/12\/2-768x768.png 768w, https:\/\/wp.ufpel.edu.br\/saif\/files\/2024\/12\/2.png 1080w\" sizes=\"auto, (max-width: 400px) 85vw, 400px\" \/><\/h3>\n<h3><img loading=\"lazy\" decoding=\"async\" class=\"alignnone size-medium wp-image-725\" src=\"https:\/\/wp.ufpel.edu.br\/saif\/files\/2024\/12\/3-400x400.png\" alt=\"\" width=\"400\" height=\"400\" srcset=\"https:\/\/wp.ufpel.edu.br\/saif\/files\/2024\/12\/3-400x400.png 400w, https:\/\/wp.ufpel.edu.br\/saif\/files\/2024\/12\/3-1024x1024.png 1024w, https:\/\/wp.ufpel.edu.br\/saif\/files\/2024\/12\/3-200x200.png 200w, https:\/\/wp.ufpel.edu.br\/saif\/files\/2024\/12\/3-768x768.png 768w, https:\/\/wp.ufpel.edu.br\/saif\/files\/2024\/12\/3.png 1080w\" sizes=\"auto, (max-width: 400px) 85vw, 400px\" \/><\/h3>\n<h3>Tarde:<\/h3>\n<p><img loading=\"lazy\" decoding=\"async\" class=\"alignnone size-medium wp-image-693\" src=\"https:\/\/wp.ufpel.edu.br\/saif\/files\/2024\/11\/1-4-400x400.png\" alt=\"\" width=\"400\" height=\"400\" srcset=\"https:\/\/wp.ufpel.edu.br\/saif\/files\/2024\/11\/1-4-400x400.png 400w, https:\/\/wp.ufpel.edu.br\/saif\/files\/2024\/11\/1-4-1024x1024.png 1024w, https:\/\/wp.ufpel.edu.br\/saif\/files\/2024\/11\/1-4-200x200.png 200w, https:\/\/wp.ufpel.edu.br\/saif\/files\/2024\/11\/1-4-768x768.png 768w, https:\/\/wp.ufpel.edu.br\/saif\/files\/2024\/11\/1-4.png 1080w\" sizes=\"auto, (max-width: 400px) 85vw, 400px\" \/><\/p>\n<p><img loading=\"lazy\" decoding=\"async\" class=\"alignnone size-medium wp-image-694\" src=\"https:\/\/wp.ufpel.edu.br\/saif\/files\/2024\/11\/2-4-400x400.png\" alt=\"\" width=\"400\" height=\"400\" srcset=\"https:\/\/wp.ufpel.edu.br\/saif\/files\/2024\/11\/2-4-400x400.png 400w, https:\/\/wp.ufpel.edu.br\/saif\/files\/2024\/11\/2-4-1024x1024.png 1024w, https:\/\/wp.ufpel.edu.br\/saif\/files\/2024\/11\/2-4-200x200.png 200w, https:\/\/wp.ufpel.edu.br\/saif\/files\/2024\/11\/2-4-768x768.png 768w, https:\/\/wp.ufpel.edu.br\/saif\/files\/2024\/11\/2-4.png 1080w\" sizes=\"auto, (max-width: 400px) 85vw, 400px\" \/><\/p>\n<h3>Noite:<\/h3>\n<p><img loading=\"lazy\" decoding=\"async\" class=\"alignnone size-medium wp-image-682\" src=\"https:\/\/wp.ufpel.edu.br\/saif\/files\/2024\/11\/2-2-400x400.png\" alt=\"\" width=\"400\" height=\"400\" srcset=\"https:\/\/wp.ufpel.edu.br\/saif\/files\/2024\/11\/2-2-400x400.png 400w, https:\/\/wp.ufpel.edu.br\/saif\/files\/2024\/11\/2-2-1024x1024.png 1024w, https:\/\/wp.ufpel.edu.br\/saif\/files\/2024\/11\/2-2-200x200.png 200w, https:\/\/wp.ufpel.edu.br\/saif\/files\/2024\/11\/2-2-768x768.png 768w, https:\/\/wp.ufpel.edu.br\/saif\/files\/2024\/11\/2-2.png 1080w\" sizes=\"auto, (max-width: 400px) 85vw, 400px\" \/><\/p>\n","protected":false},"excerpt":{"rendered":"<p>Manh\u00e3: Tarde: Noite:<\/p>\n","protected":false},"author":1391,"featured_media":0,"parent":0,"menu_order":0,"comment_status":"closed","ping_status":"closed","template":"","meta":{"footnotes":""},"class_list":["post-567","page","type-page","status-publish","hentry"],"jetpack_sharing_enabled":true,"_links":{"self":[{"href":"https:\/\/wp.ufpel.edu.br\/saif\/wp-json\/wp\/v2\/pages\/567","targetHints":{"allow":["GET"]}}],"collection":[{"href":"https:\/\/wp.ufpel.edu.br\/saif\/wp-json\/wp\/v2\/pages"}],"about":[{"href":"https:\/\/wp.ufpel.edu.br\/saif\/wp-json\/wp\/v2\/types\/page"}],"author":[{"embeddable":true,"href":"https:\/\/wp.ufpel.edu.br\/saif\/wp-json\/wp\/v2\/users\/1391"}],"replies":[{"embeddable":true,"href":"https:\/\/wp.ufpel.edu.br\/saif\/wp-json\/wp\/v2\/comments?post=567"}],"version-history":[{"count":6,"href":"https:\/\/wp.ufpel.edu.br\/saif\/wp-json\/wp\/v2\/pages\/567\/revisions"}],"predecessor-version":[{"id":726,"href":"https:\/\/wp.ufpel.edu.br\/saif\/wp-json\/wp\/v2\/pages\/567\/revisions\/726"}],"wp:attachment":[{"href":"https:\/\/wp.ufpel.edu.br\/saif\/wp-json\/wp\/v2\/media?parent=567"}],"curies":[{"name":"wp","href":"https:\/\/api.w.org\/{rel}","templated":true}]}}