{"id":554,"date":"2024-08-28T20:03:07","date_gmt":"2024-08-28T23:03:07","guid":{"rendered":"https:\/\/wp.ufpel.edu.br\/saif\/?page_id=554"},"modified":"2025-11-11T18:34:50","modified_gmt":"2025-11-11T21:34:50","slug":"formulario-de-inscricoes","status":"publish","type":"page","link":"https:\/\/wp.ufpel.edu.br\/saif\/formulario-de-inscricoes\/","title":{"rendered":"Formul\u00e1rio de Inscri\u00e7\u00f5es"},"content":{"rendered":"<h3>As inscri\u00e7\u00f5es (ouvinte e apresentador) ser\u00e3o realizadas por meio do formul\u00e1rio abaixo at\u00e9 dia 1\/12\/25:<\/h3>\n<blockquote><p><span style=\"font-size: 18pt;\"><strong><a href=\"https:\/\/forms.gle\/bctynuWr7BgfyuDu8\">https:\/\/forms.gle\/bctynuWr7BgfyuDu8<\/a><\/strong><\/span><\/p><\/blockquote>\n","protected":false},"excerpt":{"rendered":"<p>As inscri\u00e7\u00f5es (ouvinte e apresentador) ser\u00e3o realizadas por meio do formul\u00e1rio abaixo at\u00e9 dia 1\/12\/25: https:\/\/forms.gle\/bctynuWr7BgfyuDu8<\/p>\n","protected":false},"author":1391,"featured_media":0,"parent":0,"menu_order":0,"comment_status":"closed","ping_status":"closed","template":"","meta":{"footnotes":""},"class_list":["post-554","page","type-page","status-publish","hentry"],"jetpack_sharing_enabled":true,"_links":{"self":[{"href":"https:\/\/wp.ufpel.edu.br\/saif\/wp-json\/wp\/v2\/pages\/554","targetHints":{"allow":["GET"]}}],"collection":[{"href":"https:\/\/wp.ufpel.edu.br\/saif\/wp-json\/wp\/v2\/pages"}],"about":[{"href":"https:\/\/wp.ufpel.edu.br\/saif\/wp-json\/wp\/v2\/types\/page"}],"author":[{"embeddable":true,"href":"https:\/\/wp.ufpel.edu.br\/saif\/wp-json\/wp\/v2\/users\/1391"}],"replies":[{"embeddable":true,"href":"https:\/\/wp.ufpel.edu.br\/saif\/wp-json\/wp\/v2\/comments?post=554"}],"version-history":[{"count":5,"href":"https:\/\/wp.ufpel.edu.br\/saif\/wp-json\/wp\/v2\/pages\/554\/revisions"}],"predecessor-version":[{"id":969,"href":"https:\/\/wp.ufpel.edu.br\/saif\/wp-json\/wp\/v2\/pages\/554\/revisions\/969"}],"wp:attachment":[{"href":"https:\/\/wp.ufpel.edu.br\/saif\/wp-json\/wp\/v2\/media?parent=554"}],"curies":[{"name":"wp","href":"https:\/\/api.w.org\/{rel}","templated":true}]}}