{"id":442,"date":"2024-07-05T17:20:08","date_gmt":"2024-07-05T20:20:08","guid":{"rendered":"https:\/\/wp.ufpel.edu.br\/saif\/?page_id=442"},"modified":"2025-12-07T21:19:27","modified_gmt":"2025-12-08T00:19:27","slug":"iii-semana-academica-integrada-da-filosofia","status":"publish","type":"page","link":"https:\/\/wp.ufpel.edu.br\/saif\/","title":{"rendered":"V Semana Acad\u00eamica Integrada da Filosofia"},"content":{"rendered":"<h3 style=\"text-align: justify;\">A V Semana Acad\u00eamica Integrada do Departamento de Filosofia da Universidade Federal de Pelotas ser\u00e1 realizada no per\u00edodo de 8 a 12 de dezembro de 2025, no Instituto de Filosofia, Sociologia e Pol\u00edtica (IFISP), Campus das Ci\u00eancias Humanas e Sociais <a href=\"https:\/\/share.google\/jbmh3PCfNw3I7gscy\">(CCHS)<\/a>, localizado na Rua Coronel Alberto Rosa, n. 154, em Pelotas\/RS.<\/h3>\n<p style=\"text-align: justify;\">O evento reunir\u00e1 diversos conferencistas e pesquisadores da UFPel e de outras universidades, al\u00e9m de docentes, discentes e representantes de movimentos sociais, promovendo reflex\u00f5es e di\u00e1logos sobre temas contempor\u00e2neos e diferentes campos da investiga\u00e7\u00e3o filos\u00f3fica.<\/p>\n<p style=\"text-align: justify;\">A programa\u00e7\u00e3o contar\u00e1 com confer\u00eancias, mesas-redondas, comunica\u00e7\u00f5es, oficinas e minicursos, proporcionando um espa\u00e7o plural de trocas acad\u00eamicas e experi\u00eancias formativas para toda a comunidade.<\/p>\n<p style=\"text-align: justify;\">Ser\u00e3o aceitas propostas em todas as \u00e1reas de interesse filos\u00f3fico e em temas que dialoguem com o escopo do evento. O prazo para envio de propostas de apresenta\u00e7\u00e3o de comunica\u00e7\u00f5es e atividades ser\u00e1 divulgado em breve nas redes oficiais do evento, juntamente com as normas e diretrizes.<\/p>\n","protected":false},"excerpt":{"rendered":"<p>A V Semana Acad\u00eamica Integrada do Departamento de Filosofia da Universidade Federal de Pelotas ser\u00e1 realizada no per\u00edodo de 8 a 12 de dezembro de 2025, no Instituto de Filosofia, Sociologia e Pol\u00edtica (IFISP), Campus das Ci\u00eancias Humanas e Sociais (CCHS), localizado na Rua Coronel Alberto Rosa, n. 154, em Pelotas\/RS. O evento reunir\u00e1 diversos &hellip; <a href=\"https:\/\/wp.ufpel.edu.br\/saif\/\" class=\"more-link\">Continue lendo<span class=\"screen-reader-text\"> &#8220;V Semana Acad\u00eamica Integrada da Filosofia&#8221;<\/span><\/a><\/p>\n","protected":false},"author":1247,"featured_media":0,"parent":0,"menu_order":0,"comment_status":"closed","ping_status":"closed","template":"","meta":{"footnotes":""},"class_list":["post-442","page","type-page","status-publish","hentry"],"jetpack_sharing_enabled":true,"_links":{"self":[{"href":"https:\/\/wp.ufpel.edu.br\/saif\/wp-json\/wp\/v2\/pages\/442","targetHints":{"allow":["GET"]}}],"collection":[{"href":"https:\/\/wp.ufpel.edu.br\/saif\/wp-json\/wp\/v2\/pages"}],"about":[{"href":"https:\/\/wp.ufpel.edu.br\/saif\/wp-json\/wp\/v2\/types\/page"}],"author":[{"embeddable":true,"href":"https:\/\/wp.ufpel.edu.br\/saif\/wp-json\/wp\/v2\/users\/1247"}],"replies":[{"embeddable":true,"href":"https:\/\/wp.ufpel.edu.br\/saif\/wp-json\/wp\/v2\/comments?post=442"}],"version-history":[{"count":5,"href":"https:\/\/wp.ufpel.edu.br\/saif\/wp-json\/wp\/v2\/pages\/442\/revisions"}],"predecessor-version":[{"id":1072,"href":"https:\/\/wp.ufpel.edu.br\/saif\/wp-json\/wp\/v2\/pages\/442\/revisions\/1072"}],"wp:attachment":[{"href":"https:\/\/wp.ufpel.edu.br\/saif\/wp-json\/wp\/v2\/media?parent=442"}],"curies":[{"name":"wp","href":"https:\/\/api.w.org\/{rel}","templated":true}]}}