{"id":407,"date":"2024-07-05T16:28:49","date_gmt":"2024-07-05T19:28:49","guid":{"rendered":"https:\/\/wp.ufpel.edu.br\/saif\/?page_id=407"},"modified":"2024-07-05T16:50:12","modified_gmt":"2024-07-05T19:50:12","slug":"normas-editoriais-iii-saif","status":"publish","type":"page","link":"https:\/\/wp.ufpel.edu.br\/saif\/normas-editoriais-iii-saif\/","title":{"rendered":"Normas Editoriais III Saif"},"content":{"rendered":"<h2 style=\"text-align: center;\"><b>III SEMANA ACAD\u00caMICA INTEGRADA DO DEPARTAMENTO DE FILOSOFIA DA UNIVERSIDADE FEDERAL DE PELOTAS<\/b><\/h2>\n<p style=\"font-weight: 400; text-align: center;\"><b>\u201c<\/b><b>G\u00eaneros, sexualidades e direitos humanos\u201d<\/b><\/p>\n<p>&nbsp;<\/p>\n<p style=\"font-weight: 400;\"><b>Normas de Formata\u00e7\u00e3o de Textos:<\/b><b><\/b><\/p>\n<ul>\n<li aria-level=\"1\">\n<h2><b>FONTES<\/b><\/h2>\n<\/li>\n<\/ul>\n<ol style=\"font-weight: 400;\">\n<li style=\"list-style-type: none;\">\n<ol style=\"font-weight: 400;\">\n<li style=\"list-style-type: none;\">\n<ol>\n<li aria-level=\"2\">TIPO DA FONTE: o arquivo deve ser formatado em <b>Arial Narrow <\/b>(t\u00edtulos, se\u00e7\u00f5es, corpo do texto, notas de rodap\u00e9, n\u00famero de p\u00e1ginas, refer\u00eancias, etc.).<\/li>\n<li aria-level=\"2\">TAMANHO DA FONTE: (a) os t\u00edtulos dos cap\u00edtulos devem ter o tamanho de fonte 18 e em Negrito; (b) os subt\u00edtulos ou se\u00e7\u00f5es devem ter o tamanho de fonte 12 e em negrito; (c) o corpo do texto e as refer\u00eancias devem ter o tamanho de fonte 11; (d) as cita\u00e7\u00f5es destacadas devem ter o tamanho de fonte 10; (e) os n\u00fameros de p\u00e1ginas devem ter o tamanho de fonte 10.<\/li>\n<\/ol>\n<\/li>\n<\/ol>\n<\/li>\n<\/ol>\n<ul>\n<li aria-level=\"1\">\n<h2><b>CONFIGURA\u00c7\u00c3O DAS P\u00c1GINAS<\/b><\/h2>\n<\/li>\n<\/ul>\n<ol style=\"font-weight: 400;\">\n<li style=\"list-style-type: none;\">\n<ol style=\"font-weight: 400;\">\n<li style=\"list-style-type: none;\">\n<ol>\n<li aria-level=\"2\">ORIENTA\u00c7\u00c3O: retrato.<\/li>\n<li aria-level=\"2\">TAMANHO DO PAPEL: A5 (14,8 cm x 21 cm).<\/li>\n<li aria-level=\"2\">MARGENS (cm): parte superior 2.5; parte inferior 2.5; esquerda 1; direita 1.<\/li>\n<\/ol>\n<\/li>\n<\/ol>\n<\/li>\n<\/ol>\n<ul>\n<li aria-level=\"1\">\n<h2><b>NUMERA\u00c7\u00c3O DAS P\u00c1GINAS<\/b><\/h2>\n<\/li>\n<\/ul>\n<ol style=\"font-weight: 400;\">\n<li style=\"list-style-type: none;\">\n<ol style=\"font-weight: 400;\">\n<li style=\"list-style-type: none;\">\n<ol>\n<li aria-level=\"2\">P\u00c1GINAS SEM NUMERA\u00c7\u00c3O APARENTE: p\u00e1gina inicial de cada cap\u00edtulo.<\/li>\n<li aria-level=\"2\">P\u00c1GINAS COM NUMERA\u00c7\u00c3O APARENTE: todas as demais p\u00e1ginas do arquivo.<\/li>\n<li aria-level=\"2\">N\u00daMERO INICIAL PARA A PAGINA\u00c7\u00c3O: <b>o arquivo deve iniciar necessariamente na p\u00e1gina 8<\/b>, pois depois ser\u00e3o inclu\u00eddos no arquivo a capa e os elementos pr\u00e9-textuais.<\/li>\n<li aria-level=\"2\">POSI\u00c7\u00c3O DA NUMERA\u00c7\u00c3O DE P\u00c1GINAS: canto inferior (rodap\u00e9) direito.<\/li>\n<\/ol>\n<\/li>\n<\/ol>\n<\/li>\n<\/ol>\n<ul>\n<li aria-level=\"1\">\n<h2><b>ESPA\u00c7AMENTOS<\/b><\/h2>\n<\/li>\n<\/ul>\n<ol style=\"font-weight: 400;\">\n<li style=\"list-style-type: none;\">\n<ol style=\"font-weight: 400;\">\n<li style=\"list-style-type: none;\">\n<ol>\n<li aria-level=\"2\">T\u00cdTULOS: os t\u00edtulos devem estar centralizados e sem espa\u00e7amento entre linhas quando o t\u00edtulo tiver mais de uma linha; entre o t\u00edtulo principal e o t\u00edtulo da se\u00e7\u00e3o (quando houver) deve-se incluir dois espa\u00e7os.<\/li>\n<li aria-level=\"2\">SE\u00c7\u00d5ES: entre os t\u00edtulos das se\u00e7\u00f5es e o corpo do texto deve-se incluir um espa\u00e7o (incluindo o t\u00edtulo da se\u00e7\u00e3o Refer\u00eancias).. Todas as se\u00e7\u00f5es devem ser alinhadas \u00e0 esquerda.<\/li>\n<li aria-level=\"2\">CORPO DO TEXTO: o espa\u00e7amento entre linhas no corpo do texto \u00e9 simples (n\u00e3o h\u00e1 espa\u00e7amento), mas entre o corpo do texto e as cita\u00e7\u00f5es destacadas \u00e9 necess\u00e1rio incluir um espa\u00e7o antes e outro depois.<\/li>\n<li aria-level=\"2\">REFER\u00caNCIAS: o espa\u00e7amento entre as obras que ir\u00e3o aparecer nas refer\u00eancias \u00e9 simples (n\u00e3o h\u00e1 espa\u00e7amento entre linhas).<\/li>\n<\/ol>\n<\/li>\n<\/ol>\n<\/li>\n<\/ol>\n<ul>\n<li aria-level=\"1\">\n<h2><b>DESLOCAMENTOS<\/b><\/h2>\n<\/li>\n<\/ul>\n<ol style=\"font-weight: 400;\">\n<li style=\"list-style-type: none;\">\n<ol style=\"font-weight: 400;\">\n<li style=\"list-style-type: none;\">\n<ol>\n<li aria-level=\"2\">CORPO DO TEXTO: os novos par\u00e1grafos que n\u00e3o s\u00e3o precedidos por cita\u00e7\u00f5es destacadas devem contar um deslocamento de 1,25 na linha inicial; os novos par\u00e1grafos que s\u00e3o precedidos por cita\u00e7\u00f5es destacadas n\u00e3o possuem deslocamento algum na primeira linha.<\/li>\n<li aria-level=\"2\">CITA\u00c7\u00d5ES DESTACADAS: todas as cita\u00e7\u00f5es destacadas devem seguir o mesmo padr\u00e3o! O destacamento \u00e9 de 5 e o alinhamento \u00e9 justificado e sem deslocamento adicional na primeira linha.<\/li>\n<li aria-level=\"2\">REFER\u00caNCIAS: as refer\u00eancias devem ser inclu\u00eddas no final de cada cap\u00edtulo com o t\u00edtulo de se\u00e7\u00e3o \u201cRefer\u00eancias\u201d e em negrito com tamanho de fonte 12; o deslocamento das linhas \u00e9 0.5 de recuo na primeira linha e 1 de margem esquerda.<\/li>\n<\/ol>\n<\/li>\n<\/ol>\n<\/li>\n<\/ol>\n<ul>\n<li aria-level=\"1\">\n<h2><b>ALINHAMENTOS<\/b><\/h2>\n<\/li>\n<\/ul>\n<ol style=\"font-weight: 400;\">\n<li style=\"list-style-type: none;\">\n<ol style=\"font-weight: 400;\">\n<li style=\"list-style-type: none;\">\n<ol>\n<li aria-level=\"2\">apenas os t\u00edtulos principais de cada cap\u00edtulo devem ser centralizados! Os t\u00edtulos das se\u00e7\u00f5es devem estar alinhados \u00e0 esquerda e todos os demais elementos textuais devem ter o alinhamento \u201cJustificado\u201d.<\/li>\n<\/ol>\n<\/li>\n<\/ol>\n<\/li>\n<\/ol>\n<ul>\n<li aria-level=\"1\">\n<h2><b>INFORMA\u00c7\u00d5ES GERAIS<\/b><\/h2>\n<\/li>\n<\/ul>\n<ol style=\"font-weight: 400;\">\n<li style=\"list-style-type: none;\">\n<ol>\n<li aria-level=\"2\">Todos os arquivos devem levar em considera\u00e7\u00e3o as normas acima mencionadas, pois ser\u00e3o submetidos \u00e0 an\u00e1lise t\u00e9cnica e ser\u00e3o devolvidos aos organizadores para que sejam revisados quando houver discrep\u00e2ncias em rela\u00e7\u00e3o \u00e0s normas.<\/li>\n<li aria-level=\"2\">Todos os arquivos devem ser enviados para o e-mail:3saifilosofia@gmail.com, no formato PDF (n\u00e3o ser\u00e3o aceitos arquivos edit\u00e1veis).<\/li>\n<li aria-level=\"2\">A partir de agora, todos os arquivos que forem enviados e n\u00e3o possu\u00edrem erros de diagrama\u00e7\u00e3o (forem aprovados na an\u00e1lise t\u00e9cnica) ser\u00e3o publicados a partir de 1 de Junho de 2024 . Caso o arquivo n\u00e3o seja aprovado na an\u00e1lise t\u00e9cnica, ele voltar\u00e1 para a fila e quando os problemas forem sanados e o arquivo reenviado come\u00e7aremos a recontar o tempo para a publica\u00e7\u00e3o.<\/li>\n<li aria-level=\"2\">Todos os arquivos devem contar com um sum\u00e1rio (eu costumo criar uma tabela com duas colunas &#8211; uma para t\u00edtulos e nomes de autores\/tradutores e outra para a numera\u00e7\u00e3o que ficar\u00e1 alinhada ao t\u00edtulo). Depois \u00e9 preciso remover a cor das linhas e colunas. O sum\u00e1rio deve ser a primeira p\u00e1gina do arquivo.<\/li>\n<li aria-level=\"2\">Todos os arquivos devem vir com as informa\u00e7\u00f5es dos autores e tradutores conforme os padr\u00f5es de diagrama\u00e7\u00e3o j\u00e1 mencionados.<\/li>\n<li aria-level=\"2\">Todos os arquivos devem ser enviados com uma sugest\u00e3o de imagem de capa (wikicommons) e com as refer\u00eancias da obra a ser utilizada. \u00c9 importante manter o padr\u00e3o de imagens da s\u00e9rie.<\/li>\n<li aria-level=\"2\">Nosso objetivo \u00e9 o de que o arquivo seja enviado pronto para a publica\u00e7\u00e3o, cabendo aos editores a elabora\u00e7\u00e3o dos elementos pr\u00e9-textuais, a composi\u00e7\u00e3o da capa e a atribui\u00e7\u00e3o de metadados para os ISBNs.<\/li>\n<li aria-level=\"2\">Todos os arquivos devem ser cuidadosamente revisados (incluindo aqueles j\u00e1 enviados) para que sejam publicados com agilidade.<\/li>\n<\/ol>\n<\/li>\n<\/ol>\n<p style=\"font-weight: 400;\"><b>Qualquer<\/b> <b>outra<\/b> <b>d\u00favida<\/b> <b>deve<\/b> <b>ser<\/b> <b>enviada<\/b> <b>para<\/b> <b>o<\/b> <b>e-mail:\u00a0<\/b><a href=\"mailto:3saifilosofia@gmail.com\"><b>3saifilosofia@gmail.com<\/b><\/a><b>\u00a0<\/b><\/p>\n<p style=\"font-weight: 400;\">Contamos com a colabora\u00e7\u00e3o de todos para que o fluxo de publica\u00e7\u00f5es seja continuado dentro de prazos adequados.<\/p>\n<p style=\"font-weight: 400;\">Cordialmente,<\/p>\n<p style=\"font-weight: 400;\">Comiss\u00e3o Organizadora.<\/p>\n","protected":false},"excerpt":{"rendered":"<p>III SEMANA ACAD\u00caMICA INTEGRADA DO DEPARTAMENTO DE FILOSOFIA DA UNIVERSIDADE FEDERAL DE PELOTAS \u201cG\u00eaneros, sexualidades e direitos humanos\u201d &nbsp; Normas de Formata\u00e7\u00e3o de Textos: FONTES TIPO DA FONTE: o arquivo deve ser formatado em Arial Narrow (t\u00edtulos, se\u00e7\u00f5es, corpo do texto, notas de rodap\u00e9, n\u00famero de p\u00e1ginas, refer\u00eancias, etc.). TAMANHO DA FONTE: (a) os t\u00edtulos &hellip; <a href=\"https:\/\/wp.ufpel.edu.br\/saif\/normas-editoriais-iii-saif\/\" class=\"more-link\">Continue lendo<span class=\"screen-reader-text\"> &#8220;Normas Editoriais III Saif&#8221;<\/span><\/a><\/p>\n","protected":false},"author":1247,"featured_media":0,"parent":0,"menu_order":0,"comment_status":"closed","ping_status":"closed","template":"","meta":{"footnotes":""},"class_list":["post-407","page","type-page","status-publish","hentry"],"jetpack_sharing_enabled":true,"_links":{"self":[{"href":"https:\/\/wp.ufpel.edu.br\/saif\/wp-json\/wp\/v2\/pages\/407","targetHints":{"allow":["GET"]}}],"collection":[{"href":"https:\/\/wp.ufpel.edu.br\/saif\/wp-json\/wp\/v2\/pages"}],"about":[{"href":"https:\/\/wp.ufpel.edu.br\/saif\/wp-json\/wp\/v2\/types\/page"}],"author":[{"embeddable":true,"href":"https:\/\/wp.ufpel.edu.br\/saif\/wp-json\/wp\/v2\/users\/1247"}],"replies":[{"embeddable":true,"href":"https:\/\/wp.ufpel.edu.br\/saif\/wp-json\/wp\/v2\/comments?post=407"}],"version-history":[{"count":3,"href":"https:\/\/wp.ufpel.edu.br\/saif\/wp-json\/wp\/v2\/pages\/407\/revisions"}],"predecessor-version":[{"id":428,"href":"https:\/\/wp.ufpel.edu.br\/saif\/wp-json\/wp\/v2\/pages\/407\/revisions\/428"}],"wp:attachment":[{"href":"https:\/\/wp.ufpel.edu.br\/saif\/wp-json\/wp\/v2\/media?parent=407"}],"curies":[{"name":"wp","href":"https:\/\/api.w.org\/{rel}","templated":true}]}}