{"id":235,"date":"2019-09-04T18:10:45","date_gmt":"2019-09-04T21:10:45","guid":{"rendered":"https:\/\/wp.ufpel.edu.br\/saif\/?page_id=235"},"modified":"2024-07-05T17:11:01","modified_gmt":"2024-07-05T20:11:01","slug":"organizacao-ii-saif","status":"publish","type":"page","link":"https:\/\/wp.ufpel.edu.br\/saif\/organizacao-ii-saif\/","title":{"rendered":"Organiza\u00e7\u00e3o II SAIF"},"content":{"rendered":"<h3 style=\"text-align: center;\"><strong>Comiss\u00e3o Discente de Organiza\u00e7\u00e3o<\/strong><\/h3>\n<p>&nbsp;<\/p>\n<p><a href=\"http:\/\/lattes.cnpq.br\/7088346754423137\" target=\"_blank\" rel=\"noopener noreferrer\">Bruna dos Santos Leite<\/a> (Mestranda) &#8211; Coordena\u00e7\u00e3o-Geral da Organiza\u00e7\u00e3o<\/p>\n<p><a href=\"http:\/\/lattes.cnpq.br\/4026561532040064\" target=\"_blank\" rel=\"noopener noreferrer\">Lucilene Silva Garcia<\/a> (Mestranda) &#8211; Representante Discente<\/p>\n<p>Augusto Martins de Avila (Licenciatura) &#8211; Representante Discente<\/p>\n<p>Patrick de Lima Farias (Bacharelado) &#8211; Representante Discente<\/p>\n<p><a href=\"http:\/\/lattes.cnpq.br\/1494930529875891\" target=\"_blank\" rel=\"noopener noreferrer\">Arlindo Martins Junior<\/a> (Mestrando) &#8211; Coordena\u00e7\u00e3o Oficinas<\/p>\n<p><a href=\"http:\/\/lattes.cnpq.br\/1147085034375505\" target=\"_blank\" rel=\"noopener noreferrer\">David In\u00e1cio Nascimento<\/a> (Doutorando) &#8211; Coordena\u00e7\u00e3o Comunica\u00e7\u00f5es<\/p>\n<p><a href=\"http:\/\/lattes.cnpq.br\/1103592810603982\" target=\"_blank\" rel=\"noopener noreferrer\">William Saraiva Borges<\/a> (Doutorando) &#8211; Coordena\u00e7\u00e3o Minicursos<\/p>\n<p><a href=\"http:\/\/lattes.cnpq.br\/2113698088338985\" target=\"_blank\" rel=\"noopener noreferrer\">Rossana Batista Padilha<\/a> (Doutoranda) &#8211; Coordena\u00e7\u00e3o Equipe de Apoio<\/p>\n<p><a href=\"http:\/\/lattes.cnpq.br\/4772589439962250\" target=\"_blank\" rel=\"noopener noreferrer\">Dirceu Arno K. Junior<\/a> (Doutorando) &#8211; Coordena\u00e7\u00e3o Equipe de Apoio<\/p>\n<p><a href=\"http:\/\/lattes.cnpq.br\/8373603127275109\" target=\"_blank\" rel=\"noopener noreferrer\">Beatr\u00eds da Silva Seus<\/a> (Doutoranda) &#8211; Editora-chefe da Revista Seara Filos\u00f3fica<\/p>\n","protected":false},"excerpt":{"rendered":"<p>Comiss\u00e3o Discente de Organiza\u00e7\u00e3o &nbsp; Bruna dos Santos Leite (Mestranda) &#8211; Coordena\u00e7\u00e3o-Geral da Organiza\u00e7\u00e3o Lucilene Silva Garcia (Mestranda) &#8211; Representante Discente Augusto Martins de Avila (Licenciatura) &#8211; Representante Discente Patrick de Lima Farias (Bacharelado) &#8211; Representante Discente Arlindo Martins Junior (Mestrando) &#8211; Coordena\u00e7\u00e3o Oficinas David In\u00e1cio Nascimento (Doutorando) &#8211; Coordena\u00e7\u00e3o Comunica\u00e7\u00f5es William Saraiva Borges (Doutorando) &hellip; <a href=\"https:\/\/wp.ufpel.edu.br\/saif\/organizacao-ii-saif\/\" class=\"more-link\">Continue lendo<span class=\"screen-reader-text\"> &#8220;Organiza\u00e7\u00e3o II SAIF&#8221;<\/span><\/a><\/p>\n","protected":false},"author":771,"featured_media":0,"parent":0,"menu_order":0,"comment_status":"closed","ping_status":"closed","template":"","meta":{"footnotes":""},"class_list":["post-235","page","type-page","status-publish","hentry"],"jetpack_sharing_enabled":true,"_links":{"self":[{"href":"https:\/\/wp.ufpel.edu.br\/saif\/wp-json\/wp\/v2\/pages\/235","targetHints":{"allow":["GET"]}}],"collection":[{"href":"https:\/\/wp.ufpel.edu.br\/saif\/wp-json\/wp\/v2\/pages"}],"about":[{"href":"https:\/\/wp.ufpel.edu.br\/saif\/wp-json\/wp\/v2\/types\/page"}],"author":[{"embeddable":true,"href":"https:\/\/wp.ufpel.edu.br\/saif\/wp-json\/wp\/v2\/users\/771"}],"replies":[{"embeddable":true,"href":"https:\/\/wp.ufpel.edu.br\/saif\/wp-json\/wp\/v2\/comments?post=235"}],"version-history":[{"count":7,"href":"https:\/\/wp.ufpel.edu.br\/saif\/wp-json\/wp\/v2\/pages\/235\/revisions"}],"predecessor-version":[{"id":434,"href":"https:\/\/wp.ufpel.edu.br\/saif\/wp-json\/wp\/v2\/pages\/235\/revisions\/434"}],"wp:attachment":[{"href":"https:\/\/wp.ufpel.edu.br\/saif\/wp-json\/wp\/v2\/media?parent=235"}],"curies":[{"name":"wp","href":"https:\/\/api.w.org\/{rel}","templated":true}]}}