{"id":215,"date":"2019-09-04T18:03:11","date_gmt":"2019-09-04T21:03:11","guid":{"rendered":"https:\/\/wp.ufpel.edu.br\/saif\/?page_id=215"},"modified":"2019-09-05T17:08:25","modified_gmt":"2019-09-05T20:08:25","slug":"inscricoes","status":"publish","type":"page","link":"https:\/\/wp.ufpel.edu.br\/saif\/inscricoes\/","title":{"rendered":"Inscri\u00e7\u00f5es"},"content":{"rendered":"<p><img loading=\"lazy\" decoding=\"async\" class=\"aligncenter wp-image-304 size-large\" src=\"https:\/\/wp.ufpel.edu.br\/saif\/files\/2019\/09\/INSCRI\u00c7\u00d5ES-1-1024x1024.png\" alt=\"\" width=\"700\" height=\"700\" srcset=\"https:\/\/wp.ufpel.edu.br\/saif\/files\/2019\/09\/INSCRI\u00c7\u00d5ES-1-1024x1024.png 1024w, https:\/\/wp.ufpel.edu.br\/saif\/files\/2019\/09\/INSCRI\u00c7\u00d5ES-1-200x200.png 200w, https:\/\/wp.ufpel.edu.br\/saif\/files\/2019\/09\/INSCRI\u00c7\u00d5ES-1-400x400.png 400w, https:\/\/wp.ufpel.edu.br\/saif\/files\/2019\/09\/INSCRI\u00c7\u00d5ES-1-768x768.png 768w, https:\/\/wp.ufpel.edu.br\/saif\/files\/2019\/09\/INSCRI\u00c7\u00d5ES-1-50x50.png 50w, https:\/\/wp.ufpel.edu.br\/saif\/files\/2019\/09\/INSCRI\u00c7\u00d5ES-1.png 1080w\" sizes=\"auto, (max-width: 700px) 85vw, 700px\" \/><\/p>\n<p>&nbsp;<\/p>\n<h3 style=\"text-align: center\"><a href=\"https:\/\/forms.gle\/wSWg9SxD4phzaHUJA\" target=\"_blank\" rel=\"noopener noreferrer\">INSCRI\u00c7\u00d5ES COMUNICA\u00c7\u00d5ES<\/a><\/h3>\n<h3 style=\"text-align: center\"><a href=\"https:\/\/forms.gle\/gjuRjgHAVwjjxU4g7\" target=\"_blank\" rel=\"noopener noreferrer\">INSCRI\u00c7\u00d5ES MINICURSOS<\/a><\/h3>\n<h3 style=\"text-align: center\"><a href=\"https:\/\/forms.gle\/qPj1jKSZkgNbNT6EA\" target=\"_blank\" rel=\"noopener noreferrer\">INSCRI\u00c7\u00d5ES OFICINAS<\/a><\/h3>\n","protected":false},"excerpt":{"rendered":"<p>&nbsp; INSCRI\u00c7\u00d5ES COMUNICA\u00c7\u00d5ES INSCRI\u00c7\u00d5ES MINICURSOS INSCRI\u00c7\u00d5ES OFICINAS<\/p>\n","protected":false},"author":771,"featured_media":0,"parent":0,"menu_order":0,"comment_status":"closed","ping_status":"closed","template":"","meta":{"footnotes":""},"class_list":["post-215","page","type-page","status-publish","hentry"],"jetpack_sharing_enabled":true,"_links":{"self":[{"href":"https:\/\/wp.ufpel.edu.br\/saif\/wp-json\/wp\/v2\/pages\/215","targetHints":{"allow":["GET"]}}],"collection":[{"href":"https:\/\/wp.ufpel.edu.br\/saif\/wp-json\/wp\/v2\/pages"}],"about":[{"href":"https:\/\/wp.ufpel.edu.br\/saif\/wp-json\/wp\/v2\/types\/page"}],"author":[{"embeddable":true,"href":"https:\/\/wp.ufpel.edu.br\/saif\/wp-json\/wp\/v2\/users\/771"}],"replies":[{"embeddable":true,"href":"https:\/\/wp.ufpel.edu.br\/saif\/wp-json\/wp\/v2\/comments?post=215"}],"version-history":[{"count":4,"href":"https:\/\/wp.ufpel.edu.br\/saif\/wp-json\/wp\/v2\/pages\/215\/revisions"}],"predecessor-version":[{"id":307,"href":"https:\/\/wp.ufpel.edu.br\/saif\/wp-json\/wp\/v2\/pages\/215\/revisions\/307"}],"wp:attachment":[{"href":"https:\/\/wp.ufpel.edu.br\/saif\/wp-json\/wp\/v2\/media?parent=215"}],"curies":[{"name":"wp","href":"https:\/\/api.w.org\/{rel}","templated":true}]}}