{"id":1054,"date":"2025-12-05T00:14:32","date_gmt":"2025-12-05T03:14:32","guid":{"rendered":"https:\/\/wp.ufpel.edu.br\/saif\/?page_id=1054"},"modified":"2025-12-09T14:16:02","modified_gmt":"2025-12-09T17:16:02","slug":"comunicacoes","status":"publish","type":"page","link":"https:\/\/wp.ufpel.edu.br\/saif\/comunicacoes\/","title":{"rendered":"Comunica\u00e7\u00f5es"},"content":{"rendered":"<p><a href=\"https:\/\/wp.ufpel.edu.br\/saif\/files\/2025\/12\/RETIFICADO-V-SAIF_-ORIENTACOES-GERAIS_-SALAS-E-APRESENTACOES.pdf\">[RETIFICADO] V SAIF_ ORIENTA\u00c7\u00d5ES GERAIS_ SALAS E APRESENTA\u00c7\u00d5ES<\/a><\/p>\n<p><a href=\"https:\/\/wp.ufpel.edu.br\/saif\/files\/2025\/12\/COMUNICACOES-DIA_HORA_SALA.pdf\">COMUNICA\u00c7\u00d5ES (DIA_HORA_SALA)<\/a><\/p>\n<p><a href=\"https:\/\/www.canva.com\/design\/DAG7Bvt9Ofw\/1LTuB80N1AuTuW5M6UO6wQ\/edit?utm_content=DAG7Bvt9Ofw&amp;utm_campaign=designshare&amp;utm_medium=link2&amp;utm_source=sharebutton\" target=\"_blank\" rel=\"noopener\">TEMPLATE PARA CARD DE DIVULGA\u00c7\u00c3O<\/a> (Orientamos que fa\u00e7a uma c\u00f3pia do arquivo para proceder a edi\u00e7\u00e3o)<\/p>\n","protected":false},"excerpt":{"rendered":"<p>[RETIFICADO] V SAIF_ ORIENTA\u00c7\u00d5ES GERAIS_ SALAS E APRESENTA\u00c7\u00d5ES COMUNICA\u00c7\u00d5ES (DIA_HORA_SALA) TEMPLATE PARA CARD DE DIVULGA\u00c7\u00c3O (Orientamos que fa\u00e7a uma c\u00f3pia do arquivo para proceder a edi\u00e7\u00e3o)<\/p>\n","protected":false},"author":1529,"featured_media":0,"parent":0,"menu_order":0,"comment_status":"closed","ping_status":"closed","template":"","meta":{"footnotes":""},"class_list":["post-1054","page","type-page","status-publish","hentry"],"jetpack_sharing_enabled":true,"_links":{"self":[{"href":"https:\/\/wp.ufpel.edu.br\/saif\/wp-json\/wp\/v2\/pages\/1054","targetHints":{"allow":["GET"]}}],"collection":[{"href":"https:\/\/wp.ufpel.edu.br\/saif\/wp-json\/wp\/v2\/pages"}],"about":[{"href":"https:\/\/wp.ufpel.edu.br\/saif\/wp-json\/wp\/v2\/types\/page"}],"author":[{"embeddable":true,"href":"https:\/\/wp.ufpel.edu.br\/saif\/wp-json\/wp\/v2\/users\/1529"}],"replies":[{"embeddable":true,"href":"https:\/\/wp.ufpel.edu.br\/saif\/wp-json\/wp\/v2\/comments?post=1054"}],"version-history":[{"count":3,"href":"https:\/\/wp.ufpel.edu.br\/saif\/wp-json\/wp\/v2\/pages\/1054\/revisions"}],"predecessor-version":[{"id":1091,"href":"https:\/\/wp.ufpel.edu.br\/saif\/wp-json\/wp\/v2\/pages\/1054\/revisions\/1091"}],"wp:attachment":[{"href":"https:\/\/wp.ufpel.edu.br\/saif\/wp-json\/wp\/v2\/media?parent=1054"}],"curies":[{"name":"wp","href":"https:\/\/api.w.org\/{rel}","templated":true}]}}