{"id":2,"date":"2018-04-03T07:30:02","date_gmt":"2018-04-03T10:30:02","guid":{"rendered":"https:\/\/wp.ufpel.edu.br\/sageop\/?page_id=2"},"modified":"2019-03-15T11:23:14","modified_gmt":"2019-03-15T14:23:14","slug":"pagina-exemplo","status":"publish","type":"page","link":"https:\/\/wp.ufpel.edu.br\/sageop\/","title":{"rendered":"P\u00e1gina inicial"},"content":{"rendered":"<p>13 \u00e0 17 de Maio de 2019 no Audit\u00f3rio da Reitoria<\/p>\n<p>&nbsp;<\/p>\n<p style=\"text-align: justify\">A semana acad\u00eamica do curso de Geoprocessamento \u00e9 um evento proporcionado por docentes e discentes, no qual h\u00e1 uma semana de palestras e minicursos, relacionados \u00e0s geotecnologias, oferecidos aos alunos, bem como ao p\u00fablico em geral.<\/p>\n<p style=\"text-align: center\">Comiss\u00e3o organizadora:<\/p>\n<p style=\"text-align: center\">Jennifer Melo, Maiara Rutz<\/p>\n","protected":false},"excerpt":{"rendered":"<p>13 \u00e0 17 de Maio de 2019 no Audit\u00f3rio da Reitoria &nbsp; A semana acad\u00eamica do curso de Geoprocessamento \u00e9 um evento proporcionado por docentes e discentes,&hellip; <span class=\"read-more\"><a class=\"more-link\" href=\"https:\/\/wp.ufpel.edu.br\/sageop\/\" rel=\"bookmark\">Leia Mais <span class=\"screen-reader-text\">&#8220;P\u00e1gina inicial&#8221;<\/span><\/a><\/span><\/p>\n","protected":false},"author":169,"featured_media":0,"parent":0,"menu_order":0,"comment_status":"closed","ping_status":"closed","template":"","meta":{"footnotes":""},"class_list":["post-2","page","type-page","status-publish","hentry"],"_links":{"self":[{"href":"https:\/\/wp.ufpel.edu.br\/sageop\/wp-json\/wp\/v2\/pages\/2","targetHints":{"allow":["GET"]}}],"collection":[{"href":"https:\/\/wp.ufpel.edu.br\/sageop\/wp-json\/wp\/v2\/pages"}],"about":[{"href":"https:\/\/wp.ufpel.edu.br\/sageop\/wp-json\/wp\/v2\/types\/page"}],"author":[{"embeddable":true,"href":"https:\/\/wp.ufpel.edu.br\/sageop\/wp-json\/wp\/v2\/users\/169"}],"replies":[{"embeddable":true,"href":"https:\/\/wp.ufpel.edu.br\/sageop\/wp-json\/wp\/v2\/comments?post=2"}],"version-history":[{"count":11,"href":"https:\/\/wp.ufpel.edu.br\/sageop\/wp-json\/wp\/v2\/pages\/2\/revisions"}],"predecessor-version":[{"id":228,"href":"https:\/\/wp.ufpel.edu.br\/sageop\/wp-json\/wp\/v2\/pages\/2\/revisions\/228"}],"wp:attachment":[{"href":"https:\/\/wp.ufpel.edu.br\/sageop\/wp-json\/wp\/v2\/media?parent=2"}],"curies":[{"name":"wp","href":"https:\/\/api.w.org\/{rel}","templated":true}]}}