{"id":2,"date":"2012-03-07T03:14:39","date_gmt":"2012-03-07T06:14:39","guid":{"rendered":"https:\/\/wp.ufpel.edu.br\/safis\/?page_id=2"},"modified":"2014-04-11T00:02:45","modified_gmt":"2014-04-11T03:02:45","slug":"sobre","status":"publish","type":"page","link":"https:\/\/wp.ufpel.edu.br\/safis\/sobre\/","title":{"rendered":"SOBRE"},"content":{"rendered":"<p style=\"text-align: center\"><a href=\"https:\/\/wp.ufpel.edu.br\/safis\/files\/2012\/03\/cabecalho.png\"><img loading=\"lazy\" decoding=\"async\" class=\"aligncenter size-medium wp-image-112\" src=\"https:\/\/wp.ufpel.edu.br\/safis\/files\/2012\/03\/cabecalho-300x61.png\" alt=\"\" width=\"600\" height=\"200\" \/><\/a><\/p>\n<p><strong>O que \u00e9 a Semana Acad\u00eamica da F\u00edsica?<\/strong><\/p>\n<p style=\"text-align: justify\">A XVI Semana Acad\u00eamica do Curso de Licenciatura em F\u00edsica da UFPel acontecer\u00e1 de 21 \u00e1 25 de maio de 2012, no sal\u00e3o nobre da FAEM, campus Cap\u00e3o do Le\u00e3o. A programa\u00e7\u00e3o antecipa a apresenta\u00e7\u00e3o de diversos temas da F\u00edsica, distribu\u00eddos desde a abertura at\u00e9 a confraterniza\u00e7\u00e3o final do evento. Os minicursos, palestras e oficinas ser\u00e3o ministrados por profissionais lotados no Departamento de F\u00edsica, em outros departamentos da Universidade e convidados de outras institui\u00e7\u00f5es.<\/p>\n<p style=\"text-align: justify\">A Semana Acad\u00eamica tem como objetivo divulgar o curso de gradua\u00e7\u00e3o, bem como proporcionar a seus alunos, membros da comunidade acad\u00eamica e demais interessados, conhecimentos pertinentes as \u00e1reas da F\u00edsica e afins. Com dura\u00e7\u00e3o de cinco dias, sendo um reservado para a confraterniza\u00e7\u00e3o, o evento visa promover um espa\u00e7o de discuss\u00f5es e an\u00e1lises sobre quest\u00f5es relacionadas \u00e0 F\u00edsica, permitindo que o p\u00fablico tenha uma forma\u00e7\u00e3o diferenciada nos seus aspectos cient\u00edficos e pedag\u00f3gicos, ampliando a vis\u00e3o dos graduandos sobre as diversas possibilidades de atua\u00e7\u00e3o profissional.<\/p>\n","protected":false},"excerpt":{"rendered":"<p>O que \u00e9 a Semana Acad\u00eamica da F\u00edsica? A XVI Semana Acad\u00eamica do Curso de Licenciatura em F\u00edsica da UFPel acontecer\u00e1 de 21 \u00e1 25 de maio de 2012, no sal\u00e3o nobre da FAEM, campus Cap\u00e3o do Le\u00e3o. A programa\u00e7\u00e3o antecipa a apresenta\u00e7\u00e3o de diversos temas da F\u00edsica, distribu\u00eddos desde a abertura at\u00e9 a confraterniza\u00e7\u00e3o &hellip; <\/p>\n<p><a class=\"more-link btn\" href=\"https:\/\/wp.ufpel.edu.br\/safis\/sobre\/\">Continue lendo<\/a><\/p>\n","protected":false},"author":140,"featured_media":112,"parent":0,"menu_order":0,"comment_status":"closed","ping_status":"closed","template":"","meta":{"jetpack_post_was_ever_published":false,"footnotes":""},"class_list":["post-2","page","type-page","status-publish","has-post-thumbnail","hentry","nodate","item-wrap"],"jetpack_sharing_enabled":true,"jetpack_shortlink":"https:\/\/wp.me\/P6QNXJ-2","_links":{"self":[{"href":"https:\/\/wp.ufpel.edu.br\/safis\/wp-json\/wp\/v2\/pages\/2","targetHints":{"allow":["GET"]}}],"collection":[{"href":"https:\/\/wp.ufpel.edu.br\/safis\/wp-json\/wp\/v2\/pages"}],"about":[{"href":"https:\/\/wp.ufpel.edu.br\/safis\/wp-json\/wp\/v2\/types\/page"}],"author":[{"embeddable":true,"href":"https:\/\/wp.ufpel.edu.br\/safis\/wp-json\/wp\/v2\/users\/140"}],"replies":[{"embeddable":true,"href":"https:\/\/wp.ufpel.edu.br\/safis\/wp-json\/wp\/v2\/comments?post=2"}],"version-history":[{"count":5,"href":"https:\/\/wp.ufpel.edu.br\/safis\/wp-json\/wp\/v2\/pages\/2\/revisions"}],"predecessor-version":[{"id":212,"href":"https:\/\/wp.ufpel.edu.br\/safis\/wp-json\/wp\/v2\/pages\/2\/revisions\/212"}],"wp:featuredmedia":[{"embeddable":true,"href":"https:\/\/wp.ufpel.edu.br\/safis\/wp-json\/wp\/v2\/media\/112"}],"wp:attachment":[{"href":"https:\/\/wp.ufpel.edu.br\/safis\/wp-json\/wp\/v2\/media?parent=2"}],"curies":[{"name":"wp","href":"https:\/\/api.w.org\/{rel}","templated":true}]}}