{"id":12,"date":"2012-03-07T02:10:39","date_gmt":"2012-03-07T05:10:39","guid":{"rendered":"https:\/\/wp.ufpel.edu.br\/safis\/"},"modified":"2014-05-12T09:20:40","modified_gmt":"2014-05-12T12:20:40","slug":"inscritos","status":"publish","type":"page","link":"https:\/\/wp.ufpel.edu.br\/safis\/inscricoes\/inscritos\/","title":{"rendered":"CONFIRA SUA INSCRI\u00c7\u00c3O"},"content":{"rendered":"<p>Seu nome aparecer\u00e1 aqui, assim que sua inscri\u00e7\u00e3o estiver confirmada.<\/p>\n<p>Matheus Souza<\/p>\n<p>Tatiane Manke<\/p>\n<p>D\u00e9rick dos Santos<\/p>\n<p>Gilvana Coelho Penedo<\/p>\n<p>William Zastrow<\/p>\n<p>Milene Ribeiro Bueno<\/p>\n<p>Gabriel Chaves<\/p>\n<p>Gabriel Veronez<\/p>\n<p>T\u00e2ilor Iuri Ferrari<\/p>\n<p>Fl\u00e1via Iohana Ferrari<\/p>\n<p>Karina Vargas<\/p>\n<p>Isadora da Silva Esp\u00edndola<\/p>\n<p>Carina da Souza Teixeira Pera\u00e7a<\/p>\n<p>Amanda Ferraz de Mello<\/p>\n<p>Francine do Couto Lima<\/p>\n<p>Mateus Lorenzon<\/p>\n<p>Caroline Schmechel Schiavon<\/p>\n<p>Lara Ferreira Silveira<\/p>\n","protected":false},"excerpt":{"rendered":"<p>Seu nome aparecer\u00e1 aqui, assim que sua inscri\u00e7\u00e3o estiver confirmada. Matheus Souza Tatiane Manke D\u00e9rick dos Santos Gilvana Coelho Penedo William Zastrow Milene Ribeiro Bueno Gabriel Chaves Gabriel Veronez T\u00e2ilor Iuri Ferrari Fl\u00e1via Iohana Ferrari Karina Vargas Isadora da Silva Esp\u00edndola Carina da Souza Teixeira Pera\u00e7a Amanda Ferraz de Mello Francine do Couto Lima Mateus &hellip; <\/p>\n<p><a class=\"more-link btn\" href=\"https:\/\/wp.ufpel.edu.br\/safis\/inscricoes\/inscritos\/\">Continue lendo<\/a><\/p>\n","protected":false},"author":140,"featured_media":0,"parent":10,"menu_order":0,"comment_status":"closed","ping_status":"closed","template":"","meta":{"jetpack_post_was_ever_published":false,"footnotes":""},"class_list":["post-12","page","type-page","status-publish","hentry","nodate","item-wrap"],"jetpack_sharing_enabled":true,"jetpack_shortlink":"https:\/\/wp.me\/P6QNXJ-c","_links":{"self":[{"href":"https:\/\/wp.ufpel.edu.br\/safis\/wp-json\/wp\/v2\/pages\/12","targetHints":{"allow":["GET"]}}],"collection":[{"href":"https:\/\/wp.ufpel.edu.br\/safis\/wp-json\/wp\/v2\/pages"}],"about":[{"href":"https:\/\/wp.ufpel.edu.br\/safis\/wp-json\/wp\/v2\/types\/page"}],"author":[{"embeddable":true,"href":"https:\/\/wp.ufpel.edu.br\/safis\/wp-json\/wp\/v2\/users\/140"}],"replies":[{"embeddable":true,"href":"https:\/\/wp.ufpel.edu.br\/safis\/wp-json\/wp\/v2\/comments?post=12"}],"version-history":[{"count":17,"href":"https:\/\/wp.ufpel.edu.br\/safis\/wp-json\/wp\/v2\/pages\/12\/revisions"}],"predecessor-version":[{"id":233,"href":"https:\/\/wp.ufpel.edu.br\/safis\/wp-json\/wp\/v2\/pages\/12\/revisions\/233"}],"up":[{"embeddable":true,"href":"https:\/\/wp.ufpel.edu.br\/safis\/wp-json\/wp\/v2\/pages\/10"}],"wp:attachment":[{"href":"https:\/\/wp.ufpel.edu.br\/safis\/wp-json\/wp\/v2\/media?parent=12"}],"curies":[{"name":"wp","href":"https:\/\/api.w.org\/{rel}","templated":true}]}}