{"id":29,"date":"2021-06-15T15:18:07","date_gmt":"2021-06-15T18:18:07","guid":{"rendered":"https:\/\/wp.ufpel.edu.br\/safar\/?page_id=29"},"modified":"2022-03-09T01:25:34","modified_gmt":"2022-03-09T04:25:34","slug":"organizacao","status":"publish","type":"page","link":"https:\/\/wp.ufpel.edu.br\/safar\/organizacao\/","title":{"rendered":"Organiza\u00e7\u00e3o"},"content":{"rendered":"<h2><em>Organiza\u00e7\u00e3o<\/em><\/h2>\n<p style=\"text-align: justify\">O evento foi organizado por alunos da Universidade Federal de Pelotas, sendo uma parceria entre os integrantes do Diret\u00f3rio Acad\u00eamico Cl\u00e1udio Galeno e os acad\u00eamicos do 7\u00b0 semestre do curso de Farm\u00e1cia. Al\u00e9m disso, contamos com a orienta\u00e7\u00e3o do Professor Dr. Jos\u00e9 Mario Barichello. Confira os nomes dos organizadores da VIII Semana Acad\u00eamica da Farm\u00e1cia e I Mostra Acad\u00eamica do Curso de Farm\u00e1cia:<\/p>\n<ul>\n<li><strong>Orientador e Coordenador<\/strong>\n<ul>\n<li>Professor Dr. Jos\u00e9 Mario Barichello &#8211;\u00a0<a href=\"http:\/\/buscatextual.cnpq.br\/buscatextual\/visualizacv.do;jsessionid=EE2F98050A7A345552E98303FDA884F8.buscatextual_0\" target=\"_blank\" rel=\"noopener\">Curr\u00edculo Lattes<\/a><\/li>\n<\/ul>\n<\/li>\n<li><strong>Alunos<\/strong>\n<ul>\n<li>Aline M\u00fcller Dostatni<\/li>\n<li>Andryelle Reis Osvald<\/li>\n<li>Caroline S\u00e1 Britto Griep<\/li>\n<li>Daniela de Bittencourt Maia<\/li>\n<li>Deborah Katharina Martins Rodrigues<\/li>\n<li>Dianer Nornberg Strelow<\/li>\n<li>Evelyn Mianes Besckow<\/li>\n<li>Gustavo D&#8217;Avila Nunes<\/li>\n<li>Jeanifer Teixeira Camacho<\/li>\n<li>Julia da Silva Chaves<\/li>\n<li>J\u00falia K\u00e4ms Gouv\u00eaa<\/li>\n<li>Julia Vicente Biondi<\/li>\n<li>Laura Martins Fr\u00f3es<\/li>\n<li>Let\u00edcia Devantier Kr\u00fcger<\/li>\n<li>Paula Guimar\u00e3es C\u00e9sar<\/li>\n<li>Tacia Katiane Hall<\/li>\n<li>Ta\u00eds da Silva Teixeira Rech<\/li>\n<li>Tayn\u00e1 Amaral Veleda<\/li>\n<li>Thalia Silva Machado<\/li>\n<\/ul>\n<\/li>\n<\/ul>\n<h3 class=\"iw\"><\/h3>\n","protected":false},"excerpt":{"rendered":"<p>Organiza\u00e7\u00e3o O evento foi organizado por alunos da Universidade Federal de Pelotas, sendo uma parceria entre os integrantes do Diret\u00f3rio Acad\u00eamico Cl\u00e1udio Galeno e os acad\u00eamicos do 7\u00b0 semestre do curso de Farm\u00e1cia. Al\u00e9m disso, contamos com a orienta\u00e7\u00e3o do Professor Dr. Jos\u00e9 Mario Barichello. Confira os nomes dos organizadores da VIII Semana Acad\u00eamica da [&hellip;]<\/p>\n","protected":false},"author":1152,"featured_media":0,"parent":0,"menu_order":0,"comment_status":"closed","ping_status":"closed","template":"","meta":{"footnotes":""},"class_list":["post-29","page","type-page","status-publish","hentry"],"_links":{"self":[{"href":"https:\/\/wp.ufpel.edu.br\/safar\/wp-json\/wp\/v2\/pages\/29","targetHints":{"allow":["GET"]}}],"collection":[{"href":"https:\/\/wp.ufpel.edu.br\/safar\/wp-json\/wp\/v2\/pages"}],"about":[{"href":"https:\/\/wp.ufpel.edu.br\/safar\/wp-json\/wp\/v2\/types\/page"}],"author":[{"embeddable":true,"href":"https:\/\/wp.ufpel.edu.br\/safar\/wp-json\/wp\/v2\/users\/1152"}],"replies":[{"embeddable":true,"href":"https:\/\/wp.ufpel.edu.br\/safar\/wp-json\/wp\/v2\/comments?post=29"}],"version-history":[{"count":3,"href":"https:\/\/wp.ufpel.edu.br\/safar\/wp-json\/wp\/v2\/pages\/29\/revisions"}],"predecessor-version":[{"id":88,"href":"https:\/\/wp.ufpel.edu.br\/safar\/wp-json\/wp\/v2\/pages\/29\/revisions\/88"}],"wp:attachment":[{"href":"https:\/\/wp.ufpel.edu.br\/safar\/wp-json\/wp\/v2\/media?parent=29"}],"curies":[{"name":"wp","href":"https:\/\/api.w.org\/{rel}","templated":true}]}}