{"id":56,"date":"2017-02-19T20:16:16","date_gmt":"2017-02-19T23:16:16","guid":{"rendered":"https:\/\/wp.ufpel.edu.br\/sad\/?page_id=56"},"modified":"2017-05-06T11:37:06","modified_gmt":"2017-05-06T14:37:06","slug":"local-do-evento","status":"publish","type":"page","link":"https:\/\/wp.ufpel.edu.br\/sad\/local-do-evento\/","title":{"rendered":"Local do evento"},"content":{"rendered":"<p>O evento ocorrer\u00e1 no audit\u00f3rio da Faculdade de Direito da UFPel.<\/p>\n<p>Endere\u00e7o: Rua F\u00e9lix da Cunha, 363.<\/p>\n<p>A entrada do pr\u00e9dio fica na rua Tr\u00eas de Maio.<\/p>\n","protected":false},"excerpt":{"rendered":"<p>O evento ocorrer\u00e1 no audit\u00f3rio da Faculdade de Direito da UFPel. Endere\u00e7o: Rua F\u00e9lix da Cunha, 363. A entrada do pr\u00e9dio fica na rua Tr\u00eas de Maio.<\/p>\n","protected":false},"author":719,"featured_media":0,"parent":0,"menu_order":0,"comment_status":"closed","ping_status":"closed","template":"","meta":{"footnotes":""},"class_list":["post-56","page","type-page","status-publish","hentry"],"_links":{"self":[{"href":"https:\/\/wp.ufpel.edu.br\/sad\/wp-json\/wp\/v2\/pages\/56","targetHints":{"allow":["GET"]}}],"collection":[{"href":"https:\/\/wp.ufpel.edu.br\/sad\/wp-json\/wp\/v2\/pages"}],"about":[{"href":"https:\/\/wp.ufpel.edu.br\/sad\/wp-json\/wp\/v2\/types\/page"}],"author":[{"embeddable":true,"href":"https:\/\/wp.ufpel.edu.br\/sad\/wp-json\/wp\/v2\/users\/719"}],"replies":[{"embeddable":true,"href":"https:\/\/wp.ufpel.edu.br\/sad\/wp-json\/wp\/v2\/comments?post=56"}],"version-history":[{"count":4,"href":"https:\/\/wp.ufpel.edu.br\/sad\/wp-json\/wp\/v2\/pages\/56\/revisions"}],"predecessor-version":[{"id":166,"href":"https:\/\/wp.ufpel.edu.br\/sad\/wp-json\/wp\/v2\/pages\/56\/revisions\/166"}],"wp:attachment":[{"href":"https:\/\/wp.ufpel.edu.br\/sad\/wp-json\/wp\/v2\/media?parent=56"}],"curies":[{"name":"wp","href":"https:\/\/api.w.org\/{rel}","templated":true}]}}