{"id":41,"date":"2017-02-19T20:15:13","date_gmt":"2017-02-19T23:15:13","guid":{"rendered":"https:\/\/wp.ufpel.edu.br\/sad\/?page_id=41"},"modified":"2017-05-10T07:36:38","modified_gmt":"2017-05-10T10:36:38","slug":"inscricoes","status":"publish","type":"page","link":"https:\/\/wp.ufpel.edu.br\/sad\/inscricoes\/","title":{"rendered":"Inscri\u00e7\u00f5es"},"content":{"rendered":"<p>As inscri\u00e7\u00f5es no I Simp\u00f3sio sobre An\u00e1lise de Discurso s\u00e3o gratuitas (tanto para ouvintes quanto para apresentadores de comunica\u00e7\u00e3o) e podem ser realizadas atrav\u00e9s do preenchimento do formul\u00e1rio abaixo:<\/p>\n<p><a href=\"https:\/\/goo.gl\/8Bf0qO\" target=\"_blank\" rel=\"noopener noreferrer\">goo.gl\/8Bf0qO<\/a><\/p>\n<p>O per\u00edodo de inscri\u00e7\u00e3o se estender\u00e1 do dia 10 at\u00e9 o dia 29 de maio, sendo que ser\u00e1 necess\u00e1rio realizar a confirma\u00e7\u00e3o da inscri\u00e7\u00e3o no dia 30 de maio.\u00a0Os participantes devem enviar um e-mail para ufpelsimposioad@gmail.com confirmando presen\u00e7a no evento.<\/p>\n","protected":false},"excerpt":{"rendered":"<p>As inscri\u00e7\u00f5es no I Simp\u00f3sio sobre An\u00e1lise de Discurso s\u00e3o gratuitas (tanto para ouvintes quanto para apresentadores de comunica\u00e7\u00e3o) e podem ser realizadas atrav\u00e9s do preenchimento do formul\u00e1rio abaixo: goo.gl\/8Bf0qO O per\u00edodo de inscri\u00e7\u00e3o se estender\u00e1 do dia 10 at\u00e9 o dia 29 de maio, sendo que ser\u00e1 necess\u00e1rio realizar a confirma\u00e7\u00e3o da inscri\u00e7\u00e3o no &hellip; <a href=\"https:\/\/wp.ufpel.edu.br\/sad\/inscricoes\/\" class=\"more-link\">Continuar lendo <span class=\"screen-reader-text\">Inscri\u00e7\u00f5es<\/span><\/a><\/p>\n","protected":false},"author":719,"featured_media":0,"parent":0,"menu_order":0,"comment_status":"closed","ping_status":"closed","template":"","meta":{"footnotes":""},"class_list":["post-41","page","type-page","status-publish","hentry"],"_links":{"self":[{"href":"https:\/\/wp.ufpel.edu.br\/sad\/wp-json\/wp\/v2\/pages\/41","targetHints":{"allow":["GET"]}}],"collection":[{"href":"https:\/\/wp.ufpel.edu.br\/sad\/wp-json\/wp\/v2\/pages"}],"about":[{"href":"https:\/\/wp.ufpel.edu.br\/sad\/wp-json\/wp\/v2\/types\/page"}],"author":[{"embeddable":true,"href":"https:\/\/wp.ufpel.edu.br\/sad\/wp-json\/wp\/v2\/users\/719"}],"replies":[{"embeddable":true,"href":"https:\/\/wp.ufpel.edu.br\/sad\/wp-json\/wp\/v2\/comments?post=41"}],"version-history":[{"count":6,"href":"https:\/\/wp.ufpel.edu.br\/sad\/wp-json\/wp\/v2\/pages\/41\/revisions"}],"predecessor-version":[{"id":185,"href":"https:\/\/wp.ufpel.edu.br\/sad\/wp-json\/wp\/v2\/pages\/41\/revisions\/185"}],"wp:attachment":[{"href":"https:\/\/wp.ufpel.edu.br\/sad\/wp-json\/wp\/v2\/media?parent=41"}],"curies":[{"name":"wp","href":"https:\/\/api.w.org\/{rel}","templated":true}]}}