{"id":36,"date":"2017-02-19T20:14:55","date_gmt":"2017-02-19T23:14:55","guid":{"rendered":"https:\/\/wp.ufpel.edu.br\/sad\/?page_id=36"},"modified":"2017-03-21T12:45:36","modified_gmt":"2017-03-21T15:45:36","slug":"datas-importantes","status":"publish","type":"page","link":"https:\/\/wp.ufpel.edu.br\/sad\/datas-importantes\/","title":{"rendered":"Datas importantes"},"content":{"rendered":"<ol>\n<li>Submiss\u00e3o de resumos para apresenta\u00e7\u00e3o de comunica\u00e7\u00e3o: 21\/03\/2017 a 21\/04\/2017<\/li>\n<li>Divulga\u00e7\u00e3o dos resumos aprovados: 05\/05\/2017<\/li>\n<li>Inscri\u00e7\u00e3o de ouvintes: 10\/05\/2017 a 29\/05\/2017<\/li>\n<li>Confirma\u00e7\u00e3o de inscri\u00e7\u00e3o: 30\/05\/2017<\/li>\n<\/ol>\n","protected":false},"excerpt":{"rendered":"<p>Submiss\u00e3o de resumos para apresenta\u00e7\u00e3o de comunica\u00e7\u00e3o: 21\/03\/2017 a 21\/04\/2017 Divulga\u00e7\u00e3o dos resumos aprovados: 05\/05\/2017 Inscri\u00e7\u00e3o de ouvintes: 10\/05\/2017 a 29\/05\/2017 Confirma\u00e7\u00e3o de inscri\u00e7\u00e3o: 30\/05\/2017<\/p>\n","protected":false},"author":719,"featured_media":0,"parent":0,"menu_order":0,"comment_status":"closed","ping_status":"closed","template":"","meta":{"footnotes":""},"class_list":["post-36","page","type-page","status-publish","hentry"],"_links":{"self":[{"href":"https:\/\/wp.ufpel.edu.br\/sad\/wp-json\/wp\/v2\/pages\/36","targetHints":{"allow":["GET"]}}],"collection":[{"href":"https:\/\/wp.ufpel.edu.br\/sad\/wp-json\/wp\/v2\/pages"}],"about":[{"href":"https:\/\/wp.ufpel.edu.br\/sad\/wp-json\/wp\/v2\/types\/page"}],"author":[{"embeddable":true,"href":"https:\/\/wp.ufpel.edu.br\/sad\/wp-json\/wp\/v2\/users\/719"}],"replies":[{"embeddable":true,"href":"https:\/\/wp.ufpel.edu.br\/sad\/wp-json\/wp\/v2\/comments?post=36"}],"version-history":[{"count":3,"href":"https:\/\/wp.ufpel.edu.br\/sad\/wp-json\/wp\/v2\/pages\/36\/revisions"}],"predecessor-version":[{"id":136,"href":"https:\/\/wp.ufpel.edu.br\/sad\/wp-json\/wp\/v2\/pages\/36\/revisions\/136"}],"wp:attachment":[{"href":"https:\/\/wp.ufpel.edu.br\/sad\/wp-json\/wp\/v2\/media?parent=36"}],"curies":[{"name":"wp","href":"https:\/\/api.w.org\/{rel}","templated":true}]}}