{"id":31,"date":"2017-02-19T20:14:36","date_gmt":"2017-02-19T23:14:36","guid":{"rendered":"https:\/\/wp.ufpel.edu.br\/sad\/?page_id=31"},"modified":"2017-03-24T10:59:48","modified_gmt":"2017-03-24T13:59:48","slug":"modalidades-de-participacao","status":"publish","type":"page","link":"https:\/\/wp.ufpel.edu.br\/sad\/modalidades-de-participacao\/","title":{"rendered":"Modalidades de participa\u00e7\u00e3o"},"content":{"rendered":"<p>H\u00e1 duas modalidades de participa\u00e7\u00e3o no I SAD: ouvinte e apresentador de comunica\u00e7\u00e3o.<\/p>\n<p>&nbsp;<\/p>\n<p>1) <u>Ouvinte<\/u>:<\/p>\n<p>No primeiro dia das inscri\u00e7\u00f5es de ouvintes (10 de maio de 2017) ser\u00e1 divulgado o formul\u00e1rio de inscri\u00e7\u00f5es.<\/p>\n<p>As inscri\u00e7\u00f5es dever\u00e3o ser confirmadas\u00a0no dia 30 de maio de 2017.<\/p>\n<p>&nbsp;<\/p>\n<p>2) <u>Apresentador\/a de comunica\u00e7\u00e3o<\/u>:<\/p>\n<p>A apresenta\u00e7\u00e3o de comunica\u00e7\u00e3o destina-se a mestres, doutorandos e doutores.<\/p>\n<p>As apresenta\u00e7\u00f5es ocorrer\u00e3o em duas salas nos dois dias do evento, no hor\u00e1rio das 10h45. Em fun\u00e7\u00e3o disso, ser\u00e3o aceitos 20 resumos para apresenta\u00e7\u00e3o de comunica\u00e7\u00e3o no evento, acontecendo 5 apresenta\u00e7\u00f5es em cada uma das 4 sess\u00f5es de comunica\u00e7\u00e3o. Cada comunica\u00e7\u00e3o ter\u00e1 a dura\u00e7\u00e3o de 15 minutos, sendo reservados 15 minutos de debate no final das sess\u00f5es.<\/p>\n<p>A avalia\u00e7\u00e3o dos resumos ficar\u00e1 a cargo da Comiss\u00e3o Organizadora.<\/p>\n<p>Os resumos das comunica\u00e7\u00f5es dever\u00e3o ser enviados para o e-mail da Organiza\u00e7\u00e3o do evento (<a href=\"mailto:ufpelsimposioad@gmail.com\">ufpelsimposioad@gmail.com<\/a>) at\u00e9 o dia 21\u00a0de abril de 2017. Os aceites ser\u00e3o enviados pela Comiss\u00e3o at\u00e9 o dia 5 de maio de 2017.<\/p>\n<p>Depois de recebido o aceite, a\/o apresentador\/a dever\u00e1 fazer inscri\u00e7\u00e3o em formul\u00e1rio que ser\u00e1 divulgado quando do envio do aceite.<\/p>\n<p>&nbsp;<\/p>\n<p>As normas de submiss\u00e3o de resumo est\u00e3o descritas abaixo:<\/p>\n<p>O resumo dever\u00e1 conter: t\u00edtulo; nome dos\/das pesquisadores; institui\u00e7\u00e3o de origem; e-mail; resumo (200 a 300 palavras); 3 a 5 palavras-chave.<\/p>\n<p>No resumo, dever\u00e3o constar os objetivos do trabalho, a justificativa, os principais pressupostos te\u00f3ricos do trabalho, o corpus de an\u00e1lise (se for o caso) e a an\u00e1lise desenvolvida (se for o caso).<\/p>\n<p>Formata\u00e7\u00e3o: Fonte Times New Roman, tamanho 12, espa\u00e7amento simples.<\/p>\n<p>S\u00f3 receber\u00e3o certificado os autores que apresentarem a comunica\u00e7\u00e3o.<\/p>\n<p><strong>Os trabalhos apresentados poder\u00e3o ser submetidos, na forma de artigo, para publica\u00e7\u00e3o na revista Caderno de Letras (B2), na qual ser\u00e1 publicado Dossi\u00ea Especial sobre An\u00e1lise de Discurso previsto para 2018\/1. Os trabalhos submetidos ser\u00e3o avaliados por pareceristas ad hoc. Somente os textos que cumprirem com os crit\u00e9rios de avalia\u00e7\u00e3o da revista Caderno de Letras ser\u00e3o publicados.<\/strong><\/p>\n","protected":false},"excerpt":{"rendered":"<p>H\u00e1 duas modalidades de participa\u00e7\u00e3o no I SAD: ouvinte e apresentador de comunica\u00e7\u00e3o. &nbsp; 1) Ouvinte: No primeiro dia das inscri\u00e7\u00f5es de ouvintes (10 de maio de 2017) ser\u00e1 divulgado o formul\u00e1rio de inscri\u00e7\u00f5es. As inscri\u00e7\u00f5es dever\u00e3o ser confirmadas\u00a0no dia 30 de maio de 2017. &nbsp; 2) Apresentador\/a de comunica\u00e7\u00e3o: A apresenta\u00e7\u00e3o de comunica\u00e7\u00e3o destina-se &hellip; <a href=\"https:\/\/wp.ufpel.edu.br\/sad\/modalidades-de-participacao\/\" class=\"more-link\">Continuar lendo <span class=\"screen-reader-text\">Modalidades de participa\u00e7\u00e3o<\/span><\/a><\/p>\n","protected":false},"author":719,"featured_media":0,"parent":0,"menu_order":0,"comment_status":"closed","ping_status":"closed","template":"","meta":{"footnotes":""},"class_list":["post-31","page","type-page","status-publish","hentry"],"_links":{"self":[{"href":"https:\/\/wp.ufpel.edu.br\/sad\/wp-json\/wp\/v2\/pages\/31","targetHints":{"allow":["GET"]}}],"collection":[{"href":"https:\/\/wp.ufpel.edu.br\/sad\/wp-json\/wp\/v2\/pages"}],"about":[{"href":"https:\/\/wp.ufpel.edu.br\/sad\/wp-json\/wp\/v2\/types\/page"}],"author":[{"embeddable":true,"href":"https:\/\/wp.ufpel.edu.br\/sad\/wp-json\/wp\/v2\/users\/719"}],"replies":[{"embeddable":true,"href":"https:\/\/wp.ufpel.edu.br\/sad\/wp-json\/wp\/v2\/comments?post=31"}],"version-history":[{"count":9,"href":"https:\/\/wp.ufpel.edu.br\/sad\/wp-json\/wp\/v2\/pages\/31\/revisions"}],"predecessor-version":[{"id":142,"href":"https:\/\/wp.ufpel.edu.br\/sad\/wp-json\/wp\/v2\/pages\/31\/revisions\/142"}],"wp:attachment":[{"href":"https:\/\/wp.ufpel.edu.br\/sad\/wp-json\/wp\/v2\/media?parent=31"}],"curies":[{"name":"wp","href":"https:\/\/api.w.org\/{rel}","templated":true}]}}