{"id":2,"date":"2017-02-13T09:47:22","date_gmt":"2017-02-13T11:47:22","guid":{"rendered":"https:\/\/wp.ufpel.edu.br\/sad\/?page_id=2"},"modified":"2017-02-24T14:53:57","modified_gmt":"2017-02-24T17:53:57","slug":"apresentacao","status":"publish","type":"page","link":"https:\/\/wp.ufpel.edu.br\/sad\/apresentacao\/","title":{"rendered":"Apresenta\u00e7\u00e3o"},"content":{"rendered":"<p>O \u201cI SIMP\u00d3SIO SOBRE AN\u00c1LISE DE DISCURSO: A pesquisa em AD na regi\u00e3o sul\u201d tem o objetivo de proporcionar o estabelecimento de um espa\u00e7o de debate acerca das pesquisas cient\u00edficas envolvendo a An\u00e1lise de Discurso em desenvolvimento na regi\u00e3o de abrang\u00eancia do evento, a saber, o sul do Rio Grande do Sul. Com isso, inauguramos um espa\u00e7o de divulga\u00e7\u00e3o e de contribui\u00e7\u00e3o ampla para as pesquisas em andamento que trabalhem especificamente com o dispositivo te\u00f3rico-anal\u00edtico da An\u00e1lise de Discurso, conforme elaborado pelo fil\u00f3sofo franc\u00eas Michel P\u00eacheux.<\/p>\n<p>O I SAD ocorrer\u00e1 nos dias 1\u00ba e 2 de junho de 2017. O evento est\u00e1 sendo organizado por professoras da UFPel e do IFSul vinculadas ao Laborat\u00f3rio de Estudos em An\u00e1lise de Discurso (LEAD-UCPel).<\/p>\n","protected":false},"excerpt":{"rendered":"<p>O \u201cI SIMP\u00d3SIO SOBRE AN\u00c1LISE DE DISCURSO: A pesquisa em AD na regi\u00e3o sul\u201d tem o objetivo de proporcionar o estabelecimento de um espa\u00e7o de debate acerca das pesquisas cient\u00edficas envolvendo a An\u00e1lise de Discurso em desenvolvimento na regi\u00e3o de abrang\u00eancia do evento, a saber, o sul do Rio Grande do Sul. Com isso, inauguramos &hellip; <a href=\"https:\/\/wp.ufpel.edu.br\/sad\/apresentacao\/\" class=\"more-link\">Continuar lendo <span class=\"screen-reader-text\">Apresenta\u00e7\u00e3o<\/span><\/a><\/p>\n","protected":false},"author":719,"featured_media":0,"parent":0,"menu_order":0,"comment_status":"closed","ping_status":"closed","template":"","meta":{"footnotes":""},"class_list":["post-2","page","type-page","status-publish","hentry"],"_links":{"self":[{"href":"https:\/\/wp.ufpel.edu.br\/sad\/wp-json\/wp\/v2\/pages\/2","targetHints":{"allow":["GET"]}}],"collection":[{"href":"https:\/\/wp.ufpel.edu.br\/sad\/wp-json\/wp\/v2\/pages"}],"about":[{"href":"https:\/\/wp.ufpel.edu.br\/sad\/wp-json\/wp\/v2\/types\/page"}],"author":[{"embeddable":true,"href":"https:\/\/wp.ufpel.edu.br\/sad\/wp-json\/wp\/v2\/users\/719"}],"replies":[{"embeddable":true,"href":"https:\/\/wp.ufpel.edu.br\/sad\/wp-json\/wp\/v2\/comments?post=2"}],"version-history":[{"count":3,"href":"https:\/\/wp.ufpel.edu.br\/sad\/wp-json\/wp\/v2\/pages\/2\/revisions"}],"predecessor-version":[{"id":92,"href":"https:\/\/wp.ufpel.edu.br\/sad\/wp-json\/wp\/v2\/pages\/2\/revisions\/92"}],"wp:attachment":[{"href":"https:\/\/wp.ufpel.edu.br\/sad\/wp-json\/wp\/v2\/media?parent=2"}],"curies":[{"name":"wp","href":"https:\/\/api.w.org\/{rel}","templated":true}]}}