{"id":170,"date":"2017-05-07T17:29:13","date_gmt":"2017-05-07T20:29:13","guid":{"rendered":"https:\/\/wp.ufpel.edu.br\/sad\/?page_id=170"},"modified":"2017-05-07T17:29:13","modified_gmt":"2017-05-07T20:29:13","slug":"caderno-de-resumos","status":"publish","type":"page","link":"https:\/\/wp.ufpel.edu.br\/sad\/caderno-de-resumos\/","title":{"rendered":"Caderno de resumos"},"content":{"rendered":"<p>O ISBN do Caderno de Resumos do I SAD ser\u00e1 informado ap\u00f3s o evento. Os apresentadores receber\u00e3o um e-mail com esta informa\u00e7\u00e3o.<\/p>\n<p>Os resumos das comunica\u00e7\u00f5es apresentadas no I SAD podem ser acessados atrav\u00e9s do link abaixo.<\/p>\n<p><a href=\"https:\/\/wp.ufpel.edu.br\/sad\/files\/2017\/05\/Caderno-de-resumos-I-SAD.pdf\">Caderno de resumos I SAD<\/a><\/p>\n","protected":false},"excerpt":{"rendered":"<p>O ISBN do Caderno de Resumos do I SAD ser\u00e1 informado ap\u00f3s o evento. Os apresentadores receber\u00e3o um e-mail com esta informa\u00e7\u00e3o. Os resumos das comunica\u00e7\u00f5es apresentadas no I SAD podem ser acessados atrav\u00e9s do link abaixo. Caderno de resumos I SAD<\/p>\n","protected":false},"author":719,"featured_media":0,"parent":0,"menu_order":0,"comment_status":"closed","ping_status":"closed","template":"","meta":{"footnotes":""},"class_list":["post-170","page","type-page","status-publish","hentry"],"_links":{"self":[{"href":"https:\/\/wp.ufpel.edu.br\/sad\/wp-json\/wp\/v2\/pages\/170","targetHints":{"allow":["GET"]}}],"collection":[{"href":"https:\/\/wp.ufpel.edu.br\/sad\/wp-json\/wp\/v2\/pages"}],"about":[{"href":"https:\/\/wp.ufpel.edu.br\/sad\/wp-json\/wp\/v2\/types\/page"}],"author":[{"embeddable":true,"href":"https:\/\/wp.ufpel.edu.br\/sad\/wp-json\/wp\/v2\/users\/719"}],"replies":[{"embeddable":true,"href":"https:\/\/wp.ufpel.edu.br\/sad\/wp-json\/wp\/v2\/comments?post=170"}],"version-history":[{"count":1,"href":"https:\/\/wp.ufpel.edu.br\/sad\/wp-json\/wp\/v2\/pages\/170\/revisions"}],"predecessor-version":[{"id":174,"href":"https:\/\/wp.ufpel.edu.br\/sad\/wp-json\/wp\/v2\/pages\/170\/revisions\/174"}],"wp:attachment":[{"href":"https:\/\/wp.ufpel.edu.br\/sad\/wp-json\/wp\/v2\/media?parent=170"}],"curies":[{"name":"wp","href":"https:\/\/api.w.org\/{rel}","templated":true}]}}