{"id":674,"date":"2025-06-23T11:52:58","date_gmt":"2025-06-23T14:52:58","guid":{"rendered":"https:\/\/wp.ufpel.edu.br\/sacsociais\/?page_id=674"},"modified":"2025-06-23T13:23:58","modified_gmt":"2025-06-23T16:23:58","slug":"cronograma-da-semana-academica","status":"publish","type":"page","link":"https:\/\/wp.ufpel.edu.br\/sacsociais\/cronograma-da-semana-academica\/","title":{"rendered":"Cronograma da Semana Acad\u00eamica"},"content":{"rendered":"<h2 style=\"text-align: center;\"><strong>Confira aqui o cronograma completo das atividades ministradas na nossa Semana Acad\u00eamica!<\/strong><\/h2>\n<ul>\n<li>\n<h3><strong>Segunda-feira:<\/strong><\/h3>\n<ul>\n<li>\u00a018h30 \u00e0s 21h30:\u00a0Sess\u00e3o comentada &#8220;Ainda estou aqui&#8221; &#8211; Audit\u00f3rio CEHUS<\/li>\n<\/ul>\n<\/li>\n<\/ul>\n<ul>\n<li>\n<h3><strong>Ter\u00e7a-feira:<\/strong><\/h3>\n<ul>\n<li>14h00 \u00e0s 17h00:\u00a0Minicurso Simplificando Pol\u00edtica &#8211; Sala 205 CCHS<\/li>\n<li>13h30 \u00e0s 18h00: GT Antropologia e Ci\u00eancia Pol\u00edtica &#8211; Sala 204 CCHS<\/li>\n<li>14h00 \u00e0s 17h00: Oficina Transcri\u00e7\u00e3o &#8211; \u00a0Sala C CCHS<\/li>\n<li>19h00 \u00e0s 21h00: Mesa Diversidade no Cotidiano &#8211; Audit\u00f3rio CEHUS<\/li>\n<\/ul>\n<\/li>\n<\/ul>\n<ul>\n<li>\n<h3><strong>Quarta-feira:<\/strong><\/h3>\n<ul>\n<li>13h30 \u00e0s 18h00: GT Ensino de Sociologia &#8211; Sala 204 CCHS<\/li>\n<li>14h00 \u00e0s 17h00: Oficina Transcri\u00e7\u00e3o &#8211; \u00a0Sala C CCHS<\/li>\n<li>14h00 \u00e0s 17h00: Minicurso Economia Solid\u00e1ria &#8211; \u00a0Audit\u00f3rio CEHUS<\/li>\n<li>19h00 \u00e0s 20h00: Mesa Movimento Estudantil &#8211; Audit\u00f3rio CEHUS<\/li>\n<li>20h00 \u00e0s 22h00: Festa Junina &#8211; Largo do Bola<\/li>\n<\/ul>\n<\/li>\n<\/ul>\n<ul>\n<li>\n<h3><strong>Quinta-feira:<\/strong><\/h3>\n<ul>\n<li>13h30 \u00e0s 19h00: GT Sociologia &#8211; Sala 204 CCHS<\/li>\n<li>14h00 \u00e0s 17h00: Minicurso Economia Solid\u00e1ria &#8211; \u00a0Audit\u00f3rio CEHUS<\/li>\n<li>14h00 \u00e0s 17h00: Minicurso Uso de Imagem no Ensino de Sociologia &#8211; \u00a0Sala 205 CCHS<\/li>\n<li>19h00 \u00e0s 21h30: Mesa Encontro com a Escola &#8211; Audit\u00f3rio CEHUS<\/li>\n<\/ul>\n<\/li>\n<\/ul>\n<ul>\n<li>\n<h3><strong>Sexta-feira:<\/strong><\/h3>\n<ul>\n<li>14h00 \u00e0s 17h00: Oficina Metodologia Qualitativa &#8211; \u00a0Sala C CCHS<\/li>\n<li>14h00 \u00e0s 17h00: Minicurso Uso de Imagem no Ensino de Sociologia &#8211; \u00a0Sala 205 CCHS<\/li>\n<li>19h00 \u00e0s 21h30: Mesa Mercado de Trabalho &#8211; Audit\u00f3rio CEHUS<\/li>\n<\/ul>\n<\/li>\n<\/ul>\n<h3><\/h3>\n<p>&nbsp;<\/p>\n<p>&nbsp;<\/p>\n","protected":false},"excerpt":{"rendered":"<p>Confira aqui o cronograma completo das atividades ministradas na nossa Semana Acad\u00eamica! Segunda-feira: \u00a018h30 \u00e0s 21h30:\u00a0Sess\u00e3o comentada &#8220;Ainda estou aqui&#8221; &#8211; Audit\u00f3rio CEHUS Ter\u00e7a-feira: 14h00 \u00e0s 17h00:\u00a0Minicurso Simplificando Pol\u00edtica &#8211; Sala 205 CCHS 13h30 \u00e0s 18h00: GT Antropologia e Ci\u00eancia &hellip; <a href=\"https:\/\/wp.ufpel.edu.br\/sacsociais\/cronograma-da-semana-academica\/\">Continue lendo <span class=\"meta-nav\">&rarr;<\/span><\/a><\/p>\n","protected":false},"author":1430,"featured_media":0,"parent":0,"menu_order":0,"comment_status":"closed","ping_status":"closed","template":"","meta":{"footnotes":""},"class_list":["post-674","page","type-page","status-publish","hentry"],"_links":{"self":[{"href":"https:\/\/wp.ufpel.edu.br\/sacsociais\/wp-json\/wp\/v2\/pages\/674","targetHints":{"allow":["GET"]}}],"collection":[{"href":"https:\/\/wp.ufpel.edu.br\/sacsociais\/wp-json\/wp\/v2\/pages"}],"about":[{"href":"https:\/\/wp.ufpel.edu.br\/sacsociais\/wp-json\/wp\/v2\/types\/page"}],"author":[{"embeddable":true,"href":"https:\/\/wp.ufpel.edu.br\/sacsociais\/wp-json\/wp\/v2\/users\/1430"}],"replies":[{"embeddable":true,"href":"https:\/\/wp.ufpel.edu.br\/sacsociais\/wp-json\/wp\/v2\/comments?post=674"}],"version-history":[{"count":6,"href":"https:\/\/wp.ufpel.edu.br\/sacsociais\/wp-json\/wp\/v2\/pages\/674\/revisions"}],"predecessor-version":[{"id":682,"href":"https:\/\/wp.ufpel.edu.br\/sacsociais\/wp-json\/wp\/v2\/pages\/674\/revisions\/682"}],"wp:attachment":[{"href":"https:\/\/wp.ufpel.edu.br\/sacsociais\/wp-json\/wp\/v2\/media?parent=674"}],"curies":[{"name":"wp","href":"https:\/\/api.w.org\/{rel}","templated":true}]}}